{"id":40555,"date":"2025-01-02T19:20:01","date_gmt":"2025-01-02T17:20:01","guid":{"rendered":"https:\/\/hookahshop.lt\/?post_type=product&#038;p=40555"},"modified":"2026-04-15T12:29:43","modified_gmt":"2026-04-15T09:29:43","slug":"taurele-kaljanui-art-bar-bacha","status":"publish","type":"product","link":"https:\/\/hookahshop.lt\/pl\/produkt\/kubek-do-sziszy-art-bar-bacha\/","title":{"rendered":"Kubek do fajki wodnej ART BAR Bacha"},"content":{"rendered":"<h2>Kubek do fajki wodnej ART BAR Bacha<\/h2>\n<p>Wyr\u00f3\u017cnia si\u0119 wyj\u0105tkowym designem inspirowanym stylem vintage. Charakteryzuje si\u0119 charakterystycznymi, czystymi, ostrymi liniami powierzchni, kt\u00f3re zapewniaj\u0105 zar\u00f3wno styl, jak i funkcjonalno\u015b\u0107. Kszta\u0142t miseczki Bacha nadaje si\u0119 do wszystkich rodzaj\u00f3w tytoniu.<strong> Najlepiej stosowa\u0107 z foli\u0105!<\/strong><br \/>\nNagrzewa si\u0119 r\u00f3wnomiernie, doskonale zatrzymuje ciep\u0142o i jest prawie niemo\u017cliwy do przegrzania.<br \/>\nPojemno\u015b\u0107 tytoniu: 15-18g. (w zale\u017cno\u015bci od zastosowanego sposobu pakowania i rodzaju tytoniu).<\/p>\n<p><strong>Specyfikacja:<\/strong><br \/>\nWysoko\u015b\u0107: 10,5 cm<br \/>\n\u015arednica zewn\u0119trzna: 7 cm<br \/>\n\u015arednica wewn\u0119trzna: 6cm<br \/>\nG\u0142\u0119boko\u015b\u0107: 1,7 cm<br \/>\n\u015arednica otworu: 1cm<br \/>\nLiczba otwor\u00f3w: 4<br \/>\nWaga: ~205g.<\/p>\n<p><strong>Charakterystyka:<\/strong><br \/>\nTyp: klasyczny<br \/>\nMateria\u0142: glina<\/p>\n<p>Czy masz jakie\u015b pytania? Skontaktuj si\u0119 z nami\u00a0<a href=\"https:\/\/hookahshop.lt\/pl\/lacznosc\/\">strona z kontaktami<\/a>\u00a0lub napisz do nas na adres\u00a0<a href=\"https:\/\/facebook.com\/HookahShop.lt\/\" target=\"_blank\" rel=\"noopener\">konto na Facebooku<\/a>\u00a0a my odpowiemy na Twoj\u0105 pro\u015bb\u0119 tego samego dnia.<\/p>","protected":false},"excerpt":{"rendered":"<p>Kubek do fajki wodnej ART BAR Bacha wyr\u00f3\u017cnia si\u0119 wyj\u0105tkowym i inspirowanym stylem vintage designem. Wyr\u00f3\u017cnia si\u0119 wyra\u017anymi, czystymi, ostrymi liniami powierzchni, kt\u00f3re zapewniaj\u0105 zar\u00f3wno styl, jak i funkcjonalno\u015b\u0107. Kszta\u0142t kubka Bacha nadaje si\u0119 do wszystkich rodzaj\u00f3w tytoniu. Najlepiej u\u017cywa\u0107 go z foli\u0105! R\u00f3wnomiernie si\u0119 nagrzewa, bardzo dobrze zatrzymuje ciep\u0142o i prawie niemo\u017cliwe jest przegrzanie. Pojemno\u015b\u0107 tytoniu: 15-18 g. (w zale\u017cno\u015bci od zastosowanej metody pakowania i rodzaju tytoniu [\u2026]<\/p>","protected":false},"featured_media":40688,"comment_status":"open","ping_status":"closed","template":"","meta":[],"_links":{"self":[{"href":"https:\/\/hookahshop.lt\/pl\/wp-json\/wp\/v2\/product\/40555"}],"collection":[{"href":"https:\/\/hookahshop.lt\/pl\/wp-json\/wp\/v2\/product"}],"about":[{"href":"https:\/\/hookahshop.lt\/pl\/wp-json\/wp\/v2\/types\/product"}],"replies":[{"embeddable":true,"href":"https:\/\/hookahshop.lt\/pl\/wp-json\/wp\/v2\/comments?post=40555"}],"version-history":[{"count":6,"href":"https:\/\/hookahshop.lt\/pl\/wp-json\/wp\/v2\/product\/40555\/revisions"}],"predecessor-version":[{"id":43400,"href":"https:\/\/hookahshop.lt\/pl\/wp-json\/wp\/v2\/product\/40555\/revisions\/43400"}],"wp:featuredmedia":[{"embeddable":true,"href":"https:\/\/hookahshop.lt\/pl\/wp-json\/wp\/v2\/media\/40688"}],"wp:attachment":[{"href":"https:\/\/hookahshop.lt\/pl\/wp-json\/wp\/v2\/media?parent=40555"}],"curies":[{"name":"wp","href":"https:\/\/api.w.org\/{rel}","templated":true}]}}