{"id":40572,"date":"2025-01-02T19:29:19","date_gmt":"2025-01-02T17:29:19","guid":{"rendered":"https:\/\/hookahshop.lt\/?post_type=product&#038;p=40572"},"modified":"2026-04-19T23:30:22","modified_gmt":"2026-04-19T20:30:22","slug":"taurele-kaljanui-art-bar-turkish-2","status":"publish","type":"product","link":"https:\/\/hookahshop.lt\/pl\/produkt\/szklana-szisza-art-bar-turecka-2\/","title":{"rendered":"Kubek do fajki wodnej ART BAR Turecki"},"content":{"rendered":"<h2>Kubek do fajki wodnej ART BAR Turecki<\/h2>\n<p>Wyr\u00f3\u017cnia si\u0119 wyj\u0105tkowym designem inspirowanym stylem vintage. Charakteryzuje si\u0119 charakterystycznymi, czystymi, ostrymi liniami powierzchni, kt\u00f3re zapewniaj\u0105 zar\u00f3wno styl, jak i funkcjonalno\u015b\u0107. Kszta\u0142t kubka tureckiego jest odpowiedni dla wszystkich rodzaj\u00f3w tytoniu.<br \/>\nPojemno\u015b\u0107 tytoniu: 15-20g. (w zale\u017cno\u015bci od zastosowanego sposobu pakowania i rodzaju tytoniu).<\/p>\n<p><strong>Specyfikacja:<\/strong><br \/>\nWysoko\u015b\u0107: 9,2 cm<br \/>\n\u015arednica zewn\u0119trzna: 7,3 cm<br \/>\n\u015arednica wewn\u0119trzna: 6,2 cm<br \/>\nG\u0142\u0119boko\u015b\u0107: 2 cm<br \/>\n\u015arednica otworu: 8cm<br \/>\nLiczba otwor\u00f3w: 5<br \/>\nWaga: ~ 275g.<\/p>\n<p><strong>Charakterystyka:<\/strong><br \/>\nTyp: turecki<br \/>\nMateria\u0142: glina<\/p>\n<p>Czy masz jakie\u015b pytania? Skontaktuj si\u0119 z nami\u00a0<a href=\"https:\/\/hookahshop.lt\/pl\/lacznosc\/\">strona z kontaktami<\/a>\u00a0lub napisz do nas na adres\u00a0<a href=\"https:\/\/facebook.com\/HookahShop.lt\/\" target=\"_blank\" rel=\"noopener\">konto na Facebooku<\/a>\u00a0a my odpowiemy na Twoj\u0105 pro\u015bb\u0119 tego samego dnia.<\/p>","protected":false},"excerpt":{"rendered":"<p>ART BAR Turkish Hookah Cup wyr\u00f3\u017cnia si\u0119 wyj\u0105tkowym i inspirowanym stylem vintage designem. Wyr\u00f3\u017cnia si\u0119 wyra\u017anymi, czystymi, ostrymi liniami powierzchni, kt\u00f3re zapewniaj\u0105 zar\u00f3wno styl, jak i funkcjonalno\u015b\u0107. Kszta\u0142t tureckiego kubka nadaje si\u0119 do wszystkich rodzaj\u00f3w tytoniu. Pojemno\u015b\u0107 tytoniu: 15-20 g. (w zale\u017cno\u015bci od u\u017cytej metody pakowania i rodzaju tytoniu). Specyfikacja: Wysoko\u015b\u0107: 9,2 cm \u015arednica zewn\u0119trzna: 7,3 cm \u015arednica wewn\u0119trzna: 6,2 cm G\u0142\u0119boko\u015b\u0107: 2 cm \u015arednica otworu: 8 cm [\u2026]<\/p>","protected":false},"featured_media":40693,"comment_status":"open","ping_status":"closed","template":"","meta":[],"_links":{"self":[{"href":"https:\/\/hookahshop.lt\/pl\/wp-json\/wp\/v2\/product\/40572"}],"collection":[{"href":"https:\/\/hookahshop.lt\/pl\/wp-json\/wp\/v2\/product"}],"about":[{"href":"https:\/\/hookahshop.lt\/pl\/wp-json\/wp\/v2\/types\/product"}],"replies":[{"embeddable":true,"href":"https:\/\/hookahshop.lt\/pl\/wp-json\/wp\/v2\/comments?post=40572"}],"version-history":[{"count":4,"href":"https:\/\/hookahshop.lt\/pl\/wp-json\/wp\/v2\/product\/40572\/revisions"}],"predecessor-version":[{"id":40692,"href":"https:\/\/hookahshop.lt\/pl\/wp-json\/wp\/v2\/product\/40572\/revisions\/40692"}],"wp:featuredmedia":[{"embeddable":true,"href":"https:\/\/hookahshop.lt\/pl\/wp-json\/wp\/v2\/media\/40693"}],"wp:attachment":[{"href":"https:\/\/hookahshop.lt\/pl\/wp-json\/wp\/v2\/media?parent=40572"}],"curies":[{"name":"wp","href":"https:\/\/api.w.org\/{rel}","templated":true}]}}