{"id":40579,"date":"2025-01-02T19:34:59","date_gmt":"2025-01-02T17:34:59","guid":{"rendered":"https:\/\/hookahshop.lt\/?post_type=product&#038;p=40579"},"modified":"2026-04-17T23:30:00","modified_gmt":"2026-04-17T20:30:00","slug":"taurele-kaljanui-art-bar-turkish-v5","status":"publish","type":"product","link":"https:\/\/hookahshop.lt\/pl\/produkt\/kubek-szisza-art-bar-turkish-v5\/","title":{"rendered":"Kubek do fajki wodnej ART BAR Turecka V5"},"content":{"rendered":"<h2>Kubek do fajki wodnej ART BAR Turecka V5<\/h2>\n<p>Wyr\u00f3\u017cnia si\u0119 wyj\u0105tkowym designem inspirowanym stylem vintage. Charakteryzuje si\u0119 charakterystycznymi, czystymi, ostrymi liniami powierzchni, kt\u00f3re zapewniaj\u0105 zar\u00f3wno styl, jak i funkcjonalno\u015b\u0107. Kszta\u0142t kubka tureckiego jest odpowiedni dla wszystkich rodzaj\u00f3w tytoniu.<br \/>\nPojemno\u015b\u0107 tytoniu: 15-20g. (w zale\u017cno\u015bci od zastosowanego sposobu pakowania i rodzaju tytoniu).<\/p>\n<p><strong>Specyfikacja:<\/strong><br \/>\nWysoko\u015b\u0107: 9,2 cm<br \/>\n\u015arednica zewn\u0119trzna: 7,3 cm<br \/>\n\u015arednica wewn\u0119trzna: 6,2 cm<br \/>\nG\u0142\u0119boko\u015b\u0107: 2 cm<br \/>\n\u015arednica otworu: 8cm<br \/>\nLiczba otwor\u00f3w: 5<br \/>\nWaga: ~ 275g.<\/p>\n<p><strong>Charakterystyka:<\/strong><br \/>\nTyp: turecki<br \/>\nMateria\u0142: glina<\/p>\n<p>Czy masz jakie\u015b pytania? Skontaktuj si\u0119 z nami\u00a0<a href=\"https:\/\/hookahshop.lt\/pl\/lacznosc\/\">strona z kontaktami<\/a>\u00a0lub napisz do nas na adres\u00a0<a href=\"https:\/\/facebook.com\/HookahShop.lt\/\" target=\"_blank\" rel=\"noopener\">konto na Facebooku<\/a>\u00a0a my odpowiemy na Twoj\u0105 pro\u015bb\u0119 tego samego dnia.<\/p>","protected":false},"excerpt":{"rendered":"<p>Kubek do fajki wodnej ART BAR Turkish V5 wyr\u00f3\u017cnia si\u0119 unikalnym, inspirowanym stylem vintage designem. Charakteryzuje si\u0119 wyrazistymi, czystymi i ostrymi liniami, kt\u00f3re zapewniaj\u0105 styl i funkcjonalno\u015b\u0107. Kszta\u0142t kubka tureckiego nadaje si\u0119 do wszystkich rodzaj\u00f3w tytoniu. Pojemno\u015b\u0107 pojemnika na tyto\u0144: 15-20 g (w zale\u017cno\u015bci od sposobu pakowania i rodzaju tytoniu). Specyfikacja: Wysoko\u015b\u0107: 9,2 cm \u015arednica zewn\u0119trzna: 7,3 cm \u015arednica wewn\u0119trzna: 6,2 cm G\u0142\u0119boko\u015b\u0107: 2 cm \u015arednica otworu: [\u2026]<\/p>","protected":false},"featured_media":40697,"comment_status":"open","ping_status":"closed","template":"","meta":[],"_links":{"self":[{"href":"https:\/\/hookahshop.lt\/pl\/wp-json\/wp\/v2\/product\/40579"}],"collection":[{"href":"https:\/\/hookahshop.lt\/pl\/wp-json\/wp\/v2\/product"}],"about":[{"href":"https:\/\/hookahshop.lt\/pl\/wp-json\/wp\/v2\/types\/product"}],"replies":[{"embeddable":true,"href":"https:\/\/hookahshop.lt\/pl\/wp-json\/wp\/v2\/comments?post=40579"}],"version-history":[{"count":3,"href":"https:\/\/hookahshop.lt\/pl\/wp-json\/wp\/v2\/product\/40579\/revisions"}],"predecessor-version":[{"id":40696,"href":"https:\/\/hookahshop.lt\/pl\/wp-json\/wp\/v2\/product\/40579\/revisions\/40696"}],"wp:featuredmedia":[{"embeddable":true,"href":"https:\/\/hookahshop.lt\/pl\/wp-json\/wp\/v2\/media\/40697"}],"wp:attachment":[{"href":"https:\/\/hookahshop.lt\/pl\/wp-json\/wp\/v2\/media?parent=40579"}],"curies":[{"name":"wp","href":"https:\/\/api.w.org\/{rel}","templated":true}]}}