{"id":40719,"date":"2025-01-04T01:40:39","date_gmt":"2025-01-03T23:40:39","guid":{"rendered":"https:\/\/hookahshop.lt\/?post_type=product&#038;p=40719"},"modified":"2026-04-22T23:30:05","modified_gmt":"2026-04-22T20:30:05","slug":"kaitlente-kaljano-anglims-jookah-big","status":"publish","type":"product","link":"https:\/\/hookahshop.lt\/pl\/produkt\/plyta-grzewcza-szisza-wegle-jookah-duza\/","title":{"rendered":"P\u0142yta do fajki wodnej JOOKAH Big"},"content":{"rendered":"<h2>P\u0142yta do fajki wodnej JOOKAH Big<\/h2>\n<div class=\"product_inf_options_box_odd_row_val\">Jest to ma\u0142y kocio\u0142ek z siatk\u0105 ochronn\u0105 do podgrzewania naturalnego w\u0119gla kokosowego. W\u0119giel drzewny b\u0119dzie bezpiecznie spoczywa\u0142 na ruszcie i chroni\u0142 element grzejny. Zapewnia to \u017cywotno\u015b\u0107 zapalniczki w\u0119glowej.<\/div>\n<div><\/div>\n<div class=\"product_inf_options_box_odd_row_val\"><strong>Specyfikacja:<\/strong><br \/>\nPojemno\u015b\u0107: do 10 w\u0119gielk\u00f3w do fajki wodnej (26x26x26mm)<br \/>\nMoc: 1000W<br \/>\nPrzew\u00f3d zasilaj\u0105cy: 1 m.<\/div>\n<div class=\"product_inf_options_box_odd_row_val\">Temperatura: regulowana<br \/>\nBezpiecze\u0144stwo: Ochrona przed przegrzaniem, sprawdzona CE<\/p>\n<div>Czas nagrzewania w\u0119gla: ~10min.<\/div>\n<div><\/div>\n<div>Czy masz jakie\u015b pytania? Skontaktuj si\u0119 z nami\u00a0<a href=\"https:\/\/hookahshop.lt\/pl\/lacznosc\/\">strona z kontaktami<\/a>\u00a0lub napisz do nas na adres\u00a0<a href=\"https:\/\/facebook.com\/HookahShop.lt\/\" target=\"_blank\" rel=\"noopener noreferrer\">konto na Facebooku<\/a>\u00a0a my odpowiemy na Twoj\u0105 pro\u015bb\u0119 tego samego dnia.<\/div>\n<\/div>","protected":false},"excerpt":{"rendered":"<p>P\u0142yta grzewcza do w\u0119gla do fajki wodnej JOOKAH Big To ma\u0142a p\u0142yta grzewcza z ochronnym rusztem do podgrzewania naturalnego w\u0119gla kokosowego. W\u0119giel bezpiecznie le\u017cy na grillu i chroni element grzejny. Zapewnia to d\u0142ug\u0105 \u017cywotno\u015b\u0107 rozpa\u0142ki. Specyfikacja: Pojemno\u015b\u0107: do 10 w\u0119gli do fajki wodnej (26 x 26 x 26 mm) Moc: 1000 W Przew\u00f3d zasilaj\u0105cy: 1 m Temperatura: regulowana Bezpiecze\u0144stwo: Zabezpieczenie przed przegrzaniem, certyfikat CE Podgrzewanie w\u0119gla [\u2026]<\/p>","protected":false},"featured_media":40720,"comment_status":"open","ping_status":"closed","template":"","meta":[],"_links":{"self":[{"href":"https:\/\/hookahshop.lt\/pl\/wp-json\/wp\/v2\/product\/40719"}],"collection":[{"href":"https:\/\/hookahshop.lt\/pl\/wp-json\/wp\/v2\/product"}],"about":[{"href":"https:\/\/hookahshop.lt\/pl\/wp-json\/wp\/v2\/types\/product"}],"replies":[{"embeddable":true,"href":"https:\/\/hookahshop.lt\/pl\/wp-json\/wp\/v2\/comments?post=40719"}],"version-history":[{"count":4,"href":"https:\/\/hookahshop.lt\/pl\/wp-json\/wp\/v2\/product\/40719\/revisions"}],"predecessor-version":[{"id":42144,"href":"https:\/\/hookahshop.lt\/pl\/wp-json\/wp\/v2\/product\/40719\/revisions\/42144"}],"wp:featuredmedia":[{"embeddable":true,"href":"https:\/\/hookahshop.lt\/pl\/wp-json\/wp\/v2\/media\/40720"}],"wp:attachment":[{"href":"https:\/\/hookahshop.lt\/pl\/wp-json\/wp\/v2\/media?parent=40719"}],"curies":[{"name":"wp","href":"https:\/\/api.w.org\/{rel}","templated":true}]}}