{"id":40751,"date":"2025-01-04T17:36:22","date_gmt":"2025-01-04T15:36:22","guid":{"rendered":"https:\/\/hookahshop.lt\/?post_type=product&#038;p=40751"},"modified":"2026-04-16T10:21:42","modified_gmt":"2026-04-16T07:21:42","slug":"taurele-kaljanui-alpha-hookah-turkish-rock","status":"publish","type":"product","link":"https:\/\/hookahshop.lt\/pl\/produkt\/kubek-szisza-alfa-szisza-turecka-rock\/","title":{"rendered":"Kubek do fajki wodnej ALPHA HOOKAH Turkish Rock"},"content":{"rendered":"<h2>Kubek do fajki wodnej ALPHA HOOKAH Turkish Rock<\/h2>\n<p>ALPHA HOOKAH, znany producent fajek wodnych i akcesori\u00f3w do fajek wodnych, w swojej ofercie posiada nowe, r\u0119cznie robione kubki o uniwersalnych, artystycznych fakturach. Dzi\u0119ki du\u017cej g\u0119sto\u015bci i wadze bardzo r\u00f3wnomiernie rozprowadza ciep\u0142o podczas sesji z fajk\u0105 wodn\u0105. Kubek nadaje si\u0119 do wszystkich rodzaj\u00f3w tytoniu.<br \/>\nPojemno\u015b\u0107 tytoniu: 18-25g. (w zale\u017cno\u015bci od zastosowanego sposobu pakowania i rodzaju tytoniu).<\/p>\n<p><strong>Specyfikacja:<\/strong><br \/>\nWysoko\u015b\u0107: 6,5 cm<br \/>\nSzeroko\u015b\u0107: 7,5 cm<br \/>\nObj\u0119to\u015b\u0107: 18-25 g<br \/>\n\u015arednica otworu: 8cm<br \/>\nLiczba otwor\u00f3w: 5<br \/>\nWaga: ~ 450g<\/p>\n<p><strong>Charakterystyka:<\/strong><br \/>\nFormularz: turecki<br \/>\nMateria\u0142: glina, porcelana<\/p>\n<p>Czy masz jakie\u015b pytania? Skontaktuj si\u0119 z nami<a href=\"https:\/\/hookahshop.lt\/pl\/lacznosc\/\">\u00a0strona z kontaktami<\/a>\u00a0lub napisz do nas na adres<a href=\"https:\/\/facebook.com\/HookahShop.lt\/\" target=\"_blank\" rel=\"noopener\">\u00a0konto na Facebooku<\/a>\u00a0a my odpowiemy na Twoj\u0105 pro\u015bb\u0119 tego samego dnia.<\/p>","protected":false},"excerpt":{"rendered":"<p>Kubek do fajki wodnej ALPHA HOOKAH Turkish Rock Nowe, r\u0119cznie robione kubki o uniwersalnej fakturze artystycznej od znanego producenta fajek wodnych i akcesori\u00f3w do fajek wodnych ALPHA HOOKAH. Ze wzgl\u0119du na du\u017c\u0105 g\u0119sto\u015b\u0107 i wag\u0119 r\u00f3wnomiernie rozprowadza ciep\u0142o podczas sesji fajki wodnej. Kubek nadaje si\u0119 do wszystkich rodzaj\u00f3w tytoniu. Pojemno\u015b\u0107 tytoniu: 18-25g. (w zale\u017cno\u015bci od zastosowanej metody pakowania i rodzaju tytoniu). Specyfikacja: Wysoko\u015b\u0107: 6,5 cm Szeroko\u015b\u0107: [\u2026]<\/p>","protected":false},"featured_media":40758,"comment_status":"open","ping_status":"closed","template":"","meta":[],"_links":{"self":[{"href":"https:\/\/hookahshop.lt\/pl\/wp-json\/wp\/v2\/product\/40751"}],"collection":[{"href":"https:\/\/hookahshop.lt\/pl\/wp-json\/wp\/v2\/product"}],"about":[{"href":"https:\/\/hookahshop.lt\/pl\/wp-json\/wp\/v2\/types\/product"}],"replies":[{"embeddable":true,"href":"https:\/\/hookahshop.lt\/pl\/wp-json\/wp\/v2\/comments?post=40751"}],"version-history":[{"count":5,"href":"https:\/\/hookahshop.lt\/pl\/wp-json\/wp\/v2\/product\/40751\/revisions"}],"predecessor-version":[{"id":45255,"href":"https:\/\/hookahshop.lt\/pl\/wp-json\/wp\/v2\/product\/40751\/revisions\/45255"}],"wp:featuredmedia":[{"embeddable":true,"href":"https:\/\/hookahshop.lt\/pl\/wp-json\/wp\/v2\/media\/40758"}],"wp:attachment":[{"href":"https:\/\/hookahshop.lt\/pl\/wp-json\/wp\/v2\/media?parent=40751"}],"curies":[{"name":"wp","href":"https:\/\/api.w.org\/{rel}","templated":true}]}}