{"id":40808,"date":"2025-01-11T10:52:23","date_gmt":"2025-01-11T08:52:23","guid":{"rendered":"https:\/\/hookahshop.lt\/?post_type=product&#038;p=40808"},"modified":"2026-04-16T10:21:42","modified_gmt":"2026-04-16T07:21:42","slug":"kaljano-priedu-ir-valymo-rinkinys","status":"publish","type":"product","link":"https:\/\/hookahshop.lt\/pl\/produkt\/zestaw-akcesoriow-do-sziszy-i-czyszczacych\/","title":{"rendered":"Akcesoria do fajki wodnej i zestaw do czyszczenia"},"content":{"rendered":"<h2>Akcesoria do fajki wodnej i zestaw do czyszczenia<\/h2>\n<p>Zaprojektowany nie tylko do zabrania w podr\u00f3\u017c, ale tak\u017ce wygodny do przechowywania w domu. W zestawie znajduj\u0105 si\u0119 akcesoria niezb\u0119dne do przygotowania i konserwacji fajki wodnej.<\/p>\n<p><strong>Ekwipunek:<\/strong><\/p>\n<ul>\n<li>Kr\u00f3tka szczotka do trzonka fajki wodnej: 16x2cm<\/li>\n<li>Szczotka do fajki wodnej: 44x4cm<\/li>\n<li>Szczypce do w\u0119gla: 18x2 lata<\/li>\n<li>D\u0142uga szczotka do w\u0119\u017ca do fajki wodnej: 70\u00d74,5cm<\/li>\n<li>Etui: 12x8x33cm<\/li>\n<\/ul>\n<p>Czy masz jakie\u015b pytania? Skontaktuj si\u0119 z nami\u00a0<a href=\"https:\/\/hookahshop.lt\/pl\/lacznosc\/\">strona z kontaktami<\/a>\u00a0lub napisz do nas na adres\u00a0<a href=\"https:\/\/facebook.com\/HookahShop.lt\/\" target=\"_blank\" rel=\"noopener\">konto na Facebooku<\/a> a my odpowiemy na Twoj\u0105 pro\u015bb\u0119 tego samego dnia.<\/p>","protected":false},"excerpt":{"rendered":"<p>Akcesoria do fajki wodnej i zestaw do czyszczenia Zaprojektowany nie tylko do podr\u00f3\u017cy, ale r\u00f3wnie\u017c wygodny do przechowywania w domu. Zestaw zawiera akcesoria niezb\u0119dne do przygotowania i konserwacji fajki wodnej. Zawarto\u015b\u0107 opakowania: Kr\u00f3tki p\u0119dzel do trzonu fajki wodnej: 16x2cm Szczotka do kolby fajki wodnej: 44x4cm Szczotka do w\u0119gla drzewnego: 18x2m D\u0142ugi p\u0119dzel do w\u0119\u017ca fajki wodnej: 70\u00d74,5cm Etui: 12x8x33cm Masz pytania? Skontaktuj si\u0119 z nami na stronie kontaktowej lub napisz do nas na Facebooku [\u2026]<\/p>","protected":false},"featured_media":40809,"comment_status":"open","ping_status":"closed","template":"","meta":[],"_links":{"self":[{"href":"https:\/\/hookahshop.lt\/pl\/wp-json\/wp\/v2\/product\/40808"}],"collection":[{"href":"https:\/\/hookahshop.lt\/pl\/wp-json\/wp\/v2\/product"}],"about":[{"href":"https:\/\/hookahshop.lt\/pl\/wp-json\/wp\/v2\/types\/product"}],"replies":[{"embeddable":true,"href":"https:\/\/hookahshop.lt\/pl\/wp-json\/wp\/v2\/comments?post=40808"}],"version-history":[{"count":3,"href":"https:\/\/hookahshop.lt\/pl\/wp-json\/wp\/v2\/product\/40808\/revisions"}],"predecessor-version":[{"id":45731,"href":"https:\/\/hookahshop.lt\/pl\/wp-json\/wp\/v2\/product\/40808\/revisions\/45731"}],"wp:featuredmedia":[{"embeddable":true,"href":"https:\/\/hookahshop.lt\/pl\/wp-json\/wp\/v2\/media\/40809"}],"wp:attachment":[{"href":"https:\/\/hookahshop.lt\/pl\/wp-json\/wp\/v2\/media?parent=40808"}],"curies":[{"name":"wp","href":"https:\/\/api.w.org\/{rel}","templated":true}]}}