{"id":40929,"date":"2025-02-01T13:36:55","date_gmt":"2025-02-01T11:36:55","guid":{"rendered":"https:\/\/hookahshop.lt\/?post_type=product&#038;p=40929"},"modified":"2026-04-14T23:29:45","modified_gmt":"2026-04-14T20:29:45","slug":"kaljanas-aladin-alux-m4-1-black","status":"publish","type":"product","link":"https:\/\/hookahshop.lt\/pl\/produkt\/shisha-aladin-alux-m4-1-czarna\/","title":{"rendered":"Szisza ALADIN Alux M4.1 Czarna"},"content":{"rendered":"<h2>Szisza ALADIN Alux M4.1 Czarna<\/h2>\n<p>Dzi\u0119ki kompaktowym rozmiarom (wybrane) jest idealnym towarzyszem podr\u00f3\u017cy dla tych, kt\u00f3rzy chc\u0105 mie\u0107 przy sobie produkt wysokiej jako\u015bci.<\/p>\n<p><strong>Specyfikacja:<\/strong><br \/>\nWysoko\u015b\u0107 fajki wodnej: 62cm<br \/>\nCzarny kolor<br \/>\nMateria\u0142 (zewn\u0119trzny): anodowane aluminium<br \/>\nMateria\u0142 (wewn\u0119trzny): stal nierdzewna (sp\u00f3d s\u0142upa w kontakcie z wod\u0105)<br \/>\nKolba: z gwintem \u0142\u0105cz\u0105cym kolb\u0119 z trzonkiem fajki wodnej, obracaj\u0105cym si\u0119 o 360 stopni.<br \/>\nLiczba przy\u0142\u0105czy w\u0119\u017cy: do 4 szt. (w zestawie 1 sztuka)<\/p>\n<p><strong>W sk\u0142ad zestawu wchodz\u0105:<\/strong><br \/>\n- Szisza,<br \/>\n- Kolba gwintowana,<br \/>\n- szczypce,<br \/>\n- W\u0105\u017c silikonowy (mi\u0119kki w dotyku) z dyszami<br \/>\n- Fili\u017canka<br \/>\n- Komin<br \/>\n- Regulowany dyfuzor.<\/p>\n<p><img decoding=\"async\" loading=\"lazy\" class=\"alignnone size-medium wp-image-38491\" src=\"https:\/\/hookahshop.lt\/wp-content\/uploads\/2021\/02\/aladinu-komplektacija-300x273.jpg\" alt=\"- hookahshop.lt\" width=\"300\" height=\"273\" srcset=\"https:\/\/hookahshop.lt\/wp-content\/uploads\/2021\/02\/aladinu-komplektacija-300x273.jpg 300w, https:\/\/hookahshop.lt\/wp-content\/uploads\/2021\/02\/aladinu-komplektacija-13x12.jpg 13w, https:\/\/hookahshop.lt\/wp-content\/uploads\/2021\/02\/aladinu-komplektacija-64x58.jpg 64w, https:\/\/hookahshop.lt\/wp-content\/uploads\/2021\/02\/aladinu-komplektacija.jpg 420w\" sizes=\"(max-width: 300px) 100vw, 300px\" title=\"\"><\/p>\n<p>Czy masz jakie\u015b pytania? Skontaktuj si\u0119 z nami\u00a0<a href=\"https:\/\/hookahshop.lt\/pl\/lacznosc\/\">strona z kontaktami<\/a>\u00a0lub napisz do nas na adres\u00a0<a href=\"https:\/\/facebook.com\/HookahShop.lt\/\" target=\"_blank\" rel=\"noopener\">konto na Facebooku<\/a>\u00a0a my odpowiemy na Twoj\u0105 pro\u015bb\u0119 tego samego dnia.<\/p>","protected":false},"excerpt":{"rendered":"<p>Fajka wodna ALADIN Alux M4.1 Czarna Dzi\u0119ki kompaktowym rozmiarom (wybrane) jest idealnym towarzyszem podr\u00f3\u017cy dla tych, kt\u00f3rzy chc\u0105 mie\u0107 produkt wysokiej jako\u015bci w podr\u00f3\u017cy. Specyfikacja: Wysoko\u015b\u0107 fajki wodnej: 62 cm Kolor: czarny Materia\u0142 (zewn\u0119trzny): anodowane aluminium Materia\u0142 (wewn\u0119trzny): stal nierdzewna (dolna cz\u0119\u015b\u0107 trzonu, kt\u00f3ra ma kontakt z wod\u0105) Kolba: z gwintem, kt\u00f3ry \u0142\u0105czy kolb\u0119 z trzonem fajki wodnej z obrotem o 360 stopni. Przy\u0142\u0105cza w\u0119\u017ca [\u2026]<\/p>","protected":false},"featured_media":40975,"comment_status":"open","ping_status":"closed","template":"","meta":[],"_links":{"self":[{"href":"https:\/\/hookahshop.lt\/pl\/wp-json\/wp\/v2\/product\/40929"}],"collection":[{"href":"https:\/\/hookahshop.lt\/pl\/wp-json\/wp\/v2\/product"}],"about":[{"href":"https:\/\/hookahshop.lt\/pl\/wp-json\/wp\/v2\/types\/product"}],"replies":[{"embeddable":true,"href":"https:\/\/hookahshop.lt\/pl\/wp-json\/wp\/v2\/comments?post=40929"}],"version-history":[{"count":7,"href":"https:\/\/hookahshop.lt\/pl\/wp-json\/wp\/v2\/product\/40929\/revisions"}],"predecessor-version":[{"id":41007,"href":"https:\/\/hookahshop.lt\/pl\/wp-json\/wp\/v2\/product\/40929\/revisions\/41007"}],"wp:featuredmedia":[{"embeddable":true,"href":"https:\/\/hookahshop.lt\/pl\/wp-json\/wp\/v2\/media\/40975"}],"wp:attachment":[{"href":"https:\/\/hookahshop.lt\/pl\/wp-json\/wp\/v2\/media?parent=40929"}],"curies":[{"name":"wp","href":"https:\/\/api.w.org\/{rel}","templated":true}]}}