{"id":40944,"date":"2025-02-01T13:59:47","date_gmt":"2025-02-01T11:59:47","guid":{"rendered":"https:\/\/hookahshop.lt\/?post_type=product&#038;p=40944"},"modified":"2026-04-15T23:29:38","modified_gmt":"2026-04-15T20:29:38","slug":"kaljanas-aladin-mvp-rocket-red","status":"publish","type":"product","link":"https:\/\/hookahshop.lt\/pl\/produkt\/shisha-aladin-mvp-rocket-red\/","title":{"rendered":"Szisza ALADIN MVP Rocket Red"},"content":{"rendered":"<h2>Szisza ALADIN MVP Rocket Red<\/h2>\n<p>Dzi\u0119ki kompaktowym rozmiarom (wybrane) jest idealnym towarzyszem podr\u00f3\u017cy dla tych, kt\u00f3rzy chc\u0105 mie\u0107 przy sobie produkt wysokiej jako\u015bci.<\/p>\n<p><strong>Specyfikacja:<\/strong><sub><br \/>\n<\/sub>Materia\u0142: Stal nierdzewna<br \/>\nDyfuzor: tak (regulowany)<br \/>\nWysoko\u015b\u0107: 53cm<br \/>\nKolor: transparentny\/czerwony<sub><br \/>\n<\/sub>Kolba: z gwintem \u0142\u0105cz\u0105cym kolb\u0119 z trzonkiem fajki wodnej, obracaj\u0105cym si\u0119 o 360 stopni.<\/p>\n<p><strong>W sk\u0142ad zestawu wchodz\u0105:<\/strong><br \/>\n- Szisza,<br \/>\n- Kolba gwintowana,<br \/>\n- szczypce,<br \/>\n- W\u0105\u017c silikonowy (mi\u0119kki w dotyku) z dyszami<br \/>\n- Fili\u017canka<br \/>\n- Komin<br \/>\n- Regulowany dyfuzor.<\/p>\n<p><img decoding=\"async\" loading=\"lazy\" class=\"alignnone size-medium wp-image-38491 webpexpress-processed\" title=\"Fajka wodna ALADIN Alux Admiral Silver 1\" src=\"https:\/\/hookahshop.lt\/wp-content\/uploads\/2021\/02\/aladinu-komplektacija-300x273.jpg\" alt=\"Zestaw Aladyn - hookahshop.lt\" width=\"300\" height=\"273\" srcset=\"https:\/\/hookahshop.lt\/wp-content\/uploads\/2021\/02\/aladinu-komplektacija-300x273.jpg 300w, https:\/\/hookahshop.lt\/wp-content\/uploads\/2021\/02\/aladinu-komplektacija-13x12.jpg 13w, https:\/\/hookahshop.lt\/wp-content\/uploads\/2021\/02\/aladinu-komplektacija-64x58.jpg 64w, https:\/\/hookahshop.lt\/wp-content\/uploads\/2021\/02\/aladinu-komplektacija.jpg 420w\" sizes=\"(max-width: 300px) 100vw, 300px\" \/><\/p>\n<p>Czy masz jakie\u015b pytania? Skontaktuj si\u0119 z nami\u00a0<a href=\"https:\/\/hookahshop.lt\/pl\/lacznosc\/\">strona z kontaktami<\/a>\u00a0lub napisz do nas na adres\u00a0<a href=\"https:\/\/facebook.com\/HookahShop.lt\/\" target=\"_blank\" rel=\"noopener\">konto na Facebooku<\/a>\u00a0a my odpowiemy na Twoj\u0105 pro\u015bb\u0119 tego samego dnia.<\/p>","protected":false},"excerpt":{"rendered":"<p>Fajka wodna ALADIN MVP Rocket Red Dzi\u0119ki kompaktowym rozmiarom (wybrane) jest idealnym towarzyszem podr\u00f3\u017cy dla tych, kt\u00f3rzy chc\u0105 mie\u0107 produkt wysokiej jako\u015bci w podr\u00f3\u017cy. Specyfikacja: Materia\u0142: stal nierdzewna Dyfuzor: tak (regulowany) Wysoko\u015b\u0107: 53 cm Kolor: przezroczysty\/czerwony Kolba: z gwintem \u0142\u0105cz\u0105cym kolb\u0119 z trzonem fajki wodnej z obrotem o 360 stopni. Zestaw zawiera: \u2013 Fajk\u0119 wodn\u0105, \u2013 Kolb\u0119 z gwintem, \u2013 Szczypce, \u2013 [\u2026]<\/p>","protected":false},"featured_media":40991,"comment_status":"open","ping_status":"closed","template":"","meta":[],"_links":{"self":[{"href":"https:\/\/hookahshop.lt\/pl\/wp-json\/wp\/v2\/product\/40944"}],"collection":[{"href":"https:\/\/hookahshop.lt\/pl\/wp-json\/wp\/v2\/product"}],"about":[{"href":"https:\/\/hookahshop.lt\/pl\/wp-json\/wp\/v2\/types\/product"}],"replies":[{"embeddable":true,"href":"https:\/\/hookahshop.lt\/pl\/wp-json\/wp\/v2\/comments?post=40944"}],"version-history":[{"count":6,"href":"https:\/\/hookahshop.lt\/pl\/wp-json\/wp\/v2\/product\/40944\/revisions"}],"predecessor-version":[{"id":45510,"href":"https:\/\/hookahshop.lt\/pl\/wp-json\/wp\/v2\/product\/40944\/revisions\/45510"}],"wp:featuredmedia":[{"embeddable":true,"href":"https:\/\/hookahshop.lt\/pl\/wp-json\/wp\/v2\/media\/40991"}],"wp:attachment":[{"href":"https:\/\/hookahshop.lt\/pl\/wp-json\/wp\/v2\/media?parent=40944"}],"curies":[{"name":"wp","href":"https:\/\/api.w.org\/{rel}","templated":true}]}}