{"id":40951,"date":"2025-02-01T14:17:47","date_gmt":"2025-02-01T12:17:47","guid":{"rendered":"https:\/\/hookahshop.lt\/?post_type=product&#038;p=40951"},"modified":"2026-04-18T23:29:32","modified_gmt":"2026-04-18T20:29:32","slug":"anglys-kaljanui-27er-original-27mm-1kg","status":"publish","type":"product","link":"https:\/\/hookahshop.lt\/pl\/produkt\/wegiel-do-shishy-27er-oryginalny-27mm-1kg\/","title":{"rendered":"W\u0119giel do shishy 27er Original 27mm 1kg"},"content":{"rendered":"<h2>W\u0119giel do shishy 27er Original 27mm 1kg<\/h2>\n<p>Ten naturalny w\u0119giel kokosowy jest praktycznie bezwonny i nie pozostawia posmaku. W\u0119giel drzewny jest ca\u0142kowicie naturalny, nie zawiera czarnego prochu ani innych sztucznych dodatk\u00f3w. Ten w\u0119giel nie pozostawia du\u017co popio\u0142u, wi\u0119c czyszczenie fajki wodnej b\u0119dzie \u0142atwiejsze.<\/p>\n<p>Rozmiar w\u0119gla drzewnego: 27x27x27mm<\/p>\n<p>Opakowanie: 54szt.<br \/>\nWaga opakowania: 1 kg<br \/>\nKraj pochodzenia: Indonezja<br \/>\nProducent: Venookah<\/p>\n<p>Aby spali\u0107 w\u0119giel, potrzebujesz elektrycznej p\u0142yty grzejnej do fajki wodnej, turystycznej kuchenki gazowej lub podobnej.<\/p>\n<p>Czy masz jakie\u015b pytania? Skontaktuj si\u0119 z nami\u00a0<a href=\"https:\/\/hookahshop.lt\/pl\/lacznosc\/\">strona z kontaktami<\/a>\u00a0lub napisz do nas na adres\u00a0<a href=\"https:\/\/facebook.com\/HookahShop.lt\/\" target=\"_blank\" rel=\"noopener\">konto na Facebooku<\/a>\u00a0a my odpowiemy na Twoj\u0105 pro\u015bb\u0119 tego samego dnia.<\/p>","protected":false},"excerpt":{"rendered":"<p>W\u0119giel drzewny do fajki wodnej 27er Original 27mm 1kg Ten naturalny w\u0119giel drzewny kokosowy nie ma prawie \u017cadnego zapachu palenia i nie pozostawia posmaku. W\u0119giel drzewny jest ca\u0142kowicie naturalny i nie zawiera czarnego proszku ani innych sztucznych dodatk\u00f3w. Ten w\u0119giel drzewny nie pozostawia du\u017co popio\u0142u, wi\u0119c fajk\u0119 wodn\u0105 b\u0119dzie \u0142atwiej wyczy\u015bci\u0107. Rozmiar w\u0119gla drzewnego: 27x27x27mm Opakowanie: 54 szt. Waga opakowania: 1 kg Kraj pochodzenia: Indonezja Producent: Venookah W\u0119giel drzewny do o\u015bwietlenia [\u2026]<\/p>","protected":false},"featured_media":41004,"comment_status":"open","ping_status":"closed","template":"","meta":[],"_links":{"self":[{"href":"https:\/\/hookahshop.lt\/pl\/wp-json\/wp\/v2\/product\/40951"}],"collection":[{"href":"https:\/\/hookahshop.lt\/pl\/wp-json\/wp\/v2\/product"}],"about":[{"href":"https:\/\/hookahshop.lt\/pl\/wp-json\/wp\/v2\/types\/product"}],"replies":[{"embeddable":true,"href":"https:\/\/hookahshop.lt\/pl\/wp-json\/wp\/v2\/comments?post=40951"}],"version-history":[{"count":4,"href":"https:\/\/hookahshop.lt\/pl\/wp-json\/wp\/v2\/product\/40951\/revisions"}],"predecessor-version":[{"id":41075,"href":"https:\/\/hookahshop.lt\/pl\/wp-json\/wp\/v2\/product\/40951\/revisions\/41075"}],"wp:featuredmedia":[{"embeddable":true,"href":"https:\/\/hookahshop.lt\/pl\/wp-json\/wp\/v2\/media\/41004"}],"wp:attachment":[{"href":"https:\/\/hookahshop.lt\/pl\/wp-json\/wp\/v2\/media?parent=40951"}],"curies":[{"name":"wp","href":"https:\/\/api.w.org\/{rel}","templated":true}]}}