{"id":40959,"date":"2025-02-01T14:26:31","date_gmt":"2025-02-01T12:26:31","guid":{"rendered":"https:\/\/hookahshop.lt\/?post_type=product&#038;p=40959"},"modified":"2026-04-14T23:29:45","modified_gmt":"2026-04-14T20:29:45","slug":"anglys-kaljanui-blackcoco-27mm-1kg","status":"publish","type":"product","link":"https:\/\/hookahshop.lt\/pl\/produkt\/shisha-wegiel-czarny-kakao-27mm-1kg\/","title":{"rendered":"W\u0119giel do shishy BLACKCOCO 27mm 1kg"},"content":{"rendered":"<h2>W\u0119giel do shishy BLACKCOCO 27mm 1kg<\/h2>\n<p>Ten naturalny w\u0119giel kokosowy jest praktycznie bezwonny i nie pozostawia posmaku. Dzi\u0119ki wyeliminowaniu wszelkich \u015brodk\u00f3w chemicznych w procesie produkcji oraz p\u00f3\u017aniejszej obr\u00f3bce mo\u017cesz spodziewa\u0107 si\u0119 najwy\u017cszej jako\u015bci naturalnego produktu.<\/p>\n<p>Rozmiar w\u0119gla drzewnego: 27x27x27mm<\/p>\n<p>Opakowanie: 54szt.<br \/>\nWaga opakowania: 1 kg<br \/>\nKraj pochodzenia: Indonezja<\/p>\n<p>Aby spali\u0107 w\u0119giel, potrzebujesz elektrycznej p\u0142yty grzejnej do fajki wodnej, turystycznej kuchenki gazowej lub podobnej.<\/p>\n<p>Czy masz jakie\u015b pytania? Skontaktuj si\u0119 z nami\u00a0<a href=\"https:\/\/hookahshop.lt\/pl\/lacznosc\/\">strona z kontaktami<\/a>\u00a0lub napisz do nas na adres\u00a0<a href=\"https:\/\/facebook.com\/HookahShop.lt\/\" target=\"_blank\" rel=\"noopener\">konto na Facebooku<\/a>\u00a0a my odpowiemy na Twoj\u0105 pro\u015bb\u0119 tego samego dnia.<\/p>","protected":false},"excerpt":{"rendered":"<p>W\u0119giel drzewny do fajki wodnej BLACKCOCO 27mm 1kg Ten naturalny w\u0119giel kokosowy nie ma prawie \u017cadnego zapachu spalenizny i nie pozostawia posmaku. Dzi\u0119ki usuni\u0119ciu wszelkich chemikali\u00f3w podczas produkcji i p\u00f3\u017aniejszej obr\u00f3bki mo\u017cesz oczekiwa\u0107 najwy\u017cszej jako\u015bci naturalnego produktu. Rozmiar w\u0119gla drzewnego: 27x27x27mm Opakowanie: 54 szt. Waga opakowania: 1 kg Kraj pochodzenia: Indonezja Aby rozpali\u0107 w\u0119giel drzewny, potrzebujesz elektrycznej p\u0142yty grzewczej do fajki wodnej, turystycznej kuchenki gazowej lub czego\u015b podobnego. Masz jakie\u015b pytania? [\u2026]<\/p>","protected":false},"featured_media":41019,"comment_status":"open","ping_status":"closed","template":"","meta":[],"_links":{"self":[{"href":"https:\/\/hookahshop.lt\/pl\/wp-json\/wp\/v2\/product\/40959"}],"collection":[{"href":"https:\/\/hookahshop.lt\/pl\/wp-json\/wp\/v2\/product"}],"about":[{"href":"https:\/\/hookahshop.lt\/pl\/wp-json\/wp\/v2\/types\/product"}],"replies":[{"embeddable":true,"href":"https:\/\/hookahshop.lt\/pl\/wp-json\/wp\/v2\/comments?post=40959"}],"version-history":[{"count":5,"href":"https:\/\/hookahshop.lt\/pl\/wp-json\/wp\/v2\/product\/40959\/revisions"}],"predecessor-version":[{"id":43715,"href":"https:\/\/hookahshop.lt\/pl\/wp-json\/wp\/v2\/product\/40959\/revisions\/43715"}],"wp:featuredmedia":[{"embeddable":true,"href":"https:\/\/hookahshop.lt\/pl\/wp-json\/wp\/v2\/media\/41019"}],"wp:attachment":[{"href":"https:\/\/hookahshop.lt\/pl\/wp-json\/wp\/v2\/media?parent=40959"}],"curies":[{"name":"wp","href":"https:\/\/api.w.org\/{rel}","templated":true}]}}