{"id":40963,"date":"2025-02-01T14:34:18","date_gmt":"2025-02-01T12:34:18","guid":{"rendered":"https:\/\/hookahshop.lt\/?post_type=product&#038;p=40963"},"modified":"2026-04-20T23:29:41","modified_gmt":"2026-04-20T20:29:41","slug":"kaitlente-kaljano-anglims-oduman","status":"publish","type":"product","link":"https:\/\/hookahshop.lt\/pl\/produkt\/plyta-grzejna-do-wegli-do-fajki-oduman\/","title":{"rendered":"P\u0142yta grzewcza do w\u0119gla do shishy ODUMAN"},"content":{"rendered":"<h2>P\u0142yta grzewcza do w\u0119gla do shishy ODUMAN<\/h2>\n<p>Za pomoc\u0105 tej p\u0142yty mo\u017cna szybko i \u0142atwo rozgrzewa\u0107 w\u0119giel drzewny. P\u0142yta grzewcza wyposa\u017cona jest w popielniczk\u0119, kt\u00f3ra pomo\u017ce Ci utrzyma\u0107 miejsce pracy w czysto\u015bci. Regulator mocy umo\u017cliwia dostosowanie trybu grzania. Kompaktowy i \u0142atwy w transporcie.<\/p>\n<p>Rozgrzewa \u015brednio 40 kawa\u0142k\u00f3w w\u0119gla drzewnego w ci\u0105gu 15 minut.<\/p>\n<p><strong>Dane techniczne:<\/strong><br \/>\nTyp p\u0142yty: elektryczna<br \/>\nTyp sterowania: mechaniczny<br \/>\nMoc (W): 2150W<br \/>\nNapi\u0119cie: 230 V<br \/>\nWymiary 430 x 370 x 230 mm<br \/>\nMateria\u0142: Stal nierdzewna<\/p>\n<p>Czy masz jakie\u015b pytania? Skontaktuj si\u0119 z nami\u00a0<a href=\"https:\/\/hookahshop.lt\/pl\/lacznosc\/\">strona z kontaktami<\/a>\u00a0lub napisz do nas na adres\u00a0<a href=\"https:\/\/facebook.com\/HookahShop.lt\/\" target=\"_blank\" rel=\"noopener\">konto na Facebooku<\/a>\u00a0a my odpowiemy na Twoj\u0105 pro\u015bb\u0119 tego samego dnia.<\/p>","protected":false},"excerpt":{"rendered":"<p>P\u0142yta grzewcza do w\u0119gla do shishy ODUMAN Dzi\u0119ki tej p\u0142ycie grzewczej mo\u017cesz szybko i \u0142atwo podgrzewa\u0107 w\u0119giel. P\u0142yta grzewcza ma popielniczk\u0119, aby utrzyma\u0107 miejsce pracy w czysto\u015bci. Jest regulator mocy, kt\u00f3ry pozwala na dostosowanie trybu grzania. Kompaktowa i \u0142atwa do transportu. Podgrzewa \u015brednio 40 sztuk w\u0119gla w ci\u0105gu 15 minut. Dane techniczne: Typ p\u0142yty grzewczej: elektryczna Typ sterowania: mechaniczna Moc (W): 2150W Napi\u0119cie: 230V Wymiary 430 [\u2026]<\/p>","protected":false},"featured_media":41032,"comment_status":"open","ping_status":"closed","template":"","meta":[],"_links":{"self":[{"href":"https:\/\/hookahshop.lt\/pl\/wp-json\/wp\/v2\/product\/40963"}],"collection":[{"href":"https:\/\/hookahshop.lt\/pl\/wp-json\/wp\/v2\/product"}],"about":[{"href":"https:\/\/hookahshop.lt\/pl\/wp-json\/wp\/v2\/types\/product"}],"replies":[{"embeddable":true,"href":"https:\/\/hookahshop.lt\/pl\/wp-json\/wp\/v2\/comments?post=40963"}],"version-history":[{"count":3,"href":"https:\/\/hookahshop.lt\/pl\/wp-json\/wp\/v2\/product\/40963\/revisions"}],"predecessor-version":[{"id":41031,"href":"https:\/\/hookahshop.lt\/pl\/wp-json\/wp\/v2\/product\/40963\/revisions\/41031"}],"wp:featuredmedia":[{"embeddable":true,"href":"https:\/\/hookahshop.lt\/pl\/wp-json\/wp\/v2\/media\/41032"}],"wp:attachment":[{"href":"https:\/\/hookahshop.lt\/pl\/wp-json\/wp\/v2\/media?parent=40963"}],"curies":[{"name":"wp","href":"https:\/\/api.w.org\/{rel}","templated":true}]}}