{"id":40966,"date":"2025-02-01T14:37:53","date_gmt":"2025-02-01T12:37:53","guid":{"rendered":"https:\/\/hookahshop.lt\/?post_type=product&#038;p=40966"},"modified":"2026-04-06T23:29:39","modified_gmt":"2026-04-06T20:29:39","slug":"kandiklis-kaljanui-aladin-wave-silver","status":"publish","type":"product","link":"https:\/\/hookahshop.lt\/pl\/produkt\/ustnik-do-fajki-wodnej-aladin-wave-silver\/","title":{"rendered":"Ustnik do shishy ALADIN Wave Silver"},"content":{"rendered":"<h2>Ustnik do shishy ALADIN Wave Silver<\/h2>\n<p>Jest to jednocz\u0119\u015bciowy integralny ustnik, odpowiedni do prawie wszystkich w\u0119\u017cy silikonowych. Nadaje si\u0119 do r\u00f3\u017cnych typ\u00f3w jednorazowych ustnik\u00f3w.<\/p>\n<p><strong>Specyfikacja:<\/strong><sub><br \/>\n<\/sub>Kolor: srebrny <sub><br \/>\n<\/sub>Materia\u0142: aluminium;<sub><br \/>\n<\/sub>D\u0142ugo\u015b\u0107: 38cm<\/p>\n<p>Czy masz jakie\u015b pytania? Skontaktuj si\u0119 z nami\u00a0<a href=\"https:\/\/hookahshop.lt\/pl\/lacznosc\/\">strona z kontaktami<\/a>\u00a0lub napisz do nas na adres\u00a0<a href=\"https:\/\/facebook.com\/HookahShop.lt\/\" target=\"_blank\" rel=\"noopener\">konto na Facebooku<\/a>\u00a0a my odpowiemy na Twoj\u0105 pro\u015bb\u0119 tego samego dnia.<\/p>","protected":false},"excerpt":{"rendered":"<p>Ustnik do fajki wodnej ALADIN Wave Silver To jednocz\u0119\u015bciowy, nieroz\u0142\u0105czny ustnik, odpowiedni do prawie wszystkich w\u0119\u017cy silikonowych. Nadaje si\u0119 do r\u00f3\u017cnych rodzaj\u00f3w ustnik\u00f3w jednorazowych. Specyfikacja: Kolor: srebrny Materia\u0142: aluminium D\u0142ugo\u015b\u0107: 38cm Masz jakie\u015b pytania? Skontaktuj si\u0119 z nami na stronie kontaktowej lub napisz do nas na Facebooku, a odpowiemy na Twoje zapytanie tego samego dnia.<\/p>","protected":false},"featured_media":41035,"comment_status":"open","ping_status":"closed","template":"","meta":[],"_links":{"self":[{"href":"https:\/\/hookahshop.lt\/pl\/wp-json\/wp\/v2\/product\/40966"}],"collection":[{"href":"https:\/\/hookahshop.lt\/pl\/wp-json\/wp\/v2\/product"}],"about":[{"href":"https:\/\/hookahshop.lt\/pl\/wp-json\/wp\/v2\/types\/product"}],"replies":[{"embeddable":true,"href":"https:\/\/hookahshop.lt\/pl\/wp-json\/wp\/v2\/comments?post=40966"}],"version-history":[{"count":5,"href":"https:\/\/hookahshop.lt\/pl\/wp-json\/wp\/v2\/product\/40966\/revisions"}],"predecessor-version":[{"id":45437,"href":"https:\/\/hookahshop.lt\/pl\/wp-json\/wp\/v2\/product\/40966\/revisions\/45437"}],"wp:featuredmedia":[{"embeddable":true,"href":"https:\/\/hookahshop.lt\/pl\/wp-json\/wp\/v2\/media\/41035"}],"wp:attachment":[{"href":"https:\/\/hookahshop.lt\/pl\/wp-json\/wp\/v2\/media?parent=40966"}],"curies":[{"name":"wp","href":"https:\/\/api.w.org\/{rel}","templated":true}]}}