{"id":40969,"date":"2025-02-01T15:02:58","date_gmt":"2025-02-01T13:02:58","guid":{"rendered":"https:\/\/hookahshop.lt\/?post_type=product&#038;p=40969"},"modified":"2026-04-17T23:30:01","modified_gmt":"2026-04-17T20:30:01","slug":"kandiklis-kaljanui-aladin-liner-black","status":"publish","type":"product","link":"https:\/\/hookahshop.lt\/pl\/produkt\/fajka-ustnik-aladin-liner-czarny\/","title":{"rendered":"Ustnik do fajki wodnej ALADIN Liner Black"},"content":{"rendered":"<h2>Ustnik do fajki wodnej ALADIN Liner Black<\/h2>\n<p>\u015awietny, wszechstronny model o \u015bwietnym designie. Nadaje si\u0119 do uniwersalnych w\u0119\u017cy silikonowych. Nadaje si\u0119 do r\u00f3\u017cnych typ\u00f3w ustnik\u00f3w jednorazowych.<\/p>\n<p><strong>Specyfikacja:<\/strong><br \/>\nCzarny kolor<sub><br \/>\n<\/sub>Materia\u0142: aluminium;<br \/>\nD\u0142ugo\u015b\u0107: ~39cm<\/p>\n<p>Czy masz jakie\u015b pytania? Skontaktuj si\u0119 z nami\u00a0<a href=\"https:\/\/hookahshop.lt\/pl\/lacznosc\/\">strona z kontaktami<\/a>\u00a0lub napisz do nas na adres\u00a0<a href=\"https:\/\/facebook.com\/HookahShop.lt\/\" target=\"_blank\" rel=\"noopener\">konto na Facebooku<\/a>\u00a0a my odpowiemy na Twoj\u0105 pro\u015bb\u0119 tego samego dnia.<\/p>","protected":false},"excerpt":{"rendered":"<p>Ustnik do fajki wodnej ALADIN Liner Black Doskona\u0142y uniwersalny z doskona\u0142ym designem. Pasuje do uniwersalnych w\u0119\u017cy silikonowych. Pasuje do r\u00f3\u017cnych rodzaj\u00f3w ustnik\u00f3w jednorazowych. Specyfikacja: Kolor: czarny Materia\u0142: aluminium D\u0142ugo\u015b\u0107: ~39cm Masz pytania? Skontaktuj si\u0119 z nami na stronie kontaktowej lub napisz do nas na Facebooku, a my odpowiemy na Twoje zapytanie tego samego dnia.<\/p>","protected":false},"featured_media":41038,"comment_status":"open","ping_status":"closed","template":"","meta":[],"_links":{"self":[{"href":"https:\/\/hookahshop.lt\/pl\/wp-json\/wp\/v2\/product\/40969"}],"collection":[{"href":"https:\/\/hookahshop.lt\/pl\/wp-json\/wp\/v2\/product"}],"about":[{"href":"https:\/\/hookahshop.lt\/pl\/wp-json\/wp\/v2\/types\/product"}],"replies":[{"embeddable":true,"href":"https:\/\/hookahshop.lt\/pl\/wp-json\/wp\/v2\/comments?post=40969"}],"version-history":[{"count":6,"href":"https:\/\/hookahshop.lt\/pl\/wp-json\/wp\/v2\/product\/40969\/revisions"}],"predecessor-version":[{"id":45431,"href":"https:\/\/hookahshop.lt\/pl\/wp-json\/wp\/v2\/product\/40969\/revisions\/45431"}],"wp:featuredmedia":[{"embeddable":true,"href":"https:\/\/hookahshop.lt\/pl\/wp-json\/wp\/v2\/media\/41038"}],"wp:attachment":[{"href":"https:\/\/hookahshop.lt\/pl\/wp-json\/wp\/v2\/media?parent=40969"}],"curies":[{"name":"wp","href":"https:\/\/api.w.org\/{rel}","templated":true}]}}