{"id":41040,"date":"2025-02-03T22:10:31","date_gmt":"2025-02-03T20:10:31","guid":{"rendered":"https:\/\/hookahshop.lt\/?post_type=product&#038;p=41040"},"modified":"2026-04-16T10:21:43","modified_gmt":"2026-04-16T07:21:43","slug":"kandiklis-kaljanui-aladin-carbon-black","status":"publish","type":"product","link":"https:\/\/hookahshop.lt\/pl\/produkt\/ustnik-do-fajki-wodnej-aladin-carbon-black\/","title":{"rendered":"Ustnik do shishy ALADIN Carbon Black"},"content":{"rendered":"<h2>Ustnik do shishy ALADIN Carbon Black<\/h2>\n<p>\u015awietny, wszechstronny model o \u015bwietnym designie. Nadaje si\u0119 do uniwersalnych w\u0119\u017cy silikonowych. Nadaje si\u0119 do r\u00f3\u017cnych typ\u00f3w ustnik\u00f3w jednorazowych.<\/p>\n<p><strong>Specyfikacja:<\/strong><br \/>\nCzarny kolor<sub><br \/>\n<\/sub>Materia\u0142: aluminium;<br \/>\nD\u0142ugo\u015b\u0107: ~39cm<\/p>\n<p>Czy masz jakie\u015b pytania? Skontaktuj si\u0119 z nami\u00a0<a href=\"https:\/\/hookahshop.lt\/pl\/lacznosc\/\">strona z kontaktami<\/a>\u00a0lub napisz do nas na adres\u00a0<a href=\"https:\/\/facebook.com\/HookahShop.lt\/\" target=\"_blank\" rel=\"noopener\">konto na Facebooku<\/a>\u00a0a my odpowiemy na Twoj\u0105 pro\u015bb\u0119 tego samego dnia.<\/p>","protected":false},"excerpt":{"rendered":"<p>Ustnik do fajki wodnej ALADIN Carbon Black, doskona\u0142y, uniwersalny i o doskona\u0142ym designie. Pasuje do uniwersalnych w\u0119\u017cy silikonowych. Pasuje do r\u00f3\u017cnych rodzaj\u00f3w ustnik\u00f3w jednorazowych. Specyfikacja: Kolor: czarny Materia\u0142: aluminium D\u0142ugo\u015b\u0107: ~39 cm Masz pytania? Skontaktuj si\u0119 z nami przez stron\u0119 kontaktow\u0105 lub napisz do nas na Facebooku, a odpowiemy tego samego dnia.<\/p>","protected":false},"featured_media":41043,"comment_status":"open","ping_status":"closed","template":"","meta":[],"_links":{"self":[{"href":"https:\/\/hookahshop.lt\/pl\/wp-json\/wp\/v2\/product\/41040"}],"collection":[{"href":"https:\/\/hookahshop.lt\/pl\/wp-json\/wp\/v2\/product"}],"about":[{"href":"https:\/\/hookahshop.lt\/pl\/wp-json\/wp\/v2\/types\/product"}],"replies":[{"embeddable":true,"href":"https:\/\/hookahshop.lt\/pl\/wp-json\/wp\/v2\/comments?post=41040"}],"version-history":[{"count":4,"href":"https:\/\/hookahshop.lt\/pl\/wp-json\/wp\/v2\/product\/41040\/revisions"}],"predecessor-version":[{"id":45254,"href":"https:\/\/hookahshop.lt\/pl\/wp-json\/wp\/v2\/product\/41040\/revisions\/45254"}],"wp:featuredmedia":[{"embeddable":true,"href":"https:\/\/hookahshop.lt\/pl\/wp-json\/wp\/v2\/media\/41043"}],"wp:attachment":[{"href":"https:\/\/hookahshop.lt\/pl\/wp-json\/wp\/v2\/media?parent=41040"}],"curies":[{"name":"wp","href":"https:\/\/api.w.org\/{rel}","templated":true}]}}