{"id":41046,"date":"2025-02-03T22:41:54","date_gmt":"2025-02-03T20:41:54","guid":{"rendered":"https:\/\/hookahshop.lt\/?post_type=product&#038;p=41046"},"modified":"2026-04-17T23:30:01","modified_gmt":"2026-04-17T20:30:01","slug":"zarna-silikonine-aladin-carbon-grey","status":"publish","type":"product","link":"https:\/\/hookahshop.lt\/pl\/produkt\/etui-silikonowe-aladin-carbon-grey\/","title":{"rendered":"W\u0105\u017c silikonowy ALADIN Carbon Grey"},"content":{"rendered":"<h2>W\u0105\u017c silikonowy ALADIN Carbon Grey<\/h2>\n<p>Wykonany z silikonu medycznego i nie posiada obcych zapach\u00f3w. Dzi\u0119ki tym w\u0142a\u015bciwo\u015bciom w\u0105\u017c jest elastyczny.<\/p>\n<p><strong>Specyfikacje:<\/strong><br \/>\nD\u0142ugo\u015b\u0107: 1,50 m\u00b2<\/p>\n<p>Czy masz jakie\u015b pytania? Skontaktuj si\u0119 z nami\u00a0<a href=\"https:\/\/hookahshop.lt\/pl\/lacznosc\/\">strona z kontaktami<\/a>\u00a0lub napisz do nas na adres\u00a0<a href=\"https:\/\/facebook.com\/HookahShop.lt\/\" target=\"_blank\" rel=\"noopener noreferrer\">konto na Facebooku<\/a>\u00a0a my odpowiemy na Twoj\u0105 pro\u015bb\u0119 tego samego dnia.<\/p>","protected":false},"excerpt":{"rendered":"<p>W\u0105\u017c silikonowy ALADIN Carbon Grey Wykonany z medycznego silikonu i nie wydziela obcych zapach\u00f3w. Dzi\u0119ki tym w\u0142a\u015bciwo\u015bciom w\u0105\u017c pozostaje elastyczny. Specyfikacje: D\u0142ugo\u015b\u0107: 1,50 m Masz pytania? Skontaktuj si\u0119 z nami na stronie kontaktowej lub napisz do nas na Facebooku, a my odpowiemy na Twoje zapytanie tego samego dnia.<\/p>","protected":false},"featured_media":41047,"comment_status":"open","ping_status":"closed","template":"","meta":[],"_links":{"self":[{"href":"https:\/\/hookahshop.lt\/pl\/wp-json\/wp\/v2\/product\/41046"}],"collection":[{"href":"https:\/\/hookahshop.lt\/pl\/wp-json\/wp\/v2\/product"}],"about":[{"href":"https:\/\/hookahshop.lt\/pl\/wp-json\/wp\/v2\/types\/product"}],"replies":[{"embeddable":true,"href":"https:\/\/hookahshop.lt\/pl\/wp-json\/wp\/v2\/comments?post=41046"}],"version-history":[{"count":4,"href":"https:\/\/hookahshop.lt\/pl\/wp-json\/wp\/v2\/product\/41046\/revisions"}],"predecessor-version":[{"id":45542,"href":"https:\/\/hookahshop.lt\/pl\/wp-json\/wp\/v2\/product\/41046\/revisions\/45542"}],"wp:featuredmedia":[{"embeddable":true,"href":"https:\/\/hookahshop.lt\/pl\/wp-json\/wp\/v2\/media\/41047"}],"wp:attachment":[{"href":"https:\/\/hookahshop.lt\/pl\/wp-json\/wp\/v2\/media?parent=41046"}],"curies":[{"name":"wp","href":"https:\/\/api.w.org\/{rel}","templated":true}]}}