{"id":41101,"date":"2025-02-11T16:17:00","date_gmt":"2025-02-11T14:17:00","guid":{"rendered":"https:\/\/hookahshop.lt\/?post_type=product&#038;p=41101"},"modified":"2026-04-15T23:29:38","modified_gmt":"2026-04-15T20:29:38","slug":"akriline-vandens-pypke-transparent-20cm","status":"publish","type":"product","link":"https:\/\/hookahshop.lt\/pl\/produkt\/rura-wodna-akrylowa-przezroczysta-20cm\/","title":{"rendered":"Fajka wodna akrylowa Przezroczysta 20cm"},"content":{"rendered":"<h2>Fajka wodna akrylowa Przezroczysta 20cm<\/h2>\n<p>Ma\u0142a, wygodna akrylowa fajka wodna z metalow\u0105 rurk\u0105. Wygodne w podr\u00f3\u017cy i w domu.<\/p>\n<p><strong>Specyfikacje:<\/strong><sub><br \/>\n<\/sub>Wysoko\u015b\u0107: 19,5 cm<sub><br \/>\n<\/sub>\u015arednica \u0142odygi: 4cm<sub><br \/>\n<\/sub>Materia\u0142: akryl<\/p>\n<p>Czy masz jakie\u015b pytania? Skontaktuj si\u0119 z nami\u00a0<a href=\"https:\/\/hookahshop.lt\/pl\/lacznosc\/\">strona z kontaktami<\/a>\u00a0lub napisz do nas na adres\u00a0<a href=\"https:\/\/facebook.com\/HookahShop.lt\/\" target=\"_blank\" rel=\"noopener\">konto na Facebooku<\/a>\u00a0a my odpowiemy na Twoj\u0105 pro\u015bb\u0119 tego samego dnia.<\/p>","protected":false},"excerpt":{"rendered":"<p>Fajka wodna akrylowa Przezroczysta 20 cm Ma\u0142a, wygodna fajka wodna akrylowa z metalow\u0105 rurk\u0105. Wygodna w podr\u00f3\u017cy lub w domu. Specyfikacje: Wysoko\u015b\u0107: 19,5 cm \u015arednica trzonu: 4 cm Materia\u0142: Akryl Masz jakie\u015b pytania? Skontaktuj si\u0119 z nami na stronie kontaktowej lub napisz do nas na Facebooku, a my odpowiemy na Twoje zapytanie tego samego dnia.<\/p>","protected":false},"featured_media":41219,"comment_status":"open","ping_status":"closed","template":"","meta":[],"_links":{"self":[{"href":"https:\/\/hookahshop.lt\/pl\/wp-json\/wp\/v2\/product\/41101"}],"collection":[{"href":"https:\/\/hookahshop.lt\/pl\/wp-json\/wp\/v2\/product"}],"about":[{"href":"https:\/\/hookahshop.lt\/pl\/wp-json\/wp\/v2\/types\/product"}],"replies":[{"embeddable":true,"href":"https:\/\/hookahshop.lt\/pl\/wp-json\/wp\/v2\/comments?post=41101"}],"version-history":[{"count":4,"href":"https:\/\/hookahshop.lt\/pl\/wp-json\/wp\/v2\/product\/41101\/revisions"}],"predecessor-version":[{"id":43508,"href":"https:\/\/hookahshop.lt\/pl\/wp-json\/wp\/v2\/product\/41101\/revisions\/43508"}],"wp:featuredmedia":[{"embeddable":true,"href":"https:\/\/hookahshop.lt\/pl\/wp-json\/wp\/v2\/media\/41219"}],"wp:attachment":[{"href":"https:\/\/hookahshop.lt\/pl\/wp-json\/wp\/v2\/media?parent=41101"}],"curies":[{"name":"wp","href":"https:\/\/api.w.org\/{rel}","templated":true}]}}