{"id":41105,"date":"2025-02-11T16:19:56","date_gmt":"2025-02-11T14:19:56","guid":{"rendered":"https:\/\/hookahshop.lt\/?post_type=product&#038;p=41105"},"modified":"2026-04-26T23:30:18","modified_gmt":"2026-04-26T20:30:18","slug":"akriline-vandens-pypke-gray-20cm","status":"publish","type":"product","link":"https:\/\/hookahshop.lt\/pl\/produkt\/rura-wodna-akrylowa-szara-20cm\/","title":{"rendered":"Fajka wodna akrylowa szara 20cm"},"content":{"rendered":"<h2>Fajka wodna akrylowa szara 20cm<\/h2>\n<p>Ma\u0142e, wygodne, akrylowe bongo z metalow\u0105 rurk\u0105. Wygodne w podr\u00f3\u017cy i w domu.<\/p>\n<p><strong>Specyfikacje:<\/strong><sub><br \/>\n<\/sub>Wysoko\u015b\u0107: 19,5 cm<sub><br \/>\n<\/sub>\u015arednica \u0142odygi: 4cm<sub><br \/>\n<\/sub>Materia\u0142: akryl<\/p>\n<p>Czy masz jakie\u015b pytania? Skontaktuj si\u0119 z nami\u00a0<a href=\"https:\/\/hookahshop.lt\/pl\/lacznosc\/\">strona z kontaktami<\/a>\u00a0lub napisz do nas na adres\u00a0<a href=\"https:\/\/facebook.com\/HookahShop.lt\/\" target=\"_blank\" rel=\"noopener\">konto na Facebooku<\/a>\u00a0a my odpowiemy na Twoj\u0105 pro\u015bb\u0119 tego samego dnia.<\/p>","protected":false},"excerpt":{"rendered":"<p>Fajka wodna akrylowa Szara 20 cm Ma\u0142a, wygodna fajka akrylowa z metalow\u0105 rurk\u0105. Wygodna w podr\u00f3\u017cy lub w domu. Specyfikacje: Wysoko\u015b\u0107: 19,5 cm \u015arednica trzonu: 4 cm Materia\u0142: Akryl Masz jakie\u015b pytania? Skontaktuj si\u0119 z nami na stronie kontaktowej lub napisz do nas na Facebooku, a my odpowiemy na Twoje zapytanie tego samego dnia.<\/p>","protected":false},"featured_media":41221,"comment_status":"open","ping_status":"closed","template":"","meta":[],"_links":{"self":[{"href":"https:\/\/hookahshop.lt\/pl\/wp-json\/wp\/v2\/product\/41105"}],"collection":[{"href":"https:\/\/hookahshop.lt\/pl\/wp-json\/wp\/v2\/product"}],"about":[{"href":"https:\/\/hookahshop.lt\/pl\/wp-json\/wp\/v2\/types\/product"}],"replies":[{"embeddable":true,"href":"https:\/\/hookahshop.lt\/pl\/wp-json\/wp\/v2\/comments?post=41105"}],"version-history":[{"count":4,"href":"https:\/\/hookahshop.lt\/pl\/wp-json\/wp\/v2\/product\/41105\/revisions"}],"predecessor-version":[{"id":43344,"href":"https:\/\/hookahshop.lt\/pl\/wp-json\/wp\/v2\/product\/41105\/revisions\/43344"}],"wp:featuredmedia":[{"embeddable":true,"href":"https:\/\/hookahshop.lt\/pl\/wp-json\/wp\/v2\/media\/41221"}],"wp:attachment":[{"href":"https:\/\/hookahshop.lt\/pl\/wp-json\/wp\/v2\/media?parent=41105"}],"curies":[{"name":"wp","href":"https:\/\/api.w.org\/{rel}","templated":true}]}}