{"id":41108,"date":"2025-02-11T16:22:32","date_gmt":"2025-02-11T14:22:32","guid":{"rendered":"https:\/\/hookahshop.lt\/?post_type=product&#038;p=41108"},"modified":"2026-04-17T23:30:01","modified_gmt":"2026-04-17T20:30:01","slug":"stikline-vandens-pypke-golden-leaf-18cm","status":"publish","type":"product","link":"https:\/\/hookahshop.lt\/pl\/produkt\/szklana-fajka-wodna-zloty-lisc-18cm\/","title":{"rendered":"Szklana fajka wodna Golden Leaf 18cm"},"content":{"rendered":"<h2>Szklana fajka wodna Golden Leaf 18cm<\/h2>\n<p>Wykonany ze szk\u0142a borokrzemianowego, jest ma\u0142y i ma du\u017c\u0105 pojemno\u015b\u0107.<\/p>\n<p><strong>Specyfikacje:<\/strong><sub><br \/>\n<\/sub>Wysoko\u015b\u0107: 18 cm<br \/>\n\u015arednica \u0142odygi: 2,4 cm<br \/>\nD\u0142ugo\u015b\u0107 rurki: 14,5 cm<sub><br \/>\n<\/sub>Kolor: przezroczysty<sub><br \/>\n<\/sub>Materia\u0142: szk\u0142o borokrzemianowe;<\/p>\n<p>Czy masz jakie\u015b pytania? Skontaktuj si\u0119 z nami\u00a0<a href=\"https:\/\/hookahshop.lt\/pl\/lacznosc\/\">strona z kontaktami<\/a>\u00a0lub napisz do nas na adres\u00a0<a href=\"https:\/\/facebook.com\/HookahShop.lt\/\" target=\"_blank\" rel=\"noopener\">konto na Facebooku<\/a>\u00a0a my odpowiemy na Twoj\u0105 pro\u015bb\u0119 tego samego dnia.<\/p>\n<p>&nbsp;<\/p>","protected":false},"excerpt":{"rendered":"<p>Szklana fajka wodna Golden Leaf 18 cm Wykonana ze szk\u0142a borokrzemianowego, jest ma\u0142a i ma du\u017c\u0105 pojemno\u015b\u0107. Dane techniczne: Wysoko\u015b\u0107: 18 cm \u015arednica trzpienia: 2,4 cm D\u0142ugo\u015b\u0107 rurki: 14,5 cm Kolor: Przezroczysty Materia\u0142: Szk\u0142o borokrzemianowe Masz pytania? Skontaktuj si\u0119 z nami za po\u015brednictwem strony kontaktowej lub napisz do nas na Facebooku, a odpowiemy tego samego dnia. &nbsp;<\/p>","protected":false},"featured_media":41224,"comment_status":"open","ping_status":"closed","template":"","meta":[],"_links":{"self":[{"href":"https:\/\/hookahshop.lt\/pl\/wp-json\/wp\/v2\/product\/41108"}],"collection":[{"href":"https:\/\/hookahshop.lt\/pl\/wp-json\/wp\/v2\/product"}],"about":[{"href":"https:\/\/hookahshop.lt\/pl\/wp-json\/wp\/v2\/types\/product"}],"replies":[{"embeddable":true,"href":"https:\/\/hookahshop.lt\/pl\/wp-json\/wp\/v2\/comments?post=41108"}],"version-history":[{"count":2,"href":"https:\/\/hookahshop.lt\/pl\/wp-json\/wp\/v2\/product\/41108\/revisions"}],"predecessor-version":[{"id":41223,"href":"https:\/\/hookahshop.lt\/pl\/wp-json\/wp\/v2\/product\/41108\/revisions\/41223"}],"wp:featuredmedia":[{"embeddable":true,"href":"https:\/\/hookahshop.lt\/pl\/wp-json\/wp\/v2\/media\/41224"}],"wp:attachment":[{"href":"https:\/\/hookahshop.lt\/pl\/wp-json\/wp\/v2\/media?parent=41108"}],"curies":[{"name":"wp","href":"https:\/\/api.w.org\/{rel}","templated":true}]}}