{"id":41116,"date":"2025-02-11T16:30:42","date_gmt":"2025-02-11T14:30:42","guid":{"rendered":"https:\/\/hookahshop.lt\/?post_type=product&#038;p=41116"},"modified":"2026-05-13T23:30:17","modified_gmt":"2026-05-13T20:30:17","slug":"stikline-vandens-pypke-bubbler-17cm","status":"publish","type":"product","link":"https:\/\/hookahshop.lt\/pl\/produkt\/szklana-fajka-wodna-bulgotka-17cm\/","title":{"rendered":"Szklana fajka wodna Bubbler 17cm"},"content":{"rendered":"<h2>Szklana fajka wodna Bubbler 17cm<\/h2>\n<p>Wygodna szklana fajka z perkolatorem od Black Leaf. Wdychaj\u0105c powietrze i wod\u0119, intensywnie obracasz perkolatorem. Dzi\u0119ki temu dym jest jednocze\u015bnie ch\u0142odzony i filtrowany. Funkcja perkolatora, ch\u0142odzenie dymu.<\/p>\n<p><strong>Specyfikacje:<\/strong><sub><br \/>\n<\/sub>Wysoko\u015b\u0107: 17cm<br \/>\n\u015arednica \u0142odygi: 1,9 cm<sub><br \/>\n<\/sub>D\u0142ugo\u015b\u0107 rurki: 14,5 cm<br \/>\nCzarny kolor<sub><br \/>\n<\/sub>Materia\u0142: szk\u0142o borokrzemianowe;<\/p>\n<p>Czy masz jakie\u015b pytania? Skontaktuj si\u0119 z nami\u00a0<a href=\"https:\/\/hookahshop.lt\/pl\/lacznosc\/\">strona z kontaktami<\/a>\u00a0lub napisz do nas na adres\u00a0<a href=\"https:\/\/facebook.com\/HookahShop.lt\/\" target=\"_blank\" rel=\"noopener\">konto na Facebooku<\/a>\u00a0a my odpowiemy na Twoj\u0105 pro\u015bb\u0119 tego samego dnia.<\/p>","protected":false},"excerpt":{"rendered":"<p>Szklana fajka wodna Bubbler 17cm Wygodna szklana fajka firmy Black Leaf z perkolatorem. Podczas wdychania powietrza i wody perkolator mocno si\u0119 obraca. To ch\u0142odzi dym i jednocze\u015bnie go filtruje. Funkcja perkolatora, ch\u0142odzenie dymu. Specyfikacja: Wysoko\u015b\u0107: 17cm \u015arednica trzonu: 1,9cm D\u0142ugo\u015b\u0107 rurki: 14,5cm Kolor: czarny Materia\u0142: szk\u0142o borokrzemianowe Masz pytania? Skontaktuj si\u0119 z nami na stronie kontaktowej lub napisz do nas na Facebooku [\u2026]<\/p>","protected":false},"featured_media":41229,"comment_status":"open","ping_status":"closed","template":"","meta":[],"_links":{"self":[{"href":"https:\/\/hookahshop.lt\/pl\/wp-json\/wp\/v2\/product\/41116"}],"collection":[{"href":"https:\/\/hookahshop.lt\/pl\/wp-json\/wp\/v2\/product"}],"about":[{"href":"https:\/\/hookahshop.lt\/pl\/wp-json\/wp\/v2\/types\/product"}],"replies":[{"embeddable":true,"href":"https:\/\/hookahshop.lt\/pl\/wp-json\/wp\/v2\/comments?post=41116"}],"version-history":[{"count":3,"href":"https:\/\/hookahshop.lt\/pl\/wp-json\/wp\/v2\/product\/41116\/revisions"}],"predecessor-version":[{"id":44223,"href":"https:\/\/hookahshop.lt\/pl\/wp-json\/wp\/v2\/product\/41116\/revisions\/44223"}],"wp:featuredmedia":[{"embeddable":true,"href":"https:\/\/hookahshop.lt\/pl\/wp-json\/wp\/v2\/media\/41229"}],"wp:attachment":[{"href":"https:\/\/hookahshop.lt\/pl\/wp-json\/wp\/v2\/media?parent=41116"}],"curies":[{"name":"wp","href":"https:\/\/api.w.org\/{rel}","templated":true}]}}