{"id":41119,"date":"2025-02-11T16:33:19","date_gmt":"2025-02-11T14:33:19","guid":{"rendered":"https:\/\/hookahshop.lt\/?post_type=product&#038;p=41119"},"modified":"2026-04-06T23:29:39","modified_gmt":"2026-04-06T20:29:39","slug":"stikline-vandens-pypke-ice-hemp-leaves-41cm","status":"publish","type":"product","link":"https:\/\/hookahshop.lt\/pl\/produkt\/szklana-fajka-wodna-lod-liscie-konopi-41cm\/","title":{"rendered":"Szklana fajka wodna Ice Hemp Leaves 41cm"},"content":{"rendered":"<h2>Szklana fajka wodna Ice Hemp Leaves 41cm<\/h2>\n<p>Wygodna szklana fajka ze szk\u0142a borokrzemianowego. Wysoka, o wi\u0119kszej pojemno\u015bci. Stabilna podstawka.<\/p>\n<p><strong>Specyfikacje:<\/strong><sub><br \/>\n<\/sub>Wysoko\u015b\u0107: 40 cm<br \/>\n\u015arednica \u0142odygi: 4cm<sub><br \/>\n<\/sub>D\u0142ugo\u015b\u0107 tuby: 18,8\/14,5 cm<br \/>\nKolor: Przezroczysty<sub><br \/>\n<\/sub>Materia\u0142: szk\u0142o borokrzemianowe;<\/p>\n<p>Czy masz jakie\u015b pytania? Skontaktuj si\u0119 z nami\u00a0<a href=\"https:\/\/hookahshop.lt\/pl\/lacznosc\/\">strona z kontaktami<\/a>\u00a0lub napisz do nas na adres\u00a0<a href=\"https:\/\/facebook.com\/HookahShop.lt\/\" target=\"_blank\" rel=\"noopener\">konto na Facebooku<\/a>\u00a0a my odpowiemy na Twoj\u0105 pro\u015bb\u0119 tego samego dnia.<\/p>","protected":false},"excerpt":{"rendered":"<p>Stiklin\u0117 vandens pypk\u0117 Ice Hemp Leaves 41cm Patogi stiklo pypk\u0117, pagaminta i\u0161 borosilikatinio stiklo. Auk\u0161ta, didesnio t\u016brio. Stabilus stovas. Specifikacijos: Auk\u0161tis: 40cm Stiebo skersmuo: 4cm Vamzdelio ilgis: 18,8\/14,5cm Spalva: Skaidri Med\u017eiaga: Borosilikatinis stiklas Turite klausim\u0173? Susisiekite su mumis\u00a0kontakt\u0173 puslapyje\u00a0arba para\u0161ykite mums \u012f\u00a0Facebook paskyr\u0105\u00a0ir atsakysime \u012f j\u016bs\u0173 u\u017eklaus\u0105 dar t\u0105 pa\u010di\u0105 dien\u0105.<\/p>","protected":false},"featured_media":41231,"comment_status":"open","ping_status":"closed","template":"","meta":[],"_links":{"self":[{"href":"https:\/\/hookahshop.lt\/pl\/wp-json\/wp\/v2\/product\/41119"}],"collection":[{"href":"https:\/\/hookahshop.lt\/pl\/wp-json\/wp\/v2\/product"}],"about":[{"href":"https:\/\/hookahshop.lt\/pl\/wp-json\/wp\/v2\/types\/product"}],"replies":[{"embeddable":true,"href":"https:\/\/hookahshop.lt\/pl\/wp-json\/wp\/v2\/comments?post=41119"}],"version-history":[{"count":6,"href":"https:\/\/hookahshop.lt\/pl\/wp-json\/wp\/v2\/product\/41119\/revisions"}],"predecessor-version":[{"id":44658,"href":"https:\/\/hookahshop.lt\/pl\/wp-json\/wp\/v2\/product\/41119\/revisions\/44658"}],"wp:featuredmedia":[{"embeddable":true,"href":"https:\/\/hookahshop.lt\/pl\/wp-json\/wp\/v2\/media\/41231"}],"wp:attachment":[{"href":"https:\/\/hookahshop.lt\/pl\/wp-json\/wp\/v2\/media?parent=41119"}],"curies":[{"name":"wp","href":"https:\/\/api.w.org\/{rel}","templated":true}]}}