{"id":41122,"date":"2025-02-11T16:41:16","date_gmt":"2025-02-11T14:41:16","guid":{"rendered":"https:\/\/hookahshop.lt\/?post_type=product&#038;p=41122"},"modified":"2026-04-17T16:33:48","modified_gmt":"2026-04-17T13:33:48","slug":"stikline-vandens-pypke-haze-invaders-25cm","status":"publish","type":"product","link":"https:\/\/hookahshop.lt\/pl\/produkt\/szklana-fajka-wodna-haze-invaders-25cm\/","title":{"rendered":"Szklana fajka wodna Haze Invaders 25cm"},"content":{"rendered":"<h2>Szklana fajka wodna Haze Invaders 25cm<\/h2>\n<p>Wygodna szklana fajka z dyfuzorem tworzy du\u017co zawirowa\u0144 wody i p\u0119cherzyk\u00f3w powietrza, co przyjemnie ch\u0142odzi i filtruje dym.<\/p>\n<p><strong>Specyfikacje:<\/strong><sub><br \/>\n<\/sub>Wysoko\u015b\u0107: 25cm<br \/>\n\u015arednica \u0142odygi: 25cm<sub><br \/>\n<\/sub>D\u0142ugo\u015b\u0107 tuby: 18,8\/14,5 cm<br \/>\nKolor: Przezroczysty<sub><br \/>\n<\/sub>Materia\u0142: szk\u0142o borokrzemianowe;<\/p>\n<p>Czy masz jakie\u015b pytania? Skontaktuj si\u0119 z nami\u00a0<a href=\"https:\/\/hookahshop.lt\/pl\/lacznosc\/\">strona z kontaktami<\/a>\u00a0lub napisz do nas na adres\u00a0<a href=\"https:\/\/facebook.com\/HookahShop.lt\/\" target=\"_blank\" rel=\"noopener\">konto na Facebooku<\/a>\u00a0a my odpowiemy na Twoj\u0105 pro\u015bb\u0119 tego samego dnia.<\/p>","protected":false},"excerpt":{"rendered":"<p>Szklana fajka wodna Haze Invaders 25 cm. Wygodna szklana fajka z dyfuzorem tworzy mn\u00f3stwo wodnych zawirowa\u0144 i b\u0105belk\u00f3w powietrza, kt\u00f3re przyjemnie sch\u0142adzaj\u0105 i filtruj\u0105 dym. Dane techniczne: Wysoko\u015b\u0107: 25 cm \u015arednica cybucha: 25 cm D\u0142ugo\u015b\u0107 cybucha: 18,8\/14,5 cm Kolor: Przezroczysty Materia\u0142: Szk\u0142o borokrzemianowe Masz pytania? Skontaktuj si\u0119 z nami przez stron\u0119 kontaktow\u0105 lub napisz do nas na Facebooku, a odpowiemy na Twoje pytanie w tym samym czasie [\u2026]<\/p>","protected":false},"featured_media":41234,"comment_status":"open","ping_status":"closed","template":"","meta":[],"_links":{"self":[{"href":"https:\/\/hookahshop.lt\/pl\/wp-json\/wp\/v2\/product\/41122"}],"collection":[{"href":"https:\/\/hookahshop.lt\/pl\/wp-json\/wp\/v2\/product"}],"about":[{"href":"https:\/\/hookahshop.lt\/pl\/wp-json\/wp\/v2\/types\/product"}],"replies":[{"embeddable":true,"href":"https:\/\/hookahshop.lt\/pl\/wp-json\/wp\/v2\/comments?post=41122"}],"version-history":[{"count":4,"href":"https:\/\/hookahshop.lt\/pl\/wp-json\/wp\/v2\/product\/41122\/revisions"}],"predecessor-version":[{"id":45196,"href":"https:\/\/hookahshop.lt\/pl\/wp-json\/wp\/v2\/product\/41122\/revisions\/45196"}],"wp:featuredmedia":[{"embeddable":true,"href":"https:\/\/hookahshop.lt\/pl\/wp-json\/wp\/v2\/media\/41234"}],"wp:attachment":[{"href":"https:\/\/hookahshop.lt\/pl\/wp-json\/wp\/v2\/media?parent=41122"}],"curies":[{"name":"wp","href":"https:\/\/api.w.org\/{rel}","templated":true}]}}