{"id":41125,"date":"2025-02-11T16:45:01","date_gmt":"2025-02-11T14:45:01","guid":{"rendered":"https:\/\/hookahshop.lt\/?post_type=product&#038;p=41125"},"modified":"2026-04-14T23:29:46","modified_gmt":"2026-04-14T20:29:46","slug":"stikline-vandens-pypke-bubbler-black-21cm","status":"publish","type":"product","link":"https:\/\/hookahshop.lt\/pl\/produkt\/szklana-fajka-wodna-bubbler-czarna-21cm\/","title":{"rendered":"Szklana fajka wodna Bubbler Czarna 21cm"},"content":{"rendered":"<h2>Szklana fajka wodna Bubbler Czarna 21cm<\/h2>\n<p>Wygodna szklana fajka z perkolatorem od Black Leaf. Wdychaj\u0105c powietrze i wod\u0119, intensywnie obracasz perkolatorem. Dzi\u0119ki temu dym jest jednocze\u015bnie ch\u0142odzony i filtrowany. Funkcja perkolatora, ch\u0142odzenie dymu.<\/p>\n<p><strong>Specyfikacje:<\/strong><sub><br \/>\n<\/sub>Wysoko\u015b\u0107: 21 cm<br \/>\n\u015arednica \u0142odygi: 2,8 cm<sub><br \/>\n<\/sub>D\u0142ugo\u015b\u0107 rurki: 14,5 cm<br \/>\nCzarny kolor<sub><br \/>\n<\/sub>Materia\u0142: szk\u0142o borokrzemianowe;<\/p>\n<p>Czy masz jakie\u015b pytania? Skontaktuj si\u0119 z nami\u00a0<a href=\"https:\/\/hookahshop.lt\/pl\/lacznosc\/\">strona z kontaktami<\/a>\u00a0lub napisz do nas na adres\u00a0<a href=\"https:\/\/facebook.com\/HookahShop.lt\/\" target=\"_blank\" rel=\"noopener\">konto na Facebooku<\/a>\u00a0a my odpowiemy na Twoj\u0105 pro\u015bb\u0119 tego samego dnia.<\/p>","protected":false},"excerpt":{"rendered":"<p>Szklana fajka wodna Bubbler Black 21 cm. Wygodna szklana fajka firmy Black Leaf z perkolatorem. Podczas wdychania powietrza i wody perkolator mocno si\u0119 obraca. To sch\u0142adza dym i jednocze\u015bnie go filtruje. Funkcja perkolatora, sch\u0142adzanie dymu. Specyfikacja: Wysoko\u015b\u0107: 21 cm, \u015arednica cybucha: 2,8 cm, D\u0142ugo\u015b\u0107 rurki: 14,5 cm, Kolor: czarny. Materia\u0142: szk\u0142o borokrzemianowe. Masz pytania? Skontaktuj si\u0119 z nami za po\u015brednictwem strony kontaktowej lub napisz do nas [\u2026]<\/p>","protected":false},"featured_media":41237,"comment_status":"open","ping_status":"closed","template":"","meta":[],"_links":{"self":[{"href":"https:\/\/hookahshop.lt\/pl\/wp-json\/wp\/v2\/product\/41125"}],"collection":[{"href":"https:\/\/hookahshop.lt\/pl\/wp-json\/wp\/v2\/product"}],"about":[{"href":"https:\/\/hookahshop.lt\/pl\/wp-json\/wp\/v2\/types\/product"}],"replies":[{"embeddable":true,"href":"https:\/\/hookahshop.lt\/pl\/wp-json\/wp\/v2\/comments?post=41125"}],"version-history":[{"count":4,"href":"https:\/\/hookahshop.lt\/pl\/wp-json\/wp\/v2\/product\/41125\/revisions"}],"predecessor-version":[{"id":44388,"href":"https:\/\/hookahshop.lt\/pl\/wp-json\/wp\/v2\/product\/41125\/revisions\/44388"}],"wp:featuredmedia":[{"embeddable":true,"href":"https:\/\/hookahshop.lt\/pl\/wp-json\/wp\/v2\/media\/41237"}],"wp:attachment":[{"href":"https:\/\/hookahshop.lt\/pl\/wp-json\/wp\/v2\/media?parent=41125"}],"curies":[{"name":"wp","href":"https:\/\/api.w.org\/{rel}","templated":true}]}}