{"id":41128,"date":"2025-02-11T16:48:35","date_gmt":"2025-02-11T14:48:35","guid":{"rendered":"https:\/\/hookahshop.lt\/?post_type=product&#038;p=41128"},"modified":"2026-04-16T10:21:43","modified_gmt":"2026-04-16T07:21:43","slug":"stikline-vandens-pypke-hanuman-25cm","status":"publish","type":"product","link":"https:\/\/hookahshop.lt\/pl\/produkt\/szklana-fajka-wodna-hanuman-25cm\/","title":{"rendered":"Szklana fajka wodna Hanuman 25cm"},"content":{"rendered":"<h2>Szklana fajka wodna Hanuman 25cm<\/h2>\n<p>Por\u0119czna szklana fajka od Black Leaf jest wytrzyma\u0142a i posiada korek w otworze, dzi\u0119ki czemu czyszczenie jest o wiele \u0142atwiejsze. Rura wodna ma du\u017c\u0105 pojemno\u015b\u0107.<\/p>\n<p><strong>Specyfikacje:<\/strong><sub><br \/>\n<\/sub>Wysoko\u015b\u0107: 25cm<br \/>\n\u015arednica \u0142odygi: 3,8 cm<sub><br \/>\n<\/sub>D\u0142ugo\u015b\u0107 rurki: 14,5 cm<br \/>\nKolor: Przezroczysty<sub><br \/>\n<\/sub>Materia\u0142: szk\u0142o borokrzemianowe;<\/p>\n<p>Czy masz jakie\u015b pytania? Skontaktuj si\u0119 z nami\u00a0<a href=\"https:\/\/hookahshop.lt\/pl\/lacznosc\/\">strona z kontaktami<\/a>\u00a0lub napisz do nas na adres\u00a0<a href=\"https:\/\/facebook.com\/HookahShop.lt\/\" target=\"_blank\" rel=\"noopener\">konto na Facebooku<\/a>\u00a0a my odpowiemy na Twoj\u0105 pro\u015bb\u0119 tego samego dnia.<\/p>","protected":false},"excerpt":{"rendered":"<p>Szklana fajka wodna Hanuman 25cm Wygodna szklana fajka od \u201eBlack Leaf\u201d jest trwa\u0142a i ma korek kickhole - co sprawia, \u017ce czyszczenie jest bardzo \u0142atwe. Fajka wodna ma du\u017c\u0105 pojemno\u015b\u0107. Specyfikacja: Wysoko\u015b\u0107: 25cm \u015arednica trzonu: 3,8cm D\u0142ugo\u015b\u0107 rurki: 14,5cm Kolor: Przezroczysty Materia\u0142: Szk\u0142o borokrzemianowe Masz jakie\u015b pytania? Skontaktuj si\u0119 z nami na stronie kontaktowej lub napisz do nas na Facebooku, a my odpowiemy na Twoje pytanie [\u2026]<\/p>","protected":false},"featured_media":41240,"comment_status":"open","ping_status":"closed","template":"","meta":[],"_links":{"self":[{"href":"https:\/\/hookahshop.lt\/pl\/wp-json\/wp\/v2\/product\/41128"}],"collection":[{"href":"https:\/\/hookahshop.lt\/pl\/wp-json\/wp\/v2\/product"}],"about":[{"href":"https:\/\/hookahshop.lt\/pl\/wp-json\/wp\/v2\/types\/product"}],"replies":[{"embeddable":true,"href":"https:\/\/hookahshop.lt\/pl\/wp-json\/wp\/v2\/comments?post=41128"}],"version-history":[{"count":3,"href":"https:\/\/hookahshop.lt\/pl\/wp-json\/wp\/v2\/product\/41128\/revisions"}],"predecessor-version":[{"id":45195,"href":"https:\/\/hookahshop.lt\/pl\/wp-json\/wp\/v2\/product\/41128\/revisions\/45195"}],"wp:featuredmedia":[{"embeddable":true,"href":"https:\/\/hookahshop.lt\/pl\/wp-json\/wp\/v2\/media\/41240"}],"wp:attachment":[{"href":"https:\/\/hookahshop.lt\/pl\/wp-json\/wp\/v2\/media?parent=41128"}],"curies":[{"name":"wp","href":"https:\/\/api.w.org\/{rel}","templated":true}]}}