{"id":41142,"date":"2025-02-11T16:58:54","date_gmt":"2025-02-11T14:58:54","guid":{"rendered":"https:\/\/hookahshop.lt\/?post_type=product&#038;p=41142"},"modified":"2026-04-16T10:21:43","modified_gmt":"2026-04-16T07:21:43","slug":"stikline-vandens-pypke-golden-leaf-35cm","status":"publish","type":"product","link":"https:\/\/hookahshop.lt\/pl\/produkt\/szklana-fajka-wodna-zloty-lisc-35cm\/","title":{"rendered":"Szklana fajka wodna Golden Leaf 35cm"},"content":{"rendered":"<h2>Szklana fajka wodna Golden Leaf 35cm<\/h2>\n<p>Wygodna szklana fajka z komor\u0105 na l\u00f3d, kt\u00f3ra zapewnia ch\u0142odzenie dymu. Dobrze si\u0119 nagrzewa dzi\u0119ki silnemu dop\u0142ywowi powietrza przez korek z otworem wentylacyjnym, co u\u0142atwia r\u00f3wnie\u017c czyszczenie.<\/p>\n<p><strong>Specyfikacje:<\/strong><sub><br \/>\n<\/sub>Wysoko\u015b\u0107: 35cm<br \/>\n\u015arednica \u0142odygi: 13,5\/5 cm<sub><br \/>\n<\/sub>D\u0142ugo\u015b\u0107 tuby: 18,8\/14,5 cm<br \/>\nKolor bia\u0142y<sub><br \/>\n<\/sub>Materia\u0142: szk\u0142o borokrzemianowe;<\/p>\n<p>Czy masz jakie\u015b pytania? Skontaktuj si\u0119 z nami\u00a0<a href=\"https:\/\/hookahshop.lt\/pl\/lacznosc\/\">strona z kontaktami<\/a>\u00a0lub napisz do nas na adres\u00a0<a href=\"https:\/\/facebook.com\/HookahShop.lt\/\" target=\"_blank\" rel=\"noopener\">konto na Facebooku<\/a>\u00a0a my odpowiemy na Twoj\u0105 pro\u015bb\u0119 tego samego dnia.<\/p>","protected":false},"excerpt":{"rendered":"<p>Stiklin\u0117 vandens pypk\u0117 Golden Leaf 35cm Patogi stiklo pypk\u0117, kuri turi ledo kamer\u0105, kuri u\u017etikrina d\u016bm\u0173 au\u0161inim\u0105. Tinkamai \u012fkaista d\u0117l galingo oro tiekimo d\u0117l \u201ckickhole\u201d ki\u0161tuko, kuris taip pat palengvina valym\u0105. Specifikacijos: Auk\u0161tis: 35cm Stiebo skersmuo: 13,5\/5cm Vamzdelio ilgis: 18,8\/14,5cm Spalva: Balta Med\u017eiaga: Borosilikatinis stiklas Turite klausim\u0173? Susisiekite su mumis\u00a0kontakt\u0173 puslapyje\u00a0arba para\u0161ykite mums \u012f\u00a0Facebook paskyr\u0105\u00a0ir [&hellip;]<\/p>","protected":false},"featured_media":41243,"comment_status":"open","ping_status":"closed","template":"","meta":[],"_links":{"self":[{"href":"https:\/\/hookahshop.lt\/pl\/wp-json\/wp\/v2\/product\/41142"}],"collection":[{"href":"https:\/\/hookahshop.lt\/pl\/wp-json\/wp\/v2\/product"}],"about":[{"href":"https:\/\/hookahshop.lt\/pl\/wp-json\/wp\/v2\/types\/product"}],"replies":[{"embeddable":true,"href":"https:\/\/hookahshop.lt\/pl\/wp-json\/wp\/v2\/comments?post=41142"}],"version-history":[{"count":5,"href":"https:\/\/hookahshop.lt\/pl\/wp-json\/wp\/v2\/product\/41142\/revisions"}],"predecessor-version":[{"id":45292,"href":"https:\/\/hookahshop.lt\/pl\/wp-json\/wp\/v2\/product\/41142\/revisions\/45292"}],"wp:featuredmedia":[{"embeddable":true,"href":"https:\/\/hookahshop.lt\/pl\/wp-json\/wp\/v2\/media\/41243"}],"wp:attachment":[{"href":"https:\/\/hookahshop.lt\/pl\/wp-json\/wp\/v2\/media?parent=41142"}],"curies":[{"name":"wp","href":"https:\/\/api.w.org\/{rel}","templated":true}]}}