{"id":41145,"date":"2025-02-11T17:01:39","date_gmt":"2025-02-11T15:01:39","guid":{"rendered":"https:\/\/hookahshop.lt\/?post_type=product&#038;p=41145"},"modified":"2026-04-15T23:29:38","modified_gmt":"2026-04-15T20:29:38","slug":"stikline-vandens-pypke-ice-black-40cm","status":"publish","type":"product","link":"https:\/\/hookahshop.lt\/pl\/produkt\/szklana-fajka-wodna-lod-czarna-40cm\/","title":{"rendered":"Szklana fajka wodna Ice Black 40cm"},"content":{"rendered":"<h2>Szklana fajka wodna Ice Black 40cm<\/h2>\n<p>Ta wytrzyma\u0142a fajka wodna posiada wzmocniony uchwyt Down-Pipe i dyfuzor. Dym unosz\u0105cy si\u0119 przechodzi przez perkolator z czterema d\u017awigniami. Zapewnia to optymalne ch\u0142odzenie i filtracj\u0119.<\/p>\n<p><strong>Specyfikacje:<\/strong><sub><br \/>\n<\/sub>Wysoko\u015b\u0107: 40 cm<br \/>\n\u015arednica trzonu: 13,4\/5,1 cm<sub><br \/>\n<\/sub>D\u0142ugo\u015b\u0107 tuby: 18,8\/14,5 cm<br \/>\nCzarny kolor<sub><br \/>\n<\/sub>Materia\u0142: szk\u0142o borokrzemianowe;<\/p>\n<p>Czy masz jakie\u015b pytania? Skontaktuj si\u0119 z nami\u00a0<a href=\"https:\/\/hookahshop.lt\/pl\/lacznosc\/\">strona z kontaktami<\/a>\u00a0lub napisz do nas na adres\u00a0<a href=\"https:\/\/facebook.com\/HookahShop.lt\/\" target=\"_blank\" rel=\"noopener\">konto na Facebooku<\/a>\u00a0a my odpowiemy na Twoj\u0105 pro\u015bb\u0119 tego samego dnia.<\/p>","protected":false},"excerpt":{"rendered":"<p>Szklana fajka wodna Ice Black 40cm Ta solidna fajka wodna ma wzmocniony uchwyt \u201eDown-Pipe\u201d, dyfuzor. Gdy dym unosi si\u0119, przechodzi przez 4-d\u017awigniowy perkolator. Zapewnia to optymalne ch\u0142odzenie i filtracj\u0119. Specyfikacje: Wysoko\u015b\u0107: 40cm \u015arednica trzonu: 13,4\/5,1cm D\u0142ugo\u015b\u0107 rurki: 18,8\/14,5cm Kolor: czarny Materia\u0142: szk\u0142o borokrzemianowe Masz jakie\u015b pytania? Skontaktuj si\u0119 z nami na stronie kontaktowej lub napisz do nas na Facebooku, a my odpowiemy [\u2026]<\/p>","protected":false},"featured_media":41248,"comment_status":"open","ping_status":"closed","template":"","meta":[],"_links":{"self":[{"href":"https:\/\/hookahshop.lt\/pl\/wp-json\/wp\/v2\/product\/41145"}],"collection":[{"href":"https:\/\/hookahshop.lt\/pl\/wp-json\/wp\/v2\/product"}],"about":[{"href":"https:\/\/hookahshop.lt\/pl\/wp-json\/wp\/v2\/types\/product"}],"replies":[{"embeddable":true,"href":"https:\/\/hookahshop.lt\/pl\/wp-json\/wp\/v2\/comments?post=41145"}],"version-history":[{"count":4,"href":"https:\/\/hookahshop.lt\/pl\/wp-json\/wp\/v2\/product\/41145\/revisions"}],"predecessor-version":[{"id":45604,"href":"https:\/\/hookahshop.lt\/pl\/wp-json\/wp\/v2\/product\/41145\/revisions\/45604"}],"wp:featuredmedia":[{"embeddable":true,"href":"https:\/\/hookahshop.lt\/pl\/wp-json\/wp\/v2\/media\/41248"}],"wp:attachment":[{"href":"https:\/\/hookahshop.lt\/pl\/wp-json\/wp\/v2\/media?parent=41145"}],"curies":[{"name":"wp","href":"https:\/\/api.w.org\/{rel}","templated":true}]}}