{"id":41148,"date":"2025-02-11T17:08:24","date_gmt":"2025-02-11T15:08:24","guid":{"rendered":"https:\/\/hookahshop.lt\/?post_type=product&#038;p=41148"},"modified":"2026-04-15T23:29:38","modified_gmt":"2026-04-15T20:29:38","slug":"stikline-vandens-pypke-hieroglyphen-35cm","status":"publish","type":"product","link":"https:\/\/hookahshop.lt\/pl\/produkt\/szklana-fajka-wodna-hieroglify-35cm\/","title":{"rendered":"Szklana fajka wodna Hieroglify 35cm"},"content":{"rendered":"<h2>Szklana fajka wodna Hieroglify 35cm<\/h2>\n<p>Por\u0119czna szklana fajka od Black Leaf jest wytrzyma\u0142a i posiada korek w otworze, dzi\u0119ki czemu czyszczenie jest o wiele \u0142atwiejsze. Rura wodna ma du\u017c\u0105 pojemno\u015b\u0107.<\/p>\n<p><strong>Specyfikacje:<\/strong><sub><br \/>\n<\/sub>Wysoko\u015b\u0107: 35cm<br \/>\n\u015arednica trzonu: 14\/5,1 cm<sub><br \/>\n<\/sub>D\u0142ugo\u015b\u0107 tuby: 18,8\/14,5 cm<br \/>\nCzarny kolor<sub><br \/>\n<\/sub>Materia\u0142: szk\u0142o borokrzemianowe;<\/p>\n<p>Czy masz jakie\u015b pytania? Skontaktuj si\u0119 z nami\u00a0<a href=\"https:\/\/hookahshop.lt\/pl\/lacznosc\/\">strona z kontaktami<\/a>\u00a0lub napisz do nas na adres\u00a0<a href=\"https:\/\/facebook.com\/HookahShop.lt\/\" target=\"_blank\" rel=\"noopener\">konto na Facebooku<\/a>\u00a0a my odpowiemy na Twoj\u0105 pro\u015bb\u0119 tego samego dnia.<\/p>","protected":false},"excerpt":{"rendered":"<p>Szklana fajka wodna Hieroglyphen 35 cm. Wygodna szklana fajka firmy &quot;Black Leaf&quot; jest solidna i posiada korek z otworem na wod\u0119, co u\u0142atwia czyszczenie. Fajka ma du\u017c\u0105 pojemno\u015b\u0107. Dane techniczne: Wysoko\u015b\u0107: 35 cm, \u015arednica cybucha: 14\/5,1 cm, D\u0142ugo\u015b\u0107 rurki: 18,8\/14,5 cm, Kolor: czarny. Materia\u0142: szk\u0142o borokrzemianowe. Masz pytania? Skontaktuj si\u0119 z nami za po\u015brednictwem strony kontaktowej lub napisz do nas na Facebooku, a odpowiemy na Twoje pytanie [\u2026]<\/p>","protected":false},"featured_media":41251,"comment_status":"open","ping_status":"closed","template":"","meta":[],"_links":{"self":[{"href":"https:\/\/hookahshop.lt\/pl\/wp-json\/wp\/v2\/product\/41148"}],"collection":[{"href":"https:\/\/hookahshop.lt\/pl\/wp-json\/wp\/v2\/product"}],"about":[{"href":"https:\/\/hookahshop.lt\/pl\/wp-json\/wp\/v2\/types\/product"}],"replies":[{"embeddable":true,"href":"https:\/\/hookahshop.lt\/pl\/wp-json\/wp\/v2\/comments?post=41148"}],"version-history":[{"count":4,"href":"https:\/\/hookahshop.lt\/pl\/wp-json\/wp\/v2\/product\/41148\/revisions"}],"predecessor-version":[{"id":45712,"href":"https:\/\/hookahshop.lt\/pl\/wp-json\/wp\/v2\/product\/41148\/revisions\/45712"}],"wp:featuredmedia":[{"embeddable":true,"href":"https:\/\/hookahshop.lt\/pl\/wp-json\/wp\/v2\/media\/41251"}],"wp:attachment":[{"href":"https:\/\/hookahshop.lt\/pl\/wp-json\/wp\/v2\/media?parent=41148"}],"curies":[{"name":"wp","href":"https:\/\/api.w.org\/{rel}","templated":true}]}}