{"id":41151,"date":"2025-02-11T17:12:11","date_gmt":"2025-02-11T15:12:11","guid":{"rendered":"https:\/\/hookahshop.lt\/?post_type=product&#038;p=41151"},"modified":"2026-04-17T16:33:49","modified_gmt":"2026-04-17T13:33:49","slug":"stikline-vandens-pypke-black-leaf-black-38cm","status":"publish","type":"product","link":"https:\/\/hookahshop.lt\/pl\/produkt\/szklana-fajka-wodna-czarna-lisc-czarna-38cm\/","title":{"rendered":"Szklana fajka wodna BLACK LEAF Czarna 38cm"},"content":{"rendered":"<h2>Szklana fajka wodna BLACK LEAF Czarna 38cm<\/h2>\n<p>Ta solidna fajka wodna wyposa\u017cona jest w wzmocniony uchwyt Down-Pipe, dyfuzor i 24-d\u017awigniowy perkolator, kt\u00f3ry unosi dym w g\u00f3r\u0119. Zapewnia to optymalne ch\u0142odzenie i filtracj\u0119.<\/p>\n<p><strong>Specyfikacje:<\/strong><sub><br \/>\n<\/sub>Wysoko\u015b\u0107: 38cm<br \/>\n\u015arednica \u0142odygi: 8,5\/5 cm<sub><br \/>\n<\/sub>Czarny kolor<sub><br \/>\n<\/sub>D\u0142ugo\u015b\u0107 tuby: 18,8 cm<sub><br \/>\n<\/sub>Materia\u0142: szk\u0142o borokrzemianowe;<\/p>\n<p>Czy masz jakie\u015b pytania? Skontaktuj si\u0119 z nami\u00a0<a href=\"https:\/\/hookahshop.lt\/pl\/lacznosc\/\">strona z kontaktami<\/a>\u00a0lub napisz do nas na adres\u00a0<a href=\"https:\/\/facebook.com\/HookahShop.lt\/\" target=\"_blank\" rel=\"noopener\">konto na Facebooku<\/a>\u00a0a my odpowiemy na Twoj\u0105 pro\u015bb\u0119 tego samego dnia.<\/p>","protected":false},"excerpt":{"rendered":"<p>Stiklin\u0117 vandens pypk\u0117 BLACK LEAF Black 38cm \u0160i tvirta vandens pypk\u0117 turi sustiprint\u0105 \u201eDown-Pipe\u201c laikikl\u012f, difuzori\u0173. D\u016bmams kylant auk\u0161tyn, jie prasiskverbia per 24 svir\u010di\u0173 perkoliatori\u0173. Tai u\u017etikrina optimal\u0173 au\u0161inim\u0105 ir filtravim\u0105. Specifikacijos: Auk\u0161tis: 38cm Stiebo skersmuo: 8,5\/5cm Spalva: Juoda Vamzdelio ilgis: 18,8cm Med\u017eiaga: Borosilikatinis stiklas Turite klausim\u0173? Susisiekite su mumis\u00a0kontakt\u0173 puslapyje\u00a0arba para\u0161ykite mums \u012f\u00a0Facebook paskyr\u0105\u00a0ir [&hellip;]<\/p>","protected":false},"featured_media":41253,"comment_status":"open","ping_status":"closed","template":"","meta":[],"_links":{"self":[{"href":"https:\/\/hookahshop.lt\/pl\/wp-json\/wp\/v2\/product\/41151"}],"collection":[{"href":"https:\/\/hookahshop.lt\/pl\/wp-json\/wp\/v2\/product"}],"about":[{"href":"https:\/\/hookahshop.lt\/pl\/wp-json\/wp\/v2\/types\/product"}],"replies":[{"embeddable":true,"href":"https:\/\/hookahshop.lt\/pl\/wp-json\/wp\/v2\/comments?post=41151"}],"version-history":[{"count":4,"href":"https:\/\/hookahshop.lt\/pl\/wp-json\/wp\/v2\/product\/41151\/revisions"}],"predecessor-version":[{"id":44667,"href":"https:\/\/hookahshop.lt\/pl\/wp-json\/wp\/v2\/product\/41151\/revisions\/44667"}],"wp:featuredmedia":[{"embeddable":true,"href":"https:\/\/hookahshop.lt\/pl\/wp-json\/wp\/v2\/media\/41253"}],"wp:attachment":[{"href":"https:\/\/hookahshop.lt\/pl\/wp-json\/wp\/v2\/media?parent=41151"}],"curies":[{"name":"wp","href":"https:\/\/api.w.org\/{rel}","templated":true}]}}