{"id":41154,"date":"2025-02-11T17:14:30","date_gmt":"2025-02-11T15:14:30","guid":{"rendered":"https:\/\/hookahshop.lt\/?post_type=product&#038;p=41154"},"modified":"2026-04-15T23:29:38","modified_gmt":"2026-04-15T20:29:38","slug":"stikline-vandens-pypke-black-leaf-fire-34cm","status":"publish","type":"product","link":"https:\/\/hookahshop.lt\/pl\/produkt\/szklana-fajka-wodna-czarny-lisc-ogien-34cm\/","title":{"rendered":"Szklana fajka wodna BLACK LEAF Fire 34cm"},"content":{"rendered":"<h2>Szklana fajka wodna BLACK LEAF Fire 34cm<\/h2>\n<p>Ta wygodna szklana fajka od Black Leaf posiada komor\u0119 lodow\u0105, kt\u00f3ra zapewnia ch\u0142odzenie dymu. Nagrzewa si\u0119 prawid\u0142owo dzi\u0119ki mocnemu dop\u0142ywowi powietrza dzi\u0119ki zatyczce z otworem spustowym, co u\u0142atwia r\u00f3wnie\u017c czyszczenie.<\/p>\n<p><strong>Specyfikacje:<\/strong><sub><br \/>\n<\/sub>Wysoko\u015b\u0107: 34cm<br \/>\n\u015arednica \u0142odygi: 13\/5,1 cm<sub><br \/>\n<\/sub>D\u0142ugo\u015b\u0107 tuby: 18,8\/14,5 cm<br \/>\nKolor: Przezroczysty\/czerwony<sub><br \/>\n<\/sub>Materia\u0142: szk\u0142o borokrzemianowe;<\/p>\n<p>Czy masz jakie\u015b pytania? Skontaktuj si\u0119 z nami\u00a0<a href=\"https:\/\/hookahshop.lt\/pl\/lacznosc\/\">strona z kontaktami<\/a>\u00a0lub napisz do nas na adres\u00a0<a href=\"https:\/\/facebook.com\/HookahShop.lt\/\" target=\"_blank\" rel=\"noopener\">konto na Facebooku<\/a>\u00a0a my odpowiemy na Twoj\u0105 pro\u015bb\u0119 tego samego dnia.<\/p>","protected":false},"excerpt":{"rendered":"<p>Szklana fajka wodna BLACK LEAF Fire 34cm Ta wygodna szklana fajka od Black Leaf ma komor\u0119 lodow\u0105, kt\u00f3ra zapewnia ch\u0142odzenie dymu. Nagrzewa si\u0119 prawid\u0142owo dzi\u0119ki mocnemu dop\u0142ywowi powietrza dzi\u0119ki korkowi \u201ekickhole\u201d, co u\u0142atwia r\u00f3wnie\u017c czyszczenie. Specyfikacje: Wysoko\u015b\u0107: 34cm \u015arednica trzonu: 13\/5,1cm D\u0142ugo\u015b\u0107 rurki: 18,8\/14,5cm Kolor: Przezroczysty\/czerwony Materia\u0142: Szk\u0142o borokrzemianowe Masz jakie\u015b pytania? Skontaktuj si\u0119 z nami na stronie kontaktowej lub [\u2026]<\/p>","protected":false},"featured_media":41261,"comment_status":"open","ping_status":"closed","template":"","meta":[],"_links":{"self":[{"href":"https:\/\/hookahshop.lt\/pl\/wp-json\/wp\/v2\/product\/41154"}],"collection":[{"href":"https:\/\/hookahshop.lt\/pl\/wp-json\/wp\/v2\/product"}],"about":[{"href":"https:\/\/hookahshop.lt\/pl\/wp-json\/wp\/v2\/types\/product"}],"replies":[{"embeddable":true,"href":"https:\/\/hookahshop.lt\/pl\/wp-json\/wp\/v2\/comments?post=41154"}],"version-history":[{"count":3,"href":"https:\/\/hookahshop.lt\/pl\/wp-json\/wp\/v2\/product\/41154\/revisions"}],"predecessor-version":[{"id":45193,"href":"https:\/\/hookahshop.lt\/pl\/wp-json\/wp\/v2\/product\/41154\/revisions\/45193"}],"wp:featuredmedia":[{"embeddable":true,"href":"https:\/\/hookahshop.lt\/pl\/wp-json\/wp\/v2\/media\/41261"}],"wp:attachment":[{"href":"https:\/\/hookahshop.lt\/pl\/wp-json\/wp\/v2\/media?parent=41154"}],"curies":[{"name":"wp","href":"https:\/\/api.w.org\/{rel}","templated":true}]}}