{"id":41169,"date":"2025-02-11T17:24:10","date_gmt":"2025-02-11T15:24:10","guid":{"rendered":"https:\/\/hookahshop.lt\/?post_type=product&#038;p=41169"},"modified":"2026-04-21T23:30:29","modified_gmt":"2026-04-21T20:30:29","slug":"stikline-vandens-pypke-black-leaf-broccoli-40cm","status":"publish","type":"product","link":"https:\/\/hookahshop.lt\/pl\/produkt\/szklana-fajka-wodna-czarne-liscie-brokuly-40cm\/","title":{"rendered":"Szklana fajka wodna BLACK LEAF Broccoli 40cm"},"content":{"rendered":"<h2>Szklana fajka wodna BLACK LEAF Broccoli 40cm<\/h2>\n<p>Wygodna szklana fajka z perkolatorem od Black Leaf. Wdychaj\u0105c powietrze i wod\u0119, intensywnie obracasz perkolatorem. Dzi\u0119ki temu dym jest jednocze\u015bnie ch\u0142odzony i filtrowany. Funkcja perkolatora, ch\u0142odzenie dymu. Ta fajka wodna ma korek z otworem, dzi\u0119ki czemu czyszczenie jest o wiele \u0142atwiejsze. Rura wodna ma du\u017c\u0105 pojemno\u015b\u0107.<\/p>\n<p><strong>Specyfikacje:<\/strong><sub><br \/>\n<\/sub>Wysoko\u015b\u0107: 40 cm<br \/>\n\u015arednica \u0142odygi: 5cm<sub><br \/>\n<\/sub>Kolor: Przezroczysty\/zielony<sub><br \/>\n<\/sub>D\u0142ugo\u015b\u0107 tuby: 18,8 cm<sub><br \/>\n<\/sub>Materia\u0142: szk\u0142o borokrzemianowe;<\/p>\n<p>Czy masz jakie\u015b pytania? Skontaktuj si\u0119 z nami\u00a0<a href=\"https:\/\/hookahshop.lt\/pl\/lacznosc\/\">strona z kontaktami<\/a>\u00a0lub napisz do nas na adres\u00a0<a href=\"https:\/\/facebook.com\/HookahShop.lt\/\" target=\"_blank\" rel=\"noopener\">konto na Facebooku<\/a>\u00a0a my odpowiemy na Twoj\u0105 pro\u015bb\u0119 tego samego dnia.<\/p>","protected":false},"excerpt":{"rendered":"<p>Szklana fajka wodna BLACK LEAF Broccoli 40cm Wygodna szklana fajka firmy Black Leaf z perkolatorem. Podczas wdychania powietrza i wody perkolator obraca si\u0119 mocno. To ch\u0142odzi dym i jednocze\u015bnie go filtruje. Funkcja perkolatora, ch\u0142odzenie dymu. Ta fajka wodna ma korek kickhole - dzi\u0119ki temu czyszczenie jest znacznie \u0142atwiejsze. Fajka wodna ma du\u017c\u0105 pojemno\u015b\u0107. Specyfikacja: Wysoko\u015b\u0107: 40cm \u015arednica trzonu: [\u2026]<\/p>","protected":false},"featured_media":41273,"comment_status":"open","ping_status":"closed","template":"","meta":[],"_links":{"self":[{"href":"https:\/\/hookahshop.lt\/pl\/wp-json\/wp\/v2\/product\/41169"}],"collection":[{"href":"https:\/\/hookahshop.lt\/pl\/wp-json\/wp\/v2\/product"}],"about":[{"href":"https:\/\/hookahshop.lt\/pl\/wp-json\/wp\/v2\/types\/product"}],"replies":[{"embeddable":true,"href":"https:\/\/hookahshop.lt\/pl\/wp-json\/wp\/v2\/comments?post=41169"}],"version-history":[{"count":3,"href":"https:\/\/hookahshop.lt\/pl\/wp-json\/wp\/v2\/product\/41169\/revisions"}],"predecessor-version":[{"id":42576,"href":"https:\/\/hookahshop.lt\/pl\/wp-json\/wp\/v2\/product\/41169\/revisions\/42576"}],"wp:featuredmedia":[{"embeddable":true,"href":"https:\/\/hookahshop.lt\/pl\/wp-json\/wp\/v2\/media\/41273"}],"wp:attachment":[{"href":"https:\/\/hookahshop.lt\/pl\/wp-json\/wp\/v2\/media?parent=41169"}],"curies":[{"name":"wp","href":"https:\/\/api.w.org\/{rel}","templated":true}]}}