{"id":41181,"date":"2025-02-11T17:33:28","date_gmt":"2025-02-11T15:33:28","guid":{"rendered":"https:\/\/hookahshop.lt\/?post_type=product&#038;p=41181"},"modified":"2026-04-18T23:29:32","modified_gmt":"2026-04-18T20:29:32","slug":"smulkintuvas-akrilinis-60mm","status":"publish","type":"product","link":"https:\/\/hookahshop.lt\/pl\/produkt\/niszczarka-akrylowa-60mm\/","title":{"rendered":"Niszczarka akrylowa 60mm"},"content":{"rendered":"<h2>Niszczarka akrylowa 60mm<\/h2>\n<p>Ta 3-cz\u0119\u015bciowa niszczarka akrylowa z z\u0119bami w kszta\u0142cie diamentu doskonale nadaje si\u0119 do niszczenia dokument\u00f3w. Dzi\u0119ki niewielkim rozmiarom idealnie le\u017cy w d\u0142oni.<\/p>\n<p><strong>Specyfikacje:<\/strong><sub><br \/>\n<\/sub>Wysoko\u015b\u0107: 2,5 cm<br \/>\n\u015arednica \u0142odygi: 6cm<sub><br \/>\n<\/sub>Kolor: Przezroczysty<sub><br \/>\n<\/sub>Materia\u0142: akryl<\/p>\n<p>Czy masz jakie\u015b pytania? Skontaktuj si\u0119 z nami\u00a0<a href=\"https:\/\/hookahshop.lt\/pl\/lacznosc\/\">strona z kontaktami<\/a>\u00a0lub napisz do nas na adres\u00a0<a href=\"https:\/\/facebook.com\/HookahShop.lt\/\" target=\"_blank\" rel=\"noopener\">konto na Facebooku<\/a>\u00a0a my odpowiemy na Twoj\u0105 pro\u015bb\u0119 tego samego dnia.<\/p>","protected":false},"excerpt":{"rendered":"<p>Niszczarka akrylowa 60 mm Ta 3-cz\u0119\u015bciowa niszczarka akrylowa z z\u0119bami w kszta\u0142cie diamentu idealnie nadaje si\u0119 do niszczenia dokument\u00f3w. Dzi\u0119ki niewielkim rozmiarom idealnie le\u017cy w d\u0142oni. Dane techniczne: Wysoko\u015b\u0107: 2,5 cm \u015arednica trzonka: 6 cm Kolor: Przezroczysty Materia\u0142: Akryl Masz pytania? Skontaktuj si\u0119 z nami za po\u015brednictwem strony kontaktowej lub napisz do nas na Facebooku, a odpowiemy tego samego dnia.<\/p>","protected":false},"featured_media":41281,"comment_status":"open","ping_status":"closed","template":"","meta":[],"_links":{"self":[{"href":"https:\/\/hookahshop.lt\/pl\/wp-json\/wp\/v2\/product\/41181"}],"collection":[{"href":"https:\/\/hookahshop.lt\/pl\/wp-json\/wp\/v2\/product"}],"about":[{"href":"https:\/\/hookahshop.lt\/pl\/wp-json\/wp\/v2\/types\/product"}],"replies":[{"embeddable":true,"href":"https:\/\/hookahshop.lt\/pl\/wp-json\/wp\/v2\/comments?post=41181"}],"version-history":[{"count":5,"href":"https:\/\/hookahshop.lt\/pl\/wp-json\/wp\/v2\/product\/41181\/revisions"}],"predecessor-version":[{"id":45759,"href":"https:\/\/hookahshop.lt\/pl\/wp-json\/wp\/v2\/product\/41181\/revisions\/45759"}],"wp:featuredmedia":[{"embeddable":true,"href":"https:\/\/hookahshop.lt\/pl\/wp-json\/wp\/v2\/media\/41281"}],"wp:attachment":[{"href":"https:\/\/hookahshop.lt\/pl\/wp-json\/wp\/v2\/media?parent=41181"}],"curies":[{"name":"wp","href":"https:\/\/api.w.org\/{rel}","templated":true}]}}