{"id":41184,"date":"2025-02-11T17:42:25","date_gmt":"2025-02-11T15:42:25","guid":{"rendered":"https:\/\/hookahshop.lt\/?post_type=product&#038;p=41184"},"modified":"2026-04-14T23:29:46","modified_gmt":"2026-04-14T20:29:46","slug":"smulkintuvas-aliuminis-grey-40mm","status":"publish","type":"product","link":"https:\/\/hookahshop.lt\/pl\/produkt\/niszczarka-aluminiowa-szara-40mm\/","title":{"rendered":"Niszczarka aluminiowa szara 40mm"},"content":{"rendered":"<h2>Niszczarka aluminiowa szara 40mm<\/h2>\n<p>Wycinany CNC aluminiowy r\u0119bak z z\u0119bami w kszta\u0142cie rombu i os\u0142on\u0105 magnetyczn\u0105. Korpus: komora dolna, m\u0142ynek.<\/p>\n<p><strong>Specyfikacje:<\/strong><br \/>\nWysoko\u015b\u0107: 16mm<br \/>\n\u015arednica: 4\/3,7 cm<br \/>\nCzarny kolor<br \/>\nMateria\u0142: aluminium<\/p>\n<p>Czy masz jakie\u015b pytania? Skontaktuj si\u0119 z nami\u00a0<a href=\"https:\/\/hookahshop.lt\/pl\/lacznosc\/\">strona z kontaktami<\/a>\u00a0lub napisz do nas na adres\u00a0<a href=\"https:\/\/facebook.com\/HookahShop.lt\/\" target=\"_blank\" rel=\"noopener\">konto na Facebooku<\/a>\u00a0a my odpowiemy na Twoj\u0105 pro\u015bb\u0119 tego samego dnia.<\/p>","protected":false},"excerpt":{"rendered":"<p>Szara, 40-milimetrowa, aluminiowa niszczarka CNC z z\u0119bami w kszta\u0142cie diamentu i magnetyczn\u0105 pokryw\u0105. Korpus: dolna komora, m\u0142ynek. Dane techniczne: Wysoko\u015b\u0107: 16 mm \u015arednica: 4\/3,7 cm Kolor: czarny Materia\u0142: aluminium Masz pytania? Skontaktuj si\u0119 z nami za po\u015brednictwem strony kontaktowej lub napisz do nas na Facebooku, a odpowiemy tego samego dnia.<\/p>","protected":false},"featured_media":41283,"comment_status":"open","ping_status":"closed","template":"","meta":[],"_links":{"self":[{"href":"https:\/\/hookahshop.lt\/pl\/wp-json\/wp\/v2\/product\/41184"}],"collection":[{"href":"https:\/\/hookahshop.lt\/pl\/wp-json\/wp\/v2\/product"}],"about":[{"href":"https:\/\/hookahshop.lt\/pl\/wp-json\/wp\/v2\/types\/product"}],"replies":[{"embeddable":true,"href":"https:\/\/hookahshop.lt\/pl\/wp-json\/wp\/v2\/comments?post=41184"}],"version-history":[{"count":6,"href":"https:\/\/hookahshop.lt\/pl\/wp-json\/wp\/v2\/product\/41184\/revisions"}],"predecessor-version":[{"id":43506,"href":"https:\/\/hookahshop.lt\/pl\/wp-json\/wp\/v2\/product\/41184\/revisions\/43506"}],"wp:featuredmedia":[{"embeddable":true,"href":"https:\/\/hookahshop.lt\/pl\/wp-json\/wp\/v2\/media\/41283"}],"wp:attachment":[{"href":"https:\/\/hookahshop.lt\/pl\/wp-json\/wp\/v2\/media?parent=41184"}],"curies":[{"name":"wp","href":"https:\/\/api.w.org\/{rel}","templated":true}]}}