{"id":41187,"date":"2025-02-11T17:46:27","date_gmt":"2025-02-11T15:46:27","guid":{"rendered":"https:\/\/hookahshop.lt\/?post_type=product&#038;p=41187"},"modified":"2026-04-14T23:29:46","modified_gmt":"2026-04-14T20:29:46","slug":"stikline-vandens-pypke-anonymous-cylinder-25cm","status":"publish","type":"product","link":"https:\/\/hookahshop.lt\/pl\/produkt\/szklana-fajka-wodna-anonimowy-cylinder-25cm\/","title":{"rendered":"Szklana fajka wodna Anonimowy Cylinder 25cm"},"content":{"rendered":"<h2>Szklana fajka wodna Anonimowy Cylinder 25cm<\/h2>\n<p>Ma\u0142e szklane bongo z wzorem maski anonimowej, \u015bwietnym otworem do kopni\u0119cia i naci\u0119ciami na l\u00f3d.<\/p>\n<p><strong>Specyfikacje:<\/strong><sub><br \/>\n<\/sub>Wysoko\u015b\u0107: 21 cm<br \/>\n\u015arednica \u0142odygi: 4cm<br \/>\nD\u0142ugo\u015b\u0107 rurki: 14,5 cm<br \/>\nKolor: Przezroczysty<sub><br \/>\n<\/sub>Materia\u0142: szk\u0142o borokrzemianowe;<\/p>\n<p>Czy masz jakie\u015b pytania? Skontaktuj si\u0119 z nami\u00a0<a href=\"https:\/\/hookahshop.lt\/pl\/lacznosc\/\">strona z kontaktami<\/a>\u00a0lub napisz do nas na adres\u00a0<a href=\"https:\/\/facebook.com\/HookahShop.lt\/\" target=\"_blank\" rel=\"noopener\">konto na Facebooku<\/a>\u00a0a my odpowiemy na Twoj\u0105 pro\u015bb\u0119 tego samego dnia.<\/p>","protected":false},"excerpt":{"rendered":"<p>Szklana fajka wodna Anonymous Cylinder 25cm Ma\u0142e szklane bongo z mask\u0105 Anonymous, \u015bwietnym otworem i szczelinami na l\u00f3d. Specyfikacje: Wysoko\u015b\u0107: 21cm \u015arednica trzonu: 4cm D\u0142ugo\u015b\u0107 rurki: 14,5cm Kolor: Przezroczysty Materia\u0142: Szk\u0142o borokrzemianowe Masz jakie\u015b pytania? Skontaktuj si\u0119 z nami na stronie kontaktowej lub napisz do nas na Facebooku, a odpowiemy na Twoje pytanie tego samego dnia.<\/p>","protected":false},"featured_media":41285,"comment_status":"open","ping_status":"closed","template":"","meta":[],"_links":{"self":[{"href":"https:\/\/hookahshop.lt\/pl\/wp-json\/wp\/v2\/product\/41187"}],"collection":[{"href":"https:\/\/hookahshop.lt\/pl\/wp-json\/wp\/v2\/product"}],"about":[{"href":"https:\/\/hookahshop.lt\/pl\/wp-json\/wp\/v2\/types\/product"}],"replies":[{"embeddable":true,"href":"https:\/\/hookahshop.lt\/pl\/wp-json\/wp\/v2\/comments?post=41187"}],"version-history":[{"count":5,"href":"https:\/\/hookahshop.lt\/pl\/wp-json\/wp\/v2\/product\/41187\/revisions"}],"predecessor-version":[{"id":45192,"href":"https:\/\/hookahshop.lt\/pl\/wp-json\/wp\/v2\/product\/41187\/revisions\/45192"}],"wp:featuredmedia":[{"embeddable":true,"href":"https:\/\/hookahshop.lt\/pl\/wp-json\/wp\/v2\/media\/41285"}],"wp:attachment":[{"href":"https:\/\/hookahshop.lt\/pl\/wp-json\/wp\/v2\/media?parent=41187"}],"curies":[{"name":"wp","href":"https:\/\/api.w.org\/{rel}","templated":true}]}}