{"id":41198,"date":"2025-02-11T17:52:18","date_gmt":"2025-02-11T15:52:18","guid":{"rendered":"https:\/\/hookahshop.lt\/?post_type=product&#038;p=41198"},"modified":"2026-04-17T16:33:49","modified_gmt":"2026-04-17T13:33:49","slug":"tinkliukas-black-leaf-12mm","status":"publish","type":"product","link":"https:\/\/hookahshop.lt\/pl\/produkt\/siatka-czarny-lisc-12mm\/","title":{"rendered":"Siatka CZARNY LI\u015a\u0106 12mm"},"content":{"rendered":"<h2>Siatka CZARNY LI\u015a\u0106 12mm<\/h2>\n<p>Siatka ze stali nierdzewnej wysokiej jako\u015bci o \u015brednicy 15mm.<\/p>\n<p>Czy masz jakie\u015b pytania? Skontaktuj si\u0119 z nami\u00a0<a href=\"https:\/\/hookahshop.lt\/pl\/lacznosc\/\">strona z kontaktami<\/a>\u00a0lub napisz do nas na adres\u00a0<a href=\"https:\/\/facebook.com\/HookahShop.lt\/\" target=\"_blank\" rel=\"noopener\">konto na Facebooku<\/a>\u00a0a my odpowiemy na Twoj\u0105 pro\u015bb\u0119 tego samego dnia.<\/p>","protected":false},"excerpt":{"rendered":"<p>Siatka BLACK LEAF 12mm Wysokiej jako\u015bci oczka ze stali nierdzewnej o \u015brednicy 15mm. Masz pytania? Skontaktuj si\u0119 z nami na stronie kontaktowej lub napisz do nas na Facebooku, a odpowiemy na Twoje zapytanie tego samego dnia.<\/p>","protected":false},"featured_media":41288,"comment_status":"open","ping_status":"closed","template":"","meta":[],"_links":{"self":[{"href":"https:\/\/hookahshop.lt\/pl\/wp-json\/wp\/v2\/product\/41198"}],"collection":[{"href":"https:\/\/hookahshop.lt\/pl\/wp-json\/wp\/v2\/product"}],"about":[{"href":"https:\/\/hookahshop.lt\/pl\/wp-json\/wp\/v2\/types\/product"}],"replies":[{"embeddable":true,"href":"https:\/\/hookahshop.lt\/pl\/wp-json\/wp\/v2\/comments?post=41198"}],"version-history":[{"count":3,"href":"https:\/\/hookahshop.lt\/pl\/wp-json\/wp\/v2\/product\/41198\/revisions"}],"predecessor-version":[{"id":44644,"href":"https:\/\/hookahshop.lt\/pl\/wp-json\/wp\/v2\/product\/41198\/revisions\/44644"}],"wp:featuredmedia":[{"embeddable":true,"href":"https:\/\/hookahshop.lt\/pl\/wp-json\/wp\/v2\/media\/41288"}],"wp:attachment":[{"href":"https:\/\/hookahshop.lt\/pl\/wp-json\/wp\/v2\/media?parent=41198"}],"curies":[{"name":"wp","href":"https:\/\/api.w.org\/{rel}","templated":true}]}}