{"id":41201,"date":"2025-02-11T17:54:33","date_gmt":"2025-02-11T15:54:33","guid":{"rendered":"https:\/\/hookahshop.lt\/?post_type=product&#038;p=41201"},"modified":"2026-04-24T23:30:18","modified_gmt":"2026-04-24T20:30:18","slug":"tinkliukai-black-leaf-blue-12mm-3vnt","status":"publish","type":"product","link":"https:\/\/hookahshop.lt\/pl\/produkt\/siatki-czarno-lisciaste-niebieskie-12mm-3szt\/","title":{"rendered":"Siatki BLACK LEAF Niebieskie 12mm 3szt"},"content":{"rendered":"<h2>Siatki BLACK LEAF Niebieskie 12mm 3szt<\/h2>\n<p>Siatka ze stali nierdzewnej wysokiej jako\u015bci o \u015brednicy 12mm.<\/p>\n<p>Ilo\u015b\u0107 w pude\u0142ku: 3szt.<\/p>\n<p>Czy masz jakie\u015b pytania? Skontaktuj si\u0119 z nami\u00a0<a href=\"https:\/\/hookahshop.lt\/pl\/lacznosc\/\">strona z kontaktami<\/a>\u00a0lub napisz do nas na adres\u00a0<a href=\"https:\/\/facebook.com\/HookahShop.lt\/\" target=\"_blank\" rel=\"noopener\">konto na Facebooku<\/a>\u00a0a my odpowiemy na Twoj\u0105 pro\u015bb\u0119 tego samego dnia.<\/p>","protected":false},"excerpt":{"rendered":"<p>Siatki BLACK LEAF Blue 12mm 3szt. Wysokiej jako\u015bci siatki ze stali nierdzewnej o \u015brednicy 12mm. Ilo\u015b\u0107 w pude\u0142ku: 3szt. Masz pytania? Skontaktuj si\u0119 z nami na stronie kontaktowej lub napisz do nas na Facebooku, a odpowiemy na Twoje zapytanie tego samego dnia.<\/p>","protected":false},"featured_media":41290,"comment_status":"open","ping_status":"closed","template":"","meta":[],"_links":{"self":[{"href":"https:\/\/hookahshop.lt\/pl\/wp-json\/wp\/v2\/product\/41201"}],"collection":[{"href":"https:\/\/hookahshop.lt\/pl\/wp-json\/wp\/v2\/product"}],"about":[{"href":"https:\/\/hookahshop.lt\/pl\/wp-json\/wp\/v2\/types\/product"}],"replies":[{"embeddable":true,"href":"https:\/\/hookahshop.lt\/pl\/wp-json\/wp\/v2\/comments?post=41201"}],"version-history":[{"count":6,"href":"https:\/\/hookahshop.lt\/pl\/wp-json\/wp\/v2\/product\/41201\/revisions"}],"predecessor-version":[{"id":45291,"href":"https:\/\/hookahshop.lt\/pl\/wp-json\/wp\/v2\/product\/41201\/revisions\/45291"}],"wp:featuredmedia":[{"embeddable":true,"href":"https:\/\/hookahshop.lt\/pl\/wp-json\/wp\/v2\/media\/41290"}],"wp:attachment":[{"href":"https:\/\/hookahshop.lt\/pl\/wp-json\/wp\/v2\/media?parent=41201"}],"curies":[{"name":"wp","href":"https:\/\/api.w.org\/{rel}","templated":true}]}}