{"id":41399,"date":"2025-03-06T15:16:10","date_gmt":"2025-03-06T13:16:10","guid":{"rendered":"https:\/\/hookahshop.lt\/?post_type=product&#038;p=41399"},"modified":"2026-04-17T16:33:49","modified_gmt":"2026-04-17T13:33:49","slug":"elektroninis-kaljanas-enso-shisha","status":"publish","type":"product","link":"https:\/\/hookahshop.lt\/pl\/produkt\/elektroniczna-fajka-wodna-enso-shisha\/","title":{"rendered":"Elektroniczna fajka wodna ENSO Shisha"},"content":{"rendered":"<h2>Elektroniczna fajka wodna ENSO Shisha<\/h2>\n<p>To zupe\u0142nie nowy typ przeno\u015bnej elektronicznej fajki wodnej (nazywanej r\u00f3wnie\u017c Weesha). Urz\u0105dzenie posiada magnetyczne przy\u0142\u0105cze w\u0119\u017ca. Stosuj\u0105c system filtracji wody mo\u017cna odparowywa\u0107 koncentraty. Shisha posiada tryb podgrzewania, wi\u0119c nie wymaga u\u017cycia w\u0119gla.<br \/>\nPojemno\u015b\u0107 pojemnika na tyto\u0144: 15-25 g<\/p>\n<p><strong>Specyfikacja:<\/strong><br \/>\nBateria: 5000mAh<br \/>\nCzas dzia\u0142ania: do 2 godzin \u2013 \u0142adowanie trwa oko\u0142o 3 godz. 30 min.<br \/>\nKolba: ~ 0,2 l<br \/>\nWymiary: 33 x 12 cm<br \/>\nWaga: 2,5 kg<br \/>\nPrzy\u0142\u0105cze w\u0119\u017ca: magnetyczne<sub><br \/>\n<\/sub>W\u0105\u017c: silikonowy<\/p>\n<p><strong>Materia\u0142y:<\/strong><br \/>\nSolidna obudowa ze stopu cynku<br \/>\nSzklana kolba<br \/>\nKomora grzewcza porcelanowa<br \/>\nFili\u017canka porcelanowa<br \/>\nJednorazowy pojemnik na tyto\u0144 aluminiowy<br \/>\nUstnik ze stali nierdzewnej<br \/>\nPasek ze sk\u00f3ry wega\u0144skiej<\/p>\n<p><strong>Ekwipunek:<\/strong><br \/>\n1x fajka wodna Enso<br \/>\n1x kabel \u0142aduj\u0105cy USB-C<br \/>\n1x bateria<br \/>\n1x adapter wtyczki europejskiej<br \/>\n2x metalowe nasadki<br \/>\n10x kubk\u00f3w jednorazowych<br \/>\n2x kubki wielokrotnego u\u017cytku<br \/>\n5x silikonowy ustnik<br \/>\n1x silikonowa os\u0142ona ustnika<br \/>\n1x w\u0105\u017c<br \/>\n1x zaw\u00f3r odpowietrzaj\u0105cy<br \/>\n1x uszczelka<br \/>\nx1 zestaw do czyszczenia<\/p>\n<p><strong>Okres gwarancji:<\/strong><br \/>\n12 miesi\u0119cy.<\/p>\n<p>Czy masz jakie\u015b pytania? Skontaktuj si\u0119 z nami\u00a0<a href=\"https:\/\/hookahshop.lt\/pl\/lacznosc\/\">strona z kontaktami<\/a>\u00a0lub napisz do nas na adres\u00a0<a href=\"https:\/\/facebook.com\/HookahShop.lt\/\" target=\"_blank\" rel=\"noopener\">konto na Facebooku<\/a>\u00a0a my odpowiemy na Twoj\u0105 pro\u015bb\u0119 tego samego dnia.<\/p>","protected":false},"excerpt":{"rendered":"<p>Elektroniczna fajka wodna ENSO Shisha To zupe\u0142nie nowy typ przeno\u015bnej elektronicznej fajki wodnej (nazywanej r\u00f3wnie\u017c Weesha). Urz\u0105dzenie posiada magnetyczne przy\u0142\u0105cze w\u0119\u017ca. Za pomoc\u0105 systemu filtracji wody mo\u017ce odparowywa\u0107 koncentraty. Fajka wodna posiada tryb grzania, wi\u0119c nie wymaga w\u0119gla. Pojemno\u015b\u0107 pojemnika na tyto\u0144: 15\u201325 g Specyfikacja: Bateria: 5000 mAh Czas dzia\u0142ania: do 2 godzin - \u0142adowanie trwa oko\u0142o 3 godzin [\u2026]<\/p>","protected":false},"featured_media":41406,"comment_status":"open","ping_status":"closed","template":"","meta":[],"_links":{"self":[{"href":"https:\/\/hookahshop.lt\/pl\/wp-json\/wp\/v2\/product\/41399"}],"collection":[{"href":"https:\/\/hookahshop.lt\/pl\/wp-json\/wp\/v2\/product"}],"about":[{"href":"https:\/\/hookahshop.lt\/pl\/wp-json\/wp\/v2\/types\/product"}],"replies":[{"embeddable":true,"href":"https:\/\/hookahshop.lt\/pl\/wp-json\/wp\/v2\/comments?post=41399"}],"version-history":[{"count":11,"href":"https:\/\/hookahshop.lt\/pl\/wp-json\/wp\/v2\/product\/41399\/revisions"}],"predecessor-version":[{"id":41768,"href":"https:\/\/hookahshop.lt\/pl\/wp-json\/wp\/v2\/product\/41399\/revisions\/41768"}],"wp:featuredmedia":[{"embeddable":true,"href":"https:\/\/hookahshop.lt\/pl\/wp-json\/wp\/v2\/media\/41406"}],"wp:attachment":[{"href":"https:\/\/hookahshop.lt\/pl\/wp-json\/wp\/v2\/media?parent=41399"}],"curies":[{"name":"wp","href":"https:\/\/api.w.org\/{rel}","templated":true}]}}