{"id":41469,"date":"2025-03-15T16:27:51","date_gmt":"2025-03-15T14:27:51","guid":{"rendered":"https:\/\/hookahshop.lt\/?post_type=product&#038;p=41469"},"modified":"2026-04-15T23:29:39","modified_gmt":"2026-04-15T20:29:39","slug":"karscio-kamera-ghost","status":"publish","type":"product","link":"https:\/\/hookahshop.lt\/pl\/produkt\/goraca-kamera-duch\/","title":{"rendered":"Kamera termowizyjna GHOST"},"content":{"rendered":"<h2><strong>Kamera termowizyjna GHOST<\/strong><\/h2>\n<p>Dzi\u0119ki zastosowaniu najwy\u017cszej jako\u015bci materia\u0142\u00f3w w procesie produkcji, GHOST zachowuje sw\u00f3j wygl\u0105d i b\u0119dzie s\u0142u\u017cy\u0142 przez d\u0142ugi czas. Specjalne rowki zapobiegaj\u0105 \u015blizganiu si\u0119 kubka.<\/p>\n<p><strong>Specyfikacje:<\/strong><sub><br \/>\n<\/sub>\u015arednica dna: ~7 cm<br \/>\n\u015arednica g\u00f3rna (zewn\u0119trzna): 6 cm<br \/>\n\u015arednica g\u00f3rna (wewn\u0119trzna): 5 cm<br \/>\nMateria\u0142: Stal nierdzewna<br \/>\nWaga: ~200 g<\/p>\n<p>Czy masz jakie\u015b pytania? Skontaktuj si\u0119 z nami\u00a0<a href=\"https:\/\/hookahshop.lt\/pl\/lacznosc\/\">strona z kontaktami<\/a>\u00a0lub napisz do nas na adres\u00a0<a href=\"https:\/\/facebook.com\/HookahShop.lt\/\" target=\"_blank\" rel=\"noopener\">konto na Facebooku<\/a>\u00a0a my odpowiemy na Twoj\u0105 pro\u015bb\u0119 tego samego dnia.<\/p>","protected":false},"excerpt":{"rendered":"<p>Komora grzewcza GHOST Dzi\u0119ki wysokiej jako\u015bci materia\u0142owi u\u017cytemu do produkcji, GHOST zachowuje sw\u00f3j wygl\u0105d i b\u0119dzie s\u0142u\u017cy\u0142 przez d\u0142ugi czas. Specjalne naci\u0119cia zmniejszaj\u0105 \u015blizganie si\u0119 kubka. Dane techniczne: \u015arednica dna: ~7 cm \u015arednica g\u00f3rna (zewn\u0119trzna): 6 cm \u015arednica g\u00f3rna (wewn\u0119trzna): 5 cm Materia\u0142: stal nierdzewna Waga: ~200 g Masz pytania? Skontaktuj si\u0119 z nami na stronie kontaktowej lub napisz do nas na Facebooku, a my odpowiemy na Twoje [\u2026]<\/p>","protected":false},"featured_media":41471,"comment_status":"open","ping_status":"closed","template":"","meta":[],"_links":{"self":[{"href":"https:\/\/hookahshop.lt\/pl\/wp-json\/wp\/v2\/product\/41469"}],"collection":[{"href":"https:\/\/hookahshop.lt\/pl\/wp-json\/wp\/v2\/product"}],"about":[{"href":"https:\/\/hookahshop.lt\/pl\/wp-json\/wp\/v2\/types\/product"}],"replies":[{"embeddable":true,"href":"https:\/\/hookahshop.lt\/pl\/wp-json\/wp\/v2\/comments?post=41469"}],"version-history":[{"count":3,"href":"https:\/\/hookahshop.lt\/pl\/wp-json\/wp\/v2\/product\/41469\/revisions"}],"predecessor-version":[{"id":41616,"href":"https:\/\/hookahshop.lt\/pl\/wp-json\/wp\/v2\/product\/41469\/revisions\/41616"}],"wp:featuredmedia":[{"embeddable":true,"href":"https:\/\/hookahshop.lt\/pl\/wp-json\/wp\/v2\/media\/41471"}],"wp:attachment":[{"href":"https:\/\/hookahshop.lt\/pl\/wp-json\/wp\/v2\/media?parent=41469"}],"curies":[{"name":"wp","href":"https:\/\/api.w.org\/{rel}","templated":true}]}}