{"id":41478,"date":"2025-03-15T17:12:36","date_gmt":"2025-03-15T15:12:36","guid":{"rendered":"https:\/\/hookahshop.lt\/?post_type=product&#038;p=41478"},"modified":"2026-04-13T16:24:13","modified_gmt":"2026-04-13T13:24:13","slug":"yla-kaljano-tabakui-na-grani","status":"publish","type":"product","link":"https:\/\/hookahshop.lt\/pl\/produkt\/tyton-do-sziszy-na-grani\/","title":{"rendered":"Tyto\u0144 do shishy Yla NA GRANI"},"content":{"rendered":"<h2>Tyto\u0144 do shishy Yla NA GRANI<\/h2>\n<p>Wykonane z wysokiej jako\u015bci stali nierdzewnej, oryginalne wzornictwo z asymetrycznym frezowaniem, kt\u00f3re zapobiega staczaniu si\u0119 szyd\u0142a ze sto\u0142u. N\u00f3\u017c sk\u0142ada si\u0119 z r\u0119koje\u015bci i ostrza, a dzi\u0119ki kompaktowym rozmiarom jest wygodny w podr\u00f3\u017cy i idealnie zmie\u015bci si\u0119 w plecaku lub nawet kieszeni. Akcesorium doskonale nadaje si\u0119 do codziennego u\u017cytku, a tak\u017ce mo\u017ce pos\u0142u\u017cy\u0107 jako prezent dla mi\u0142o\u015bnik\u00f3w shishy. Sprzedawane w markowym drewnianym pude\u0142ku.<\/p>\n<p><strong>Specyfikacje:<\/strong><sub><br \/>\n<\/sub>D\u0142ugo\u015b\u0107: 10 cm<sub><br \/>\n<\/sub>Materia\u0142: Stal nierdzewna<\/p>\n<p>Czy masz jakie\u015b pytania? Skontaktuj si\u0119 z nami\u00a0<a href=\"https:\/\/hookahshop.lt\/pl\/lacznosc\/\">strona z kontaktami<\/a>\u00a0lub napisz do nas na adres\u00a0<a href=\"https:\/\/facebook.com\/HookahShop.lt\/\" target=\"_blank\" rel=\"noopener\">konto na Facebooku<\/a>\u00a0a my odpowiemy na Twoj\u0105 pro\u015bb\u0119 tego samego dnia.<\/p>","protected":false},"excerpt":{"rendered":"<p>Szyd\u0142o do tytoniu do shishy NA GRANI Wykonane z wysokiej jako\u015bci stali nierdzewnej, o oryginalnym designie z asymetrycznym frezowaniem, kt\u00f3re zapobiega zsuwaniu si\u0119 szyd\u0142a ze sto\u0142u. Sk\u0142ada si\u0119 z uchwytu i samego szyd\u0142a, a dzi\u0119ki kompaktowym rozmiarom jest wygodne w podr\u00f3\u017cy, idealnie mie\u015bci si\u0119 w plecaku, a nawet kieszeni. Akcesorium doskonale nadaje si\u0119 do codziennego u\u017cytku, a tak\u017ce sprawdzi si\u0119 jako dobry prezent dla mi\u0142o\u015bnik\u00f3w shishy. [\u2026]<\/p>","protected":false},"featured_media":41503,"comment_status":"open","ping_status":"closed","template":"","meta":[],"_links":{"self":[{"href":"https:\/\/hookahshop.lt\/pl\/wp-json\/wp\/v2\/product\/41478"}],"collection":[{"href":"https:\/\/hookahshop.lt\/pl\/wp-json\/wp\/v2\/product"}],"about":[{"href":"https:\/\/hookahshop.lt\/pl\/wp-json\/wp\/v2\/types\/product"}],"replies":[{"embeddable":true,"href":"https:\/\/hookahshop.lt\/pl\/wp-json\/wp\/v2\/comments?post=41478"}],"version-history":[{"count":2,"href":"https:\/\/hookahshop.lt\/pl\/wp-json\/wp\/v2\/product\/41478\/revisions"}],"predecessor-version":[{"id":41619,"href":"https:\/\/hookahshop.lt\/pl\/wp-json\/wp\/v2\/product\/41478\/revisions\/41619"}],"wp:featuredmedia":[{"embeddable":true,"href":"https:\/\/hookahshop.lt\/pl\/wp-json\/wp\/v2\/media\/41503"}],"wp:attachment":[{"href":"https:\/\/hookahshop.lt\/pl\/wp-json\/wp\/v2\/media?parent=41478"}],"curies":[{"name":"wp","href":"https:\/\/api.w.org\/{rel}","templated":true}]}}