{"id":41508,"date":"2025-03-15T18:58:07","date_gmt":"2025-03-15T16:58:07","guid":{"rendered":"https:\/\/hookahshop.lt\/?post_type=product&#038;p=41508"},"modified":"2026-04-18T23:29:32","modified_gmt":"2026-04-18T20:29:32","slug":"kolba-kaljanui-vg-craft-ice-effect-smoke","status":"publish","type":"product","link":"https:\/\/hookahshop.lt\/pl\/produkt\/szisza-kolba-vg-rzemieslniczy-dym-efekt-lodu\/","title":{"rendered":"Termos na fajk\u0119 wodn\u0105 VG Craft Ice Effect Smoke"},"content":{"rendered":"<h2><strong>Termos na fajk\u0119 wodn\u0105 VG Craft Ice Effect Smoke<\/strong><\/h2>\n<p>Charakteryzuje si\u0119 efektem cienkiej warstwy lodu, co sprawia, \u017ce jego wygl\u0105d jest jeszcze bardziej wyrazisty. Butelka Smoke ma kolor dymny, podobny do modelu Craft.<\/p>\n<p><strong>Specyfikacje:<\/strong><sub><br \/>\n<\/sub>Wysoko\u015b\u0107: 24,9 cm<br \/>\nWaga: ~1750 g<br \/>\n\u015arednica zewn\u0119trzna: 7 cm<br \/>\n\u015arednica wewn\u0119trzna: 4,6 cm<br \/>\nMateria\u0142 produktu: szk\u0142o<\/p>\n<p>Czy masz jakie\u015b pytania? Skontaktuj si\u0119 z nami\u00a0<a href=\"https:\/\/hookahshop.lt\/pl\/lacznosc\/\">strona z kontaktami<\/a>\u00a0lub napisz do nas na adres\u00a0<a href=\"https:\/\/facebook.com\/HookahShop.lt\/\" target=\"_blank\" rel=\"noopener\">konto na Facebooku<\/a>\u00a0a my odpowiemy na Twoj\u0105 pro\u015bb\u0119 tego samego dnia.<\/p>\n<p><strong>\u00a0<\/strong><\/p>","protected":false},"excerpt":{"rendered":"<p>Piersi\u00f3wka do fajki wodnej VG Craft Ice Effect Smoke Charakteryzuje si\u0119 efektem cienkiej warstwy lodu, co sprawia, \u017ce jej wygl\u0105d jest jeszcze bardziej wyrazisty. Piersi\u00f3wka Smoke ma kolor dymny, podobny do modelu \u201eCraft\u201d. Specyfikacja: Wysoko\u015b\u0107: 24,9 cm Waga: ~1750 g \u015arednica zewn\u0119trzna: 7 cm \u015arednica wewn\u0119trzna: 4,6 cm Materia\u0142 produktu: szk\u0142o Masz pytania? Skontaktuj si\u0119 z nami na stronie kontaktowej lub napisz do nas na Facebooku i [\u2026]<\/p>","protected":false},"featured_media":41509,"comment_status":"open","ping_status":"closed","template":"","meta":[],"_links":{"self":[{"href":"https:\/\/hookahshop.lt\/pl\/wp-json\/wp\/v2\/product\/41508"}],"collection":[{"href":"https:\/\/hookahshop.lt\/pl\/wp-json\/wp\/v2\/product"}],"about":[{"href":"https:\/\/hookahshop.lt\/pl\/wp-json\/wp\/v2\/types\/product"}],"replies":[{"embeddable":true,"href":"https:\/\/hookahshop.lt\/pl\/wp-json\/wp\/v2\/comments?post=41508"}],"version-history":[{"count":4,"href":"https:\/\/hookahshop.lt\/pl\/wp-json\/wp\/v2\/product\/41508\/revisions"}],"predecessor-version":[{"id":43080,"href":"https:\/\/hookahshop.lt\/pl\/wp-json\/wp\/v2\/product\/41508\/revisions\/43080"}],"wp:featuredmedia":[{"embeddable":true,"href":"https:\/\/hookahshop.lt\/pl\/wp-json\/wp\/v2\/media\/41509"}],"wp:attachment":[{"href":"https:\/\/hookahshop.lt\/pl\/wp-json\/wp\/v2\/media?parent=41508"}],"curies":[{"name":"wp","href":"https:\/\/api.w.org\/{rel}","templated":true}]}}