{"id":41518,"date":"2025-03-15T19:15:02","date_gmt":"2025-03-15T17:15:02","guid":{"rendered":"https:\/\/hookahshop.lt\/?post_type=product&#038;p=41518"},"modified":"2026-04-13T16:24:13","modified_gmt":"2026-04-13T13:24:13","slug":"karscio-kamera-darkside-d-heater","status":"publish","type":"product","link":"https:\/\/hookahshop.lt\/pl\/produkt\/darkside-d-heater-kamera\/","title":{"rendered":"Komora grzewcza DARKSIDE D Heater"},"content":{"rendered":"<h2><strong>Komora grzewcza DARKSIDE D Heater<\/strong><\/h2>\n<p>Wykonana z wysokiej jako\u015bci aluminium z matowym wyko\u0144czeniem. Zastosowane materia\u0142y sprawiaj\u0105, \u017ce komora grzewcza \u0142atwo si\u0119 nagrzewa, co jest \u015bwietne dla pocz\u0105tkuj\u0105cych u\u017cytkownik\u00f3w, ale mo\u017cna doda\u0107 wi\u0119cej w\u0119gla drzewnego, aby zwi\u0119kszy\u0107 intensywno\u015b\u0107 sesji.<\/p>\n<p><strong>Specyfikacje:<\/strong><sub><br \/>\n<\/sub>Wysoko\u015b\u0107: 3 cm<br \/>\n\u015arednica (zewn\u0119trzna): 7,5 cm<br \/>\n\u015arednica (wewn\u0119trzna): 6 cm<br \/>\nWaga: 80 g<br \/>\nMateria\u0142: aluminium;<\/p>\n<p>Czy masz jakie\u015b pytania? Skontaktuj si\u0119 z nami\u00a0<a href=\"https:\/\/hookahshop.lt\/pl\/lacznosc\/\">strona z kontaktami<\/a>\u00a0lub napisz do nas na adres\u00a0<a href=\"https:\/\/facebook.com\/HookahShop.lt\/\" target=\"_blank\" rel=\"noopener\">konto na Facebooku<\/a>\u00a0a my odpowiemy na Twoj\u0105 pro\u015bb\u0119 tego samego dnia.<\/p>","protected":false},"excerpt":{"rendered":"<p>Kar\u0161\u010dio kamera DARKSIDE D Heater Pagaminta i\u0161 auk\u0161tos kokyb\u0117s aliuminio su matine danga. D\u0117l naudojam\u0173 med\u017eiag\u0173 kar\u0161\u010dio kamera lengvai \u012fkaista, o tai puikiai tinka pirm\u0105 kart\u0105 besinaudojantiems, ta\u010diau galite prid\u0117ti daugiau anglies, kad padidintum\u0117te seanso intensyvum\u0105. Specifikacijos: Auk\u0161tis: 3 \u00a0cm Skersmuo (i\u0161or\u0117): 7,5 cm Skersmuo (vidus): 6 cm Svoris: 80 g Med\u017eiaga: aliuminis Turite klausim\u0173? [&hellip;]<\/p>","protected":false},"featured_media":41519,"comment_status":"open","ping_status":"closed","template":"","meta":[],"_links":{"self":[{"href":"https:\/\/hookahshop.lt\/pl\/wp-json\/wp\/v2\/product\/41518"}],"collection":[{"href":"https:\/\/hookahshop.lt\/pl\/wp-json\/wp\/v2\/product"}],"about":[{"href":"https:\/\/hookahshop.lt\/pl\/wp-json\/wp\/v2\/types\/product"}],"replies":[{"embeddable":true,"href":"https:\/\/hookahshop.lt\/pl\/wp-json\/wp\/v2\/comments?post=41518"}],"version-history":[{"count":6,"href":"https:\/\/hookahshop.lt\/pl\/wp-json\/wp\/v2\/product\/41518\/revisions"}],"predecessor-version":[{"id":45579,"href":"https:\/\/hookahshop.lt\/pl\/wp-json\/wp\/v2\/product\/41518\/revisions\/45579"}],"wp:featuredmedia":[{"embeddable":true,"href":"https:\/\/hookahshop.lt\/pl\/wp-json\/wp\/v2\/media\/41519"}],"wp:attachment":[{"href":"https:\/\/hookahshop.lt\/pl\/wp-json\/wp\/v2\/media?parent=41518"}],"curies":[{"name":"wp","href":"https:\/\/api.w.org\/{rel}","templated":true}]}}