{"id":41520,"date":"2025-03-15T19:05:39","date_gmt":"2025-03-15T17:05:39","guid":{"rendered":"https:\/\/hookahshop.lt\/?post_type=product&#038;p=41520"},"modified":"2026-05-03T23:30:38","modified_gmt":"2026-05-03T20:30:38","slug":"kaljanas-darkside-intro-black","status":"publish","type":"product","link":"https:\/\/hookahshop.lt\/pl\/produkt\/hookah-darkside-intro-czarny\/","title":{"rendered":"Szisza DARKSIDE Intro Czarna"},"content":{"rendered":"<h2><strong>Szisza DARK<\/strong><strong>SIDE Intro Czarny<\/strong><\/h2>\n<p>Materia\u0142y wysokiej jako\u015bci gwarantuj\u0105 trwa\u0142o\u015b\u0107, a specjalna konstrukcja magnetycznego adaptera w\u0119\u017ca gwarantuje, \u017ce pod\u0142\u0105czenie w\u0119\u017ca nie b\u0119dzie stanowi\u0142o \u017cadnego problemu. Shisha jest \u0142atwa i szybka w monta\u017cu, dzi\u0119ki czemu idealnie nadaje si\u0119 do u\u017cytku nie tylko w domu, ale tak\u017ce w podr\u00f3\u017cy.<\/p>\n<p><strong>Specyfikacje:<\/strong><sub><br \/>\n<\/sub>\u015arednica trzonka: 1,1 cm<sub><br \/>\n<\/sub>Wysoko\u015b\u0107: 41,5 cm<br \/>\nWaga: 3 kg<sub><br \/>\n<\/sub>Kolor: czarny, srebrny<sub><br \/>\n<\/sub>Materia\u0142: Stal nierdzewna<br \/>\n<img decoding=\"async\" loading=\"lazy\" class=\"alignnone size-medium wp-image-38520\" src=\"https:\/\/hookahshop.lt\/wp-content\/uploads\/2020\/09\/stiebas-kolba-zarna-kandiklis-1-300x273.jpg\" alt=\"- hookahshop.lt\" width=\"300\" height=\"273\" srcset=\"https:\/\/hookahshop.lt\/wp-content\/uploads\/2020\/09\/stiebas-kolba-zarna-kandiklis-1-300x273.jpg 300w, https:\/\/hookahshop.lt\/wp-content\/uploads\/2020\/09\/stiebas-kolba-zarna-kandiklis-1-13x12.jpg 13w, https:\/\/hookahshop.lt\/wp-content\/uploads\/2020\/09\/stiebas-kolba-zarna-kandiklis-1-64x58.jpg 64w, https:\/\/hookahshop.lt\/wp-content\/uploads\/2020\/09\/stiebas-kolba-zarna-kandiklis-1.jpg 420w\" sizes=\"(max-width: 300px) 100vw, 300px\" title=\"\"><\/p>\n<p>Czy masz jakie\u015b pytania? Skontaktuj si\u0119 z nami\u00a0<a href=\"https:\/\/hookahshop.lt\/pl\/lacznosc\/\">strona z kontaktami<\/a>\u00a0lub napisz do nas na adres\u00a0<a href=\"https:\/\/facebook.com\/HookahShop.lt\/\" target=\"_blank\" rel=\"noopener\">konto na Facebooku<\/a>\u00a0a my odpowiemy na Twoj\u0105 pro\u015bb\u0119 tego samego dnia.<\/p>","protected":false},"excerpt":{"rendered":"<p>Hookah DARKSIDE Intro Black Wysokiej jako\u015bci materia\u0142y zapewniaj\u0105 trwa\u0142o\u015b\u0107, a specjalna konstrukcja magnetycznego adaptera w\u0119\u017ca sprawia, \u017ce nie b\u0119dzie problem\u00f3w z pod\u0142\u0105czeniem w\u0119\u017ca. Hookah jest \u0142atwa i szybka w monta\u017cu, dzi\u0119ki czemu idealnie nadaje si\u0119 do u\u017cytku nie tylko w domu, ale tak\u017ce w podr\u00f3\u017cy. Specyfikacja: \u015arednica trzonu: 1,1 cm Wysoko\u015b\u0107: 41,5 cm Waga: 3 kg Kolor: czarny, srebrny Materia\u0142: stal nierdzewna [\u2026]<\/p>","protected":false},"featured_media":41521,"comment_status":"open","ping_status":"closed","template":"","meta":[],"_links":{"self":[{"href":"https:\/\/hookahshop.lt\/pl\/wp-json\/wp\/v2\/product\/41520"}],"collection":[{"href":"https:\/\/hookahshop.lt\/pl\/wp-json\/wp\/v2\/product"}],"about":[{"href":"https:\/\/hookahshop.lt\/pl\/wp-json\/wp\/v2\/types\/product"}],"replies":[{"embeddable":true,"href":"https:\/\/hookahshop.lt\/pl\/wp-json\/wp\/v2\/comments?post=41520"}],"version-history":[{"count":5,"href":"https:\/\/hookahshop.lt\/pl\/wp-json\/wp\/v2\/product\/41520\/revisions"}],"predecessor-version":[{"id":44999,"href":"https:\/\/hookahshop.lt\/pl\/wp-json\/wp\/v2\/product\/41520\/revisions\/44999"}],"wp:featuredmedia":[{"embeddable":true,"href":"https:\/\/hookahshop.lt\/pl\/wp-json\/wp\/v2\/media\/41521"}],"wp:attachment":[{"href":"https:\/\/hookahshop.lt\/pl\/wp-json\/wp\/v2\/media?parent=41520"}],"curies":[{"name":"wp","href":"https:\/\/api.w.org\/{rel}","templated":true}]}}