{"id":41524,"date":"2025-03-15T19:11:06","date_gmt":"2025-03-15T17:11:06","guid":{"rendered":"https:\/\/hookahshop.lt\/?post_type=product&#038;p=41524"},"modified":"2026-04-13T16:24:13","modified_gmt":"2026-04-13T13:24:13","slug":"sakute-yla-smoke","status":"publish","type":"product","link":"https:\/\/hookahshop.lt\/pl\/produkt\/sakute-yla-dym\/","title":{"rendered":"Szyd\u0142o wide\u0142kowe Smoke"},"content":{"rendered":"<h2><strong>Szyd\u0142o wide\u0142kowe Smoke<\/strong><\/h2>\n<p>U\u0142atwia wk\u0142adanie tytoniu i gwarantuje komfortowe u\u017cytkowanie. Wykonany jest z wytrzyma\u0142ej stali, dzi\u0119ki czemu jest niezwykle trwa\u0142y i niezawodny. Dzi\u0119ki niewielkim rozmiarom idealnie le\u017cy w d\u0142oni. Po\u0142\u0105czenie widelca i jarzma wyr\u00f3\u017cnia si\u0119 innowacyjnym wzornictwem i materia\u0142ami najwy\u017cszej jako\u015bci.<\/p>\n<p><strong>Specyfikacje:<\/strong><sub><br \/>\n<\/sub>Materia\u0142: Stal nierdzewna<sub><br \/>\n<\/sub>D\u0142ugo\u015b\u0107: 16 cm<\/p>\n<p>Czy masz jakie\u015b pytania? Skontaktuj si\u0119 z nami\u00a0<a href=\"https:\/\/hookahshop.lt\/pl\/lacznosc\/\">strona z kontaktami<\/a>\u00a0lub napisz do nas na adres\u00a0<a href=\"https:\/\/facebook.com\/HookahShop.lt\/\" target=\"_blank\" rel=\"noopener\">konto na Facebooku<\/a>\u00a0a my odpowiemy na Twoj\u0105 pro\u015bb\u0119 tego samego dnia.<\/p>","protected":false},"excerpt":{"rendered":"<p>Szyd\u0142o wide\u0142kowe Smoke U\u0142atwia wk\u0142adanie tytoniu i zapewnia komfortowe u\u017cytkowanie. Wykonane jest z mocnej stali, dzi\u0119ki czemu jest niezwykle wytrzyma\u0142e i niezawodne. Ze wzgl\u0119du na niewielkie wymiary idealnie le\u017cy w d\u0142oni. Po\u0142\u0105czenie szyd\u0142a wide\u0142kowego wyr\u00f3\u017cnia si\u0119 innowacyjnym wzornictwem i wysokiej klasy materia\u0142ami. Dane techniczne: Materia\u0142: stal nierdzewna D\u0142ugo\u015b\u0107: 16 cm Masz pytania? Skontaktuj si\u0119 z nami na stronie kontaktowej lub napisz do nas na Facebooku, a my odpowiemy [\u2026]<\/p>","protected":false},"featured_media":41525,"comment_status":"open","ping_status":"closed","template":"","meta":[],"_links":{"self":[{"href":"https:\/\/hookahshop.lt\/pl\/wp-json\/wp\/v2\/product\/41524"}],"collection":[{"href":"https:\/\/hookahshop.lt\/pl\/wp-json\/wp\/v2\/product"}],"about":[{"href":"https:\/\/hookahshop.lt\/pl\/wp-json\/wp\/v2\/types\/product"}],"replies":[{"embeddable":true,"href":"https:\/\/hookahshop.lt\/pl\/wp-json\/wp\/v2\/comments?post=41524"}],"version-history":[{"count":3,"href":"https:\/\/hookahshop.lt\/pl\/wp-json\/wp\/v2\/product\/41524\/revisions"}],"predecessor-version":[{"id":43281,"href":"https:\/\/hookahshop.lt\/pl\/wp-json\/wp\/v2\/product\/41524\/revisions\/43281"}],"wp:featuredmedia":[{"embeddable":true,"href":"https:\/\/hookahshop.lt\/pl\/wp-json\/wp\/v2\/media\/41525"}],"wp:attachment":[{"href":"https:\/\/hookahshop.lt\/pl\/wp-json\/wp\/v2\/media?parent=41524"}],"curies":[{"name":"wp","href":"https:\/\/api.w.org\/{rel}","templated":true}]}}