{"id":41540,"date":"2025-03-15T19:25:26","date_gmt":"2025-03-15T17:25:26","guid":{"rendered":"https:\/\/hookahshop.lt\/?post_type=product&#038;p=41540"},"modified":"2026-05-03T23:30:38","modified_gmt":"2026-05-03T20:30:38","slug":"kaljanas-darkside-orion-obsidian-black","status":"publish","type":"product","link":"https:\/\/hookahshop.lt\/pl\/produkt\/fajka-wodna-ciemna-strona-orion-obsydian-czarny\/","title":{"rendered":"Szisza DARKSIDE Orion Obsidian Black"},"content":{"rendered":"<h2><strong>Szisza DARKSIDE Orion Obsidian Black<\/strong><\/h2>\n<p>\u0141\u0105czy w sobie innowacyjny design, wysok\u0105 jako\u015b\u0107 obr\u00f3bki cz\u0119\u015bci i klasyczny, tradycyjny wygl\u0105d. Oznacza to, \u017ce model ten nie posiada dyfuzora, przez co zaci\u0105ganie si\u0119 przy u\u017cyciu fajki wodnej odbywa si\u0119 klasycznie (mocniej i z wi\u0119kszym oporem).<\/p>\n<p><strong>Specyfikacje:<\/strong><sub><br \/>\n<\/sub>Wysoko\u015b\u0107 fajki wodnej: 52 cm<br \/>\nWaga: 3 kg<sub><br \/>\n<\/sub>Materia\u0142: stal nierdzewna i poliacetal<sub><br \/>\n<\/sub>Przy\u0142\u0105cze w\u0119\u017ca: magnetyczne<sub><br \/>\n<\/sub>Hookah Pull: Classic Heavy (bez dyfuzora)<\/p>\n<p>Czy masz jakie\u015b pytania? Skontaktuj si\u0119 z nami\u00a0<a href=\"https:\/\/hookahshop.lt\/pl\/lacznosc\/\">strona z kontaktami<\/a>\u00a0lub napisz do nas na adres\u00a0<a href=\"https:\/\/facebook.com\/HookahShop.lt\/\" target=\"_blank\" rel=\"noopener\">konto na Facebooku<\/a>\u00a0a my odpowiemy na Twoj\u0105 pro\u015bb\u0119 tego samego dnia.<\/p>","protected":false},"excerpt":{"rendered":"<p>Hookah DARKSIDE Orion Obsidian Black \u0141\u0105czy innowacyjny design, wysokiej jako\u015bci obr\u00f3bk\u0119 cz\u0119\u015bci i klasyczn\u0105 tradycyjn\u0105 trakcj\u0119. Oznacza to, \u017ce ten model nie ma dyfuzora, wi\u0119c trakcja podczas korzystania z fajki wodnej jest klasyczna (ci\u0119\u017csza z oporem). Specyfikacja: Wysoko\u015b\u0107 fajki wodnej: 52 cm Waga: 3 kg Materia\u0142: stal nierdzewna i poliacetal Przy\u0142\u0105cze w\u0119\u017ca: magnetyczne Trakcja fajki wodnej: klasyczna ci\u0119\u017cka (bez dyfuzora) Masz [\u2026]<\/p>","protected":false},"featured_media":41541,"comment_status":"open","ping_status":"closed","template":"","meta":[],"_links":{"self":[{"href":"https:\/\/hookahshop.lt\/pl\/wp-json\/wp\/v2\/product\/41540"}],"collection":[{"href":"https:\/\/hookahshop.lt\/pl\/wp-json\/wp\/v2\/product"}],"about":[{"href":"https:\/\/hookahshop.lt\/pl\/wp-json\/wp\/v2\/types\/product"}],"replies":[{"embeddable":true,"href":"https:\/\/hookahshop.lt\/pl\/wp-json\/wp\/v2\/comments?post=41540"}],"version-history":[{"count":2,"href":"https:\/\/hookahshop.lt\/pl\/wp-json\/wp\/v2\/product\/41540\/revisions"}],"predecessor-version":[{"id":41569,"href":"https:\/\/hookahshop.lt\/pl\/wp-json\/wp\/v2\/product\/41540\/revisions\/41569"}],"wp:featuredmedia":[{"embeddable":true,"href":"https:\/\/hookahshop.lt\/pl\/wp-json\/wp\/v2\/media\/41541"}],"wp:attachment":[{"href":"https:\/\/hookahshop.lt\/pl\/wp-json\/wp\/v2\/media?parent=41540"}],"curies":[{"name":"wp","href":"https:\/\/api.w.org\/{rel}","templated":true}]}}