{"id":41544,"date":"2025-03-15T19:28:35","date_gmt":"2025-03-15T17:28:35","guid":{"rendered":"https:\/\/hookahshop.lt\/?post_type=product&#038;p=41544"},"modified":"2026-04-09T12:29:26","modified_gmt":"2026-04-09T09:29:26","slug":"kandiklis-kaljanui-arma-silver","status":"publish","type":"product","link":"https:\/\/hookahshop.lt\/pl\/produkt\/ustnik-do-fajki-wodnej-arma-srebrny\/","title":{"rendered":"Ustnik do shishy ARMA Silver"},"content":{"rendered":"<h2><strong>Ustnik do shishy ARMA Silver<\/strong><\/h2>\n<p>Sk\u0142ada si\u0119 z dw\u00f3ch cz\u0119\u015bci. Zestaw zawiera z\u0142\u0105cze.<sub><br \/>\n<\/sub>Ustnik + \u0142\u0105cznik ARMA dobrze le\u017cy w d\u0142oni i nadaje si\u0119 do r\u00f3\u017cnych fajek wodnych.<\/p>\n<p><strong>Specyfikacje:<\/strong><sub><br \/>\n<\/sub>Materia\u0142: aluminium;<sub><br \/>\n<\/sub>Kolor: srebrny<sub><br \/>\n<\/sub>D\u0142ugo\u015b\u0107 ustnika: 30 cm<sub><br \/>\n<\/sub>\u015arednica wewn\u0119trzna ustnika: 9 mm<\/p>\n<p>Czy masz jakie\u015b pytania? Skontaktuj si\u0119 z nami\u00a0<a href=\"https:\/\/hookahshop.lt\/pl\/lacznosc\/\">strona z kontaktami<\/a>\u00a0lub napisz do nas na adres\u00a0<a href=\"https:\/\/facebook.com\/HookahShop.lt\/\" target=\"_blank\" rel=\"noopener\">konto na Facebooku<\/a>\u00a0a my odpowiemy na Twoj\u0105 pro\u015bb\u0119 tego samego dnia.<\/p>","protected":false},"excerpt":{"rendered":"<p>Ustnik do fajki wodnej ARMA Silver Sk\u0142ada si\u0119 z dw\u00f3ch cz\u0119\u015bci. Zestaw zawiera \u0142\u0105cznik. Ustnik + \u0142\u0105cznik ARMA wygodnie le\u017cy w d\u0142oni i nadaje si\u0119 do r\u00f3\u017cnych fajek wodnych. Specyfikacja: Materia\u0142: aluminium Kolor: srebrny D\u0142ugo\u015b\u0107 ustnika: 30 cm Wewn\u0119trzna \u015brednica ustnika: 9 mm Masz pytania? Skontaktuj si\u0119 z nami na stronie kontaktowej lub napisz do nas na Facebooku, a odpowiemy na Twoje zapytanie tego samego dnia.<\/p>","protected":false},"featured_media":41545,"comment_status":"open","ping_status":"closed","template":"","meta":[],"_links":{"self":[{"href":"https:\/\/hookahshop.lt\/pl\/wp-json\/wp\/v2\/product\/41544"}],"collection":[{"href":"https:\/\/hookahshop.lt\/pl\/wp-json\/wp\/v2\/product"}],"about":[{"href":"https:\/\/hookahshop.lt\/pl\/wp-json\/wp\/v2\/types\/product"}],"replies":[{"embeddable":true,"href":"https:\/\/hookahshop.lt\/pl\/wp-json\/wp\/v2\/comments?post=41544"}],"version-history":[{"count":2,"href":"https:\/\/hookahshop.lt\/pl\/wp-json\/wp\/v2\/product\/41544\/revisions"}],"predecessor-version":[{"id":41621,"href":"https:\/\/hookahshop.lt\/pl\/wp-json\/wp\/v2\/product\/41544\/revisions\/41621"}],"wp:featuredmedia":[{"embeddable":true,"href":"https:\/\/hookahshop.lt\/pl\/wp-json\/wp\/v2\/media\/41545"}],"wp:attachment":[{"href":"https:\/\/hookahshop.lt\/pl\/wp-json\/wp\/v2\/media?parent=41544"}],"curies":[{"name":"wp","href":"https:\/\/api.w.org\/{rel}","templated":true}]}}