{"id":41548,"date":"2025-03-15T19:33:08","date_gmt":"2025-03-15T17:33:08","guid":{"rendered":"https:\/\/hookahshop.lt\/?post_type=product&#038;p=41548"},"modified":"2026-04-21T23:30:29","modified_gmt":"2026-04-21T20:30:29","slug":"kaljanas-aroma-hookah-lima-brown","status":"publish","type":"product","link":"https:\/\/hookahshop.lt\/pl\/produkt\/aromat-fajki-wodnej-fajka-wodna-lima-brown\/","title":{"rendered":"Shisha AROMA SHIHA Lima Brown"},"content":{"rendered":"<h2>Shisha AROMA SHIHA Lima Brown<\/h2>\n<p>Ka\u017cdy szczeg\u00f3\u0142 tej fajki wodnej zosta\u0142 zaprojektowany tak, aby zapewni\u0107 najlepsze doznania. Trzonek fajki wodnej wykonany jest ze stali nierdzewnej z wstawk\u0105 z naturalnego drewna, co nadaje mu niepowtarzalny wygl\u0105d. Drewno jest poddawane specjalnej obr\u00f3bce w celu zachowania jego naturalnego pi\u0119kna. Ka\u017cda \u0142odyga ma niepowtarzalny wz\u00f3r, co sprawia, \u017ce ka\u017cda fajka wodna Aroma jest wyj\u0105tkowa. Wewn\u0119trzne cz\u0119\u015bci fajki wodnej wykonane s\u0105 ze stali nierdzewnej, co nie tylko zapewnia jej du\u017c\u0105 wytrzyma\u0142o\u015b\u0107, ale tak\u017ce chroni j\u0105 przed korozj\u0105. Gwarantuje to d\u0142ugotrwa\u0142\u0105 i niezawodn\u0105 prac\u0119 fajki wodnej przez d\u0142ugi czas.<\/p>\n<p><strong>Specyfikacje:<\/strong><sub><br \/>\n<\/sub>\u015arednica wa\u0142u: 1,6 cm<sub><br \/>\n<\/sub>Wysoko\u015b\u0107: 55 cm<br \/>\nDyfuzor: tak (lekki przeci\u0105g)<br \/>\nDyfuzor: wyjmowany (istnieje mo\u017cliwo\u015b\u0107 wykonania ci\u0119\u017ckiego, klasycznego wyci\u0105gu)<sub><br \/>\n<\/sub>Materia\u0142: Stal nierdzewna<br \/>\nKraj pochodzenia: Ukraina<\/p>\n<p><strong>Zestaw zawiera: fajk\u0119 wodn\u0105, ustnik, w\u0105\u017c.<\/strong><\/p>\n<p>Czy masz jakie\u015b pytania? Skontaktuj si\u0119 z nami\u00a0<a href=\"https:\/\/hookahshop.lt\/pl\/lacznosc\/\">strona z kontaktami<\/a>\u00a0lub napisz do nas na adres\u00a0<a href=\"https:\/\/facebook.com\/HookahShop.lt\/\" target=\"_blank\" rel=\"noopener\">konto na Facebooku<\/a>\u00a0a my odpowiemy na Twoj\u0105 pro\u015bb\u0119 tego samego dnia.<\/p>","protected":false},"excerpt":{"rendered":"<p>Hookah AROMA HOOKAH Lima Brown Ka\u017cdy szczeg\u00f3\u0142 tej fajki wodnej zosta\u0142 zaprojektowany tak, aby zapewni\u0107 najlepsze wra\u017cenia. Trzonek fajki wodnej wykonany jest ze stali nierdzewnej z wk\u0142adk\u0105 z naturalnego drewna, co nadaje mu wyj\u0105tkowy wygl\u0105d. Drewno jest specjalnie obrabiane, aby zachowa\u0107 jego naturalne pi\u0119kno. Ka\u017cdy trzon ma unikalny wz\u00f3r, dzi\u0119ki czemu ka\u017cda fajka wodna Aroma jest wyj\u0105tkowa. Wewn\u0119trzne cz\u0119\u015bci fajki wodnej wykonane s\u0105 ze stali nierdzewnej [\u2026]<\/p>","protected":false},"featured_media":41626,"comment_status":"open","ping_status":"closed","template":"","meta":[],"_links":{"self":[{"href":"https:\/\/hookahshop.lt\/pl\/wp-json\/wp\/v2\/product\/41548"}],"collection":[{"href":"https:\/\/hookahshop.lt\/pl\/wp-json\/wp\/v2\/product"}],"about":[{"href":"https:\/\/hookahshop.lt\/pl\/wp-json\/wp\/v2\/types\/product"}],"replies":[{"embeddable":true,"href":"https:\/\/hookahshop.lt\/pl\/wp-json\/wp\/v2\/comments?post=41548"}],"version-history":[{"count":6,"href":"https:\/\/hookahshop.lt\/pl\/wp-json\/wp\/v2\/product\/41548\/revisions"}],"predecessor-version":[{"id":42497,"href":"https:\/\/hookahshop.lt\/pl\/wp-json\/wp\/v2\/product\/41548\/revisions\/42497"}],"wp:featuredmedia":[{"embeddable":true,"href":"https:\/\/hookahshop.lt\/pl\/wp-json\/wp\/v2\/media\/41626"}],"wp:attachment":[{"href":"https:\/\/hookahshop.lt\/pl\/wp-json\/wp\/v2\/media?parent=41548"}],"curies":[{"name":"wp","href":"https:\/\/api.w.org\/{rel}","templated":true}]}}