{"id":41556,"date":"2025-03-15T19:39:04","date_gmt":"2025-03-15T17:39:04","guid":{"rendered":"https:\/\/hookahshop.lt\/?post_type=product&#038;p=41556"},"modified":"2026-04-15T23:29:39","modified_gmt":"2026-04-15T20:29:39","slug":"kaljanas-aroma-hookah-golf-black","status":"publish","type":"product","link":"https:\/\/hookahshop.lt\/pl\/produkt\/fajka-wodna-zapach-fajka-wodna-golf-czarny\/","title":{"rendered":"Shisha AROMA SHIHA Golf Czarna"},"content":{"rendered":"<h2>Shisha AROMA SHIHA Golf Czarna<\/h2>\n<p>Posiada solidn\u0105 podstaw\u0119 i pow\u0142ok\u0119 poliketalow\u0105, co zapewnia jej stabilno\u015b\u0107 i trwa\u0142o\u015b\u0107. Wewn\u0119trzne cz\u0119\u015bci fajki wodnej wykonane s\u0105 ze stali nierdzewnej, co nie tylko zapewnia jej du\u017c\u0105 wytrzyma\u0142o\u015b\u0107, ale tak\u017ce chroni j\u0105 przed korozj\u0105.<\/p>\n<p><strong>Specyfikacje:<\/strong><sub><br \/>\n<\/sub>\u015arednica wa\u0142u: 1,6 cm<sub><br \/>\n<\/sub>Wysoko\u015b\u0107: 57 cm<br \/>\nDyfuzor: tak (lekki przeci\u0105g)<br \/>\nDyfuzor: wyjmowany (istnieje mo\u017cliwo\u015b\u0107 wykonania ci\u0119\u017ckiego, klasycznego wyci\u0105gu)<sub><br \/>\n<\/sub>Materia\u0142: Stal nierdzewna<br \/>\nKraj pochodzenia: Ukraina<\/p>\n<p><strong>Zestaw zawiera: fajk\u0119 wodn\u0105, ustnik, w\u0105\u017c.<br \/>\n<img decoding=\"async\" loading=\"lazy\" class=\"alignnone size-medium wp-image-38521\" src=\"https:\/\/hookahshop.lt\/wp-content\/uploads\/2020\/09\/stiebas-zarna-kandiklis-1-300x273.jpg\" alt=\"- hookahshop.lt\" width=\"300\" height=\"273\" srcset=\"https:\/\/hookahshop.lt\/wp-content\/uploads\/2020\/09\/stiebas-zarna-kandiklis-1-300x273.jpg 300w, https:\/\/hookahshop.lt\/wp-content\/uploads\/2020\/09\/stiebas-zarna-kandiklis-1-13x12.jpg 13w, https:\/\/hookahshop.lt\/wp-content\/uploads\/2020\/09\/stiebas-zarna-kandiklis-1-64x58.jpg 64w, https:\/\/hookahshop.lt\/wp-content\/uploads\/2020\/09\/stiebas-zarna-kandiklis-1.jpg 420w\" sizes=\"(max-width: 300px) 100vw, 300px\" title=\"\"><br \/>\n<\/strong><\/p>\n<p>Czy masz jakie\u015b pytania? Skontaktuj si\u0119 z nami\u00a0<a href=\"https:\/\/hookahshop.lt\/pl\/lacznosc\/\">strona z kontaktami<\/a>\u00a0lub napisz do nas na adres\u00a0<a href=\"https:\/\/facebook.com\/HookahShop.lt\/\" target=\"_blank\" rel=\"noopener\">konto na Facebooku<\/a>\u00a0a my odpowiemy na Twoj\u0105 pro\u015bb\u0119 tego samego dnia.<\/p>","protected":false},"excerpt":{"rendered":"<p>Hookah AROMA HOOKAH Golf Black Posiada niezawodn\u0105 podstaw\u0119 i pow\u0142ok\u0119 poliketalow\u0105, co zapewnia jej stabilno\u015b\u0107 i trwa\u0142o\u015b\u0107. Wewn\u0119trzne cz\u0119\u015bci hookah wykonane s\u0105 ze stali nierdzewnej, co nie tylko zapewnia jej du\u017c\u0105 wytrzyma\u0142o\u015b\u0107, ale r\u00f3wnie\u017c chroni przed korozj\u0105. Specyfikacja: \u015arednica trzonu: 1,6 cm Wysoko\u015b\u0107: 57 cm Dyfuzor: tak (lekki ci\u0105g) Dyfuzor: wyjmowany (istnieje mo\u017cliwo\u015b\u0107 wykonania ci\u0119\u017ckiego-klasycznego ci\u0105gu) [\u2026]<\/p>","protected":false},"featured_media":41557,"comment_status":"open","ping_status":"closed","template":"","meta":[],"_links":{"self":[{"href":"https:\/\/hookahshop.lt\/pl\/wp-json\/wp\/v2\/product\/41556"}],"collection":[{"href":"https:\/\/hookahshop.lt\/pl\/wp-json\/wp\/v2\/product"}],"about":[{"href":"https:\/\/hookahshop.lt\/pl\/wp-json\/wp\/v2\/types\/product"}],"replies":[{"embeddable":true,"href":"https:\/\/hookahshop.lt\/pl\/wp-json\/wp\/v2\/comments?post=41556"}],"version-history":[{"count":9,"href":"https:\/\/hookahshop.lt\/pl\/wp-json\/wp\/v2\/product\/41556\/revisions"}],"predecessor-version":[{"id":45407,"href":"https:\/\/hookahshop.lt\/pl\/wp-json\/wp\/v2\/product\/41556\/revisions\/45407"}],"wp:featuredmedia":[{"embeddable":true,"href":"https:\/\/hookahshop.lt\/pl\/wp-json\/wp\/v2\/media\/41557"}],"wp:attachment":[{"href":"https:\/\/hookahshop.lt\/pl\/wp-json\/wp\/v2\/media?parent=41556"}],"curies":[{"name":"wp","href":"https:\/\/api.w.org\/{rel}","templated":true}]}}