{"id":41634,"date":"2025-03-20T13:33:56","date_gmt":"2025-03-20T11:33:56","guid":{"rendered":"https:\/\/hookahshop.lt\/?post_type=product&#038;p=41634"},"modified":"2026-04-15T23:29:39","modified_gmt":"2026-04-15T20:29:39","slug":"kaljano-anglies-laikiklis-xl-black","status":"publish","type":"product","link":"https:\/\/hookahshop.lt\/pl\/produkt\/uchwyt-na-fajke-wodna-weglowa-xl-czarny\/","title":{"rendered":"Uchwyt na w\u0119giel do shishy XL czarny"},"content":{"rendered":"<h2>Uchwyt na w\u0119giel do shishy XL czarny<\/h2>\n<p>Ma za zadanie bezpiecznie przechowywa\u0107 w\u0119giel w jednym miejscu.<\/p>\n<p><strong>Specyfikacje:<\/strong><br \/>\nWysoko\u015b\u0107: 42 cm<br \/>\n\u015arednica (talerza): ~16cm<\/p>\n<p>Czy masz jakie\u015b pytania? Skontaktuj si\u0119 z nami\u00a0<a href=\"https:\/\/hookahshop.lt\/pl\/lacznosc\/\">strona z kontaktami<\/a>\u00a0lub napisz do nas na adres\u00a0<a href=\"https:\/\/facebook.com\/HookahShop.lt\/\" target=\"_blank\" rel=\"noopener\">konto na Facebooku<\/a>\u00a0a my odpowiemy na Twoj\u0105 pro\u015bb\u0119 tego samego dnia.<\/p>","protected":false},"excerpt":{"rendered":"<p>Uchwyt na w\u0119giel do shishy XL Czarny Zaprojektowany do bezpiecznego przechowywania w\u0119gla w jednym miejscu. Specyfikacja: Wysoko\u015b\u0107: 42 cm \u015arednica (miska): ~16 cm Masz jakie\u015b pytania? Skontaktuj si\u0119 z nami na stronie kontaktowej lub napisz do nas na Facebooku, a my odpowiemy na Twoje zapytanie tego samego dnia.<\/p>","protected":false},"featured_media":41649,"comment_status":"open","ping_status":"closed","template":"","meta":[],"_links":{"self":[{"href":"https:\/\/hookahshop.lt\/pl\/wp-json\/wp\/v2\/product\/41634"}],"collection":[{"href":"https:\/\/hookahshop.lt\/pl\/wp-json\/wp\/v2\/product"}],"about":[{"href":"https:\/\/hookahshop.lt\/pl\/wp-json\/wp\/v2\/types\/product"}],"replies":[{"embeddable":true,"href":"https:\/\/hookahshop.lt\/pl\/wp-json\/wp\/v2\/comments?post=41634"}],"version-history":[{"count":4,"href":"https:\/\/hookahshop.lt\/pl\/wp-json\/wp\/v2\/product\/41634\/revisions"}],"predecessor-version":[{"id":44687,"href":"https:\/\/hookahshop.lt\/pl\/wp-json\/wp\/v2\/product\/41634\/revisions\/44687"}],"wp:featuredmedia":[{"embeddable":true,"href":"https:\/\/hookahshop.lt\/pl\/wp-json\/wp\/v2\/media\/41649"}],"wp:attachment":[{"href":"https:\/\/hookahshop.lt\/pl\/wp-json\/wp\/v2\/media?parent=41634"}],"curies":[{"name":"wp","href":"https:\/\/api.w.org\/{rel}","templated":true}]}}