{"id":41714,"date":"2025-04-04T16:45:09","date_gmt":"2025-04-04T13:45:09","guid":{"rendered":"https:\/\/hookahshop.lt\/?post_type=product&#038;p=41714"},"modified":"2026-04-18T23:29:33","modified_gmt":"2026-04-18T20:29:33","slug":"taurele-kaljanui-alpha-turk-design-pro","status":"publish","type":"product","link":"https:\/\/hookahshop.lt\/pl\/produkt\/kubek-do-sziszy-alpha-turk-design-pro\/","title":{"rendered":"Kubek do fajki wodnej ALPHA Turk Design Pro Czarny"},"content":{"rendered":"<h2>Kubek do fajki wodnej ALPHA Turk Design Pro Czarny<\/h2>\n<p>Jeszcze bardziej stylowe, jeszcze bardziej wytrzyma\u0142e, jeszcze wygodniejsze! Nowa seria TURK Design PRO charakteryzuje si\u0119 wyj\u0105tkowo pi\u0119kn\u0105, artystyczn\u0105 faktur\u0105 i jeszcze trwalszym szkliwem, odpornym nawet na nag\u0142e zmiany temperatury. Ten kubek posiada r\u00f3wnie\u017c trzonek pokryty silikonem.<sub><br \/>\n<\/sub>Pojemno\u015b\u0107 tytoniu: 18-25g (w zale\u017cno\u015bci od zastosowanego sposobu pakowania i rodzaju tytoniu).<\/p>\n<p><strong>Specyfikacja:<sub><br \/>\n<\/sub><\/strong>Wysoko\u015b\u0107: 8,5 cm<sub><br \/>\n<\/sub>\u015arednica: 7,9 cm<sub><br \/>\n<\/sub>Ilo\u015b\u0107 otwor\u00f3w: 5 szt<\/p>\n<p><strong>Charakterystyka:<sub><br \/>\n<\/sub><\/strong>Typ: turecki<sub><br \/>\n<\/sub>Materia\u0142: ceramika niemiecka, szkliwo<\/p>\n<p>Czy masz jakie\u015b pytania? Skontaktuj si\u0119 z nami\u00a0<a href=\"https:\/\/hookahshop.lt\/pl\/lacznosc\/\">strona z kontaktami<\/a>\u00a0lub napisz do nas na adres\u00a0<a href=\"https:\/\/facebook.com\/HookahShop.lt\/\" target=\"_blank\" rel=\"noopener\">konto na Facebooku<\/a>\u00a0a my odpowiemy na Twoj\u0105 pro\u015bb\u0119 tego samego dnia.<\/p>","protected":false},"excerpt":{"rendered":"<p>Kubek do fajki wodnej ALPHA Turk Design Pro Black Jeszcze bardziej stylowy, jeszcze bardziej wytrzyma\u0142y, jeszcze bardziej wygodny! Nowa seria TURK Design PRO, charakteryzuj\u0105ca si\u0119 wyj\u0105tkowo pi\u0119kn\u0105, artystyczn\u0105 faktur\u0105, jeszcze bardziej wytrzyma\u0142ym szkliwem, kt\u00f3re wytrzymuje nawet nag\u0142e zmiany temperatury. Ten kubek ma r\u00f3wnie\u017c n\u00f3\u017ck\u0119 pokryt\u0105 silikonem. Pojemno\u015b\u0107 tytoniu: 18-25g (w zale\u017cno\u015bci od sposobu pakowania i rodzaju u\u017cytego tytoniu). Specyfikacja: Wysoko\u015b\u0107: [\u2026]<\/p>","protected":false},"featured_media":41724,"comment_status":"open","ping_status":"closed","template":"","meta":[],"_links":{"self":[{"href":"https:\/\/hookahshop.lt\/pl\/wp-json\/wp\/v2\/product\/41714"}],"collection":[{"href":"https:\/\/hookahshop.lt\/pl\/wp-json\/wp\/v2\/product"}],"about":[{"href":"https:\/\/hookahshop.lt\/pl\/wp-json\/wp\/v2\/types\/product"}],"replies":[{"embeddable":true,"href":"https:\/\/hookahshop.lt\/pl\/wp-json\/wp\/v2\/comments?post=41714"}],"version-history":[{"count":6,"href":"https:\/\/hookahshop.lt\/pl\/wp-json\/wp\/v2\/product\/41714\/revisions"}],"predecessor-version":[{"id":43755,"href":"https:\/\/hookahshop.lt\/pl\/wp-json\/wp\/v2\/product\/41714\/revisions\/43755"}],"wp:featuredmedia":[{"embeddable":true,"href":"https:\/\/hookahshop.lt\/pl\/wp-json\/wp\/v2\/media\/41724"}],"wp:attachment":[{"href":"https:\/\/hookahshop.lt\/pl\/wp-json\/wp\/v2\/media?parent=41714"}],"curies":[{"name":"wp","href":"https:\/\/api.w.org\/{rel}","templated":true}]}}