{"id":41861,"date":"2025-05-15T18:38:11","date_gmt":"2025-05-15T15:38:11","guid":{"rendered":"https:\/\/hookahshop.lt\/?post_type=product&#038;p=41861"},"modified":"2026-04-19T23:30:23","modified_gmt":"2026-04-19T20:30:23","slug":"anglys-kaljanui-crown-maxflow-26mm-1kg","status":"publish","type":"product","link":"https:\/\/hookahshop.lt\/pl\/produkt\/shisha-wegiel-korona-maxflow-26mm-1kg\/","title":{"rendered":"W\u0119giel do shishy CROWN MaxFlow 26mm 1kg"},"content":{"rendered":"<h2>W\u0119giel do shishy CROWN MaxFlow 26mm 1kg<\/h2>\n<p>Nowy produkt z dziur\u0105. Otw\u00f3r wykonuje si\u0119 po to, aby w\u0119giel lepiej si\u0119 nagrzewa\u0142 i gromadzi\u0142 wi\u0119cej ciep\u0142a. W\u0119giel drzewny z otworem w \u015brodku emituje o 15% wi\u0119cej ciep\u0142a. Wykonane z naturalnej \u0142upiny kokosa. Niska zawarto\u015b\u0107 popio\u0142u, nie zmienia smaku tytoniu, ciep\u0142o utrzymuje si\u0119 oko\u0142o 1 godziny.<\/p>\n<p><strong>Specyfikacja:<\/strong><br \/>\nWymiary jednego w\u0119gla: 26x26x26mm.<br \/>\nPude\u0142ko zawiera 64 w\u0119gle.<br \/>\nAby spali\u0107 w\u0119giel, potrzebujesz elektrycznej p\u0142yty grzejnej do fajki wodnej, turystycznej kuchenki gazowej lub podobnej.<br \/>\nKraj pochodzenia: Indonezja<\/p>\n<p>Czy masz jakie\u015b pytania? Skontaktuj si\u0119 z nami\u00a0<a href=\"https:\/\/hookahshop.lt\/pl\/lacznosc\/\">strona z kontaktami<\/a>\u00a0lub napisz do nas na adres\u00a0<a href=\"https:\/\/facebook.com\/HookahShop.lt\/\" target=\"_blank\" rel=\"noopener noreferrer\">konto na Facebooku<\/a>\u00a0a my odpowiemy na Twoj\u0105 pro\u015bb\u0119 tego samego dnia.<\/p>\n<p>&nbsp;<\/p>","protected":false},"excerpt":{"rendered":"<p>W\u0119giel do fajki wodnej CROWN MaxFlow 26mm 1kg Nowo\u015b\u0107 z otworem. Otw\u00f3r jest wykonany tak, aby w\u0119giel lepiej si\u0119 nagrzewa\u0142 i akumulowa\u0142 wi\u0119cej ciep\u0142a. W\u0119giel z otworem w \u015brodku emituje o 15% wi\u0119cej ciep\u0142a. Wykonany z naturalnej skorupy kokosa. Ma\u0142o popio\u0142u, nie zmienia smaku tytoniu, ciep\u0142o utrzymuje si\u0119 oko\u0142o 1 godziny. Specyfikacja: Wymiary jednego w\u0119gla: 26x26x26mm. W pude\u0142ku znajduje si\u0119 64 w\u0119gle. Aby rozpali\u0107 w\u0119gle [\u2026]<\/p>","protected":false},"featured_media":41862,"comment_status":"open","ping_status":"closed","template":"","meta":[],"_links":{"self":[{"href":"https:\/\/hookahshop.lt\/pl\/wp-json\/wp\/v2\/product\/41861"}],"collection":[{"href":"https:\/\/hookahshop.lt\/pl\/wp-json\/wp\/v2\/product"}],"about":[{"href":"https:\/\/hookahshop.lt\/pl\/wp-json\/wp\/v2\/types\/product"}],"replies":[{"embeddable":true,"href":"https:\/\/hookahshop.lt\/pl\/wp-json\/wp\/v2\/comments?post=41861"}],"version-history":[{"count":4,"href":"https:\/\/hookahshop.lt\/pl\/wp-json\/wp\/v2\/product\/41861\/revisions"}],"predecessor-version":[{"id":44595,"href":"https:\/\/hookahshop.lt\/pl\/wp-json\/wp\/v2\/product\/41861\/revisions\/44595"}],"wp:featuredmedia":[{"embeddable":true,"href":"https:\/\/hookahshop.lt\/pl\/wp-json\/wp\/v2\/media\/41862"}],"wp:attachment":[{"href":"https:\/\/hookahshop.lt\/pl\/wp-json\/wp\/v2\/media?parent=41861"}],"curies":[{"name":"wp","href":"https:\/\/api.w.org\/{rel}","templated":true}]}}