{"id":41878,"date":"2025-05-16T13:54:04","date_gmt":"2025-05-16T10:54:04","guid":{"rendered":"https:\/\/hookahshop.lt\/?post_type=product&#038;p=41878"},"modified":"2026-04-15T23:29:39","modified_gmt":"2026-04-15T20:29:39","slug":"taurele-kaljanui-solaris-eva-white","status":"publish","type":"product","link":"https:\/\/hookahshop.lt\/pl\/produkt\/kubek-do-sziszy-solaris-eva-white\/","title":{"rendered":"Kubek do shishy SOLARIS Eva White"},"content":{"rendered":"<h2>Kubek do shishy SOLARIS Eva White<\/h2>\n<p>Kubki do shishy Solaris s\u0105 w ca\u0142o\u015bci wykonywane r\u0119cznie. Do produkcji kubk\u00f3w u\u017cywane s\u0105 wy\u0142\u0105cznie naturalne i przyjazne dla \u015brodowiska materia\u0142y. R\u00f3\u017cni si\u0119 od innych misek tym, \u017ce jest bardziej odporna na wilgo\u0107. Zastosowanie technologii mlecznej do produkcji czerwonej glinki daje ciekawy efekt zewn\u0119trzny i oryginalny design.<\/p>\n<p>Czy masz jakie\u015b pytania? Skontaktuj si\u0119 z nami\u00a0<a href=\"https:\/\/hookahshop.lt\/pl\/lacznosc\/\">strona z kontaktami<\/a>\u00a0lub napisz do nas na adres\u00a0<a href=\"https:\/\/facebook.com\/HookahShop.lt\/\" target=\"_blank\" rel=\"noopener noreferrer\">konto na Facebooku<\/a>\u00a0a my odpowiemy na Twoj\u0105 pro\u015bb\u0119 tego samego dnia.<\/p>\n<p>&nbsp;<\/p>","protected":false},"excerpt":{"rendered":"<p>Miska do fajki wodnej SOLARIS Eva White Miski do fajki wodnej \u201eSolaris\u201d s\u0105 w ca\u0142o\u015bci wykonywane r\u0119cznie. Do produkcji misek u\u017cywane s\u0105 wy\u0142\u0105cznie naturalne i przyjazne dla \u015brodowiska materia\u0142y. R\u00f3\u017cni si\u0119 od innych misek tym, \u017ce jest bardziej odporna na wilgo\u0107. Zastosowanie technologii mlecznej do czerwonej glinki daje ciekawy efekt zewn\u0119trzny, oryginalny design. Masz pytania? Skontaktuj si\u0119 z nami na stronie kontaktowej lub napisz do nas na Facebooku, a my odpowiemy na Twoje [\u2026]<\/p>","protected":false},"featured_media":41882,"comment_status":"open","ping_status":"closed","template":"","meta":[],"_links":{"self":[{"href":"https:\/\/hookahshop.lt\/pl\/wp-json\/wp\/v2\/product\/41878"}],"collection":[{"href":"https:\/\/hookahshop.lt\/pl\/wp-json\/wp\/v2\/product"}],"about":[{"href":"https:\/\/hookahshop.lt\/pl\/wp-json\/wp\/v2\/types\/product"}],"replies":[{"embeddable":true,"href":"https:\/\/hookahshop.lt\/pl\/wp-json\/wp\/v2\/comments?post=41878"}],"version-history":[{"count":2,"href":"https:\/\/hookahshop.lt\/pl\/wp-json\/wp\/v2\/product\/41878\/revisions"}],"predecessor-version":[{"id":41881,"href":"https:\/\/hookahshop.lt\/pl\/wp-json\/wp\/v2\/product\/41878\/revisions\/41881"}],"wp:featuredmedia":[{"embeddable":true,"href":"https:\/\/hookahshop.lt\/pl\/wp-json\/wp\/v2\/media\/41882"}],"wp:attachment":[{"href":"https:\/\/hookahshop.lt\/pl\/wp-json\/wp\/v2\/media?parent=41878"}],"curies":[{"name":"wp","href":"https:\/\/api.w.org\/{rel}","templated":true}]}}