{"id":41883,"date":"2025-05-16T15:48:52","date_gmt":"2025-05-16T12:48:52","guid":{"rendered":"https:\/\/hookahshop.lt\/?post_type=product&#038;p=41883"},"modified":"2026-04-15T23:29:39","modified_gmt":"2026-04-15T20:29:39","slug":"apsauginis-sietelis-kaljanui-embery-gold","status":"publish","type":"product","link":"https:\/\/hookahshop.lt\/pl\/produkt\/ekran-ochronny-do-fajki-wodnej-embery-gold\/","title":{"rendered":"Ekran ochronny do fajki wodnej EMBERY Gold"},"content":{"rendered":"<h2>Ekran ochronny do fajki wodnej EMBERY Gold<\/h2>\n<p>Z funkcj\u0105 szyby przedniej. Dolna cz\u0119\u015b\u0107 z p\u0142ytk\u0105 siatk\u0105 pozostaje otwarta i nie przegrzewa si\u0119, natomiast g\u00f3rna cz\u0119\u015b\u0107 jest bardziej zamkni\u0119ta, dzi\u0119ki czemu ciep\u0142o pozostaje w obszarze w\u0119gla, a czas palenia fajki wodnej ulega wyd\u0142u\u017ceniu.<br \/>\nSiatka wykonana jest ze stali nierdzewnej i pokryta odporn\u0105 na zu\u017cycie farb\u0105 polimerow\u0105, odporn\u0105 na dzia\u0142anie ciep\u0142a.<br \/>\nJego wysoko\u015b\u0107 sprawia, \u017ce wygodnie pasuje do wi\u0119kszo\u015bci fajek wodnych dost\u0119pnych na rynku. Zapobiega przypadkowemu spaleniu cennych przedmiot\u00f3w przez w\u0119giel drzewny podczas palenia w domu.<\/p>\n<p><strong>Specyfikacja:<\/strong><br \/>\nWysoko\u015b\u0107: 20 cm<br \/>\n\u015arednica: 10,5 cm<\/p>\n<p>&nbsp;<\/p>\n<p>Czy masz jakie\u015b pytania? Skontaktuj si\u0119 z nami\u00a0<a href=\"https:\/\/hookahshop.lt\/pl\/lacznosc\/\">strona z kontaktami<\/a>\u00a0lub napisz do nas na adres\u00a0<a href=\"https:\/\/facebook.com\/HookahShop.lt\/\" target=\"_blank\" rel=\"noopener\">konto na Facebooku<\/a>\u00a0a my odpowiemy na Twoj\u0105 pro\u015bb\u0119 tego samego dnia.<\/p>\n<p>&nbsp;<\/p>\n<p>&nbsp;<\/p>\n<p>&nbsp;<\/p>","protected":false},"excerpt":{"rendered":"<p>Ekran ochronny do fajki wodnej EMBERY Gold Z funkcj\u0105 wiatrochronu. Dolna cz\u0119\u015b\u0107 z p\u0142ytk\u0105 siatk\u0105 pozostaje otwarta i nie przegrzewa si\u0119, a g\u00f3ra jest bardziej zamkni\u0119ta, dzi\u0119ki czemu ciep\u0142o pozostanie w obszarze w\u0119gla, a czas palenia fajki wodnej zostanie wyd\u0142u\u017cony. Siatka wykonana jest ze stali nierdzewnej i pokryta odporn\u0105 na zu\u017cycie farb\u0105 polimerow\u0105, kt\u00f3ra jest odporna na nagrzewanie. Ze wzgl\u0119du na swoj\u0105 wysoko\u015b\u0107 wygodnie pasuje do wi\u0119kszo\u015bci [\u2026]<\/p>","protected":false},"featured_media":41884,"comment_status":"open","ping_status":"closed","template":"","meta":[],"_links":{"self":[{"href":"https:\/\/hookahshop.lt\/pl\/wp-json\/wp\/v2\/product\/41883"}],"collection":[{"href":"https:\/\/hookahshop.lt\/pl\/wp-json\/wp\/v2\/product"}],"about":[{"href":"https:\/\/hookahshop.lt\/pl\/wp-json\/wp\/v2\/types\/product"}],"replies":[{"embeddable":true,"href":"https:\/\/hookahshop.lt\/pl\/wp-json\/wp\/v2\/comments?post=41883"}],"version-history":[{"count":2,"href":"https:\/\/hookahshop.lt\/pl\/wp-json\/wp\/v2\/product\/41883\/revisions"}],"predecessor-version":[{"id":41887,"href":"https:\/\/hookahshop.lt\/pl\/wp-json\/wp\/v2\/product\/41883\/revisions\/41887"}],"wp:featuredmedia":[{"embeddable":true,"href":"https:\/\/hookahshop.lt\/pl\/wp-json\/wp\/v2\/media\/41884"}],"wp:attachment":[{"href":"https:\/\/hookahshop.lt\/pl\/wp-json\/wp\/v2\/media?parent=41883"}],"curies":[{"name":"wp","href":"https:\/\/api.w.org\/{rel}","templated":true}]}}